{"id":1009,"date":"2025-08-24T16:37:30","date_gmt":"2025-08-24T14:37:30","guid":{"rendered":"https:\/\/vozolpuff.de\/?post_type=product&#038;p=1009"},"modified":"2026-01-15T11:50:45","modified_gmt":"2026-01-15T10:50:45","slug":"vozol-rave-40000-dragon-banana-strawberry","status":"publish","type":"product","link":"https:\/\/vozolpuff.de\/es\/producto\/vozol-rave-40000-dragon-banana-strawberry\/","title":{"rendered":"Vozol Rave 40000 Dragon Pl\u00e1tano Fresa"},"content":{"rendered":"<h2 class=\"text-xl font-bold text-text-100 mt-1 -mb-0.5\">Vozol Rave 40000 Dragon Banana Strawberry Vape desechable<\/h2>\n<p class=\"whitespace-normal break-words\">VOZOL RAVE 40000 Dragon Banana Strawberry combina la ex\u00f3tica fruta del drag\u00f3n con cremoso pl\u00e1tano y dulce fresa. Esta extraordinaria composici\u00f3n de tres frutas ofrece una experiencia de vapeo compleja y multifac\u00e9tica. El inteligente sistema de pantalla con reconocimiento de ritmos convierte cada calada en un momento interactivo.<\/p>\n<h3 class=\"text-lg font-bold text-text-100 mt-1 -mb-1.5\">Especificaciones de la versi\u00f3n Dragon Banana Strawberry:<\/h3>\n<p class=\"whitespace-normal break-words\"><strong>Contenido de e-l\u00edquido:<\/strong> 20 ml de f\u00f3rmula ex\u00f3tica con tres frutas<br \/>\n<strong>Almacenamiento de energ\u00eda:<\/strong> Bater\u00eda de alta capacidad de 1000 mAh con tipo C<br \/>\n<strong>Vida \u00fatil:<\/strong> M\u00e1ximo 40 000 inhalaciones (modo suave) | 25 000 (modo potente)<br \/>\n<strong>Contenido de nicotina:<\/strong> 5% (50 mg) para un efecto intenso<br \/>\n<strong>Unidad de vaporizaci\u00f3n:<\/strong> Matriz de bobinas de malla de alta gama<br \/>\n<strong>Sistema de ventilaci\u00f3n:<\/strong> Ajuste preciso del flujo de aire<br \/>\n<strong>Pantalla de supervisi\u00f3n:<\/strong> Estado de la bater\u00eda y del dep\u00f3sito en tiempo real<br \/>\n<strong>Conjunto de sensores:<\/strong> Detecci\u00f3n de movimiento de 270\u00b0 con salida gr\u00e1fica<br \/>\n<strong>Modos de funcionamiento:<\/strong> Potencia variable<br \/>\n<strong>Microcontrolador:<\/strong> Plataforma tecnol\u00f3gica S.i.L.C con doble MCU<\/p>\n<h3 class=\"text-lg font-bold text-text-100 mt-1 -mb-1.5\">Descubre m\u00e1s VOZOL VAPE en vozolpuff<\/h3>\n<p class=\"whitespace-normal break-words\">Descubra m\u00e1s cigarrillos electr\u00f3nicos premium en nuestra <strong><a class=\"underline\" href=\"https:\/\/vozolpuff.de\/es\/\">P\u00e1gina de inicio<\/a><\/strong>Explore toda la <strong><a class=\"underline\" href=\"https:\/\/vozolpuff.de\/es\/product-category\/vozol-vape\/\">Colecci\u00f3n VOZOL VAPE<\/a><\/strong> o navegar por todos los <strong><a class=\"underline\" href=\"https:\/\/vozolpuff.de\/es\/product-category\/vozol-vape\/vozol-rave-40000\/\">Vozol Rave 40000 sabores<\/a><\/strong>.<\/p>","protected":false},"excerpt":{"rendered":"<p>El vaporizador desechable VOZOL RAVE 40000 Dragon Banana Strawberry combina la ex\u00f3tica fruta del drag\u00f3n, el cremoso pl\u00e1tano y la dulce fresa en una extraordinaria composici\u00f3n de tres frutas. Con hasta 40 000 caladas, pantalla inteligente con reconocimiento de ritmos, bater\u00eda de 1000 mAh y bobinas de malla de alta gama.<\/p>","protected":false},"featured_media":1011,"comment_status":"open","ping_status":"closed","template":"","meta":{"_acf_changed":false},"product_brand":[],"product_cat":[32],"product_tag":[],"class_list":{"0":"post-1009","1":"product","2":"type-product","3":"status-publish","4":"has-post-thumbnail","6":"product_cat-vozol-rave-40000","8":"first","9":"instock","10":"shipping-taxable","11":"purchasable","12":"product-type-variable"},"acf":[],"_links":{"self":[{"href":"https:\/\/vozolpuff.de\/es\/wp-json\/wp\/v2\/product\/1009","targetHints":{"allow":["GET"]}}],"collection":[{"href":"https:\/\/vozolpuff.de\/es\/wp-json\/wp\/v2\/product"}],"about":[{"href":"https:\/\/vozolpuff.de\/es\/wp-json\/wp\/v2\/types\/product"}],"replies":[{"embeddable":true,"href":"https:\/\/vozolpuff.de\/es\/wp-json\/wp\/v2\/comments?post=1009"}],"wp:featuredmedia":[{"embeddable":true,"href":"https:\/\/vozolpuff.de\/es\/wp-json\/wp\/v2\/media\/1011"}],"wp:attachment":[{"href":"https:\/\/vozolpuff.de\/es\/wp-json\/wp\/v2\/media?parent=1009"}],"wp:term":[{"taxonomy":"product_brand","embeddable":true,"href":"https:\/\/vozolpuff.de\/es\/wp-json\/wp\/v2\/product_brand?post=1009"},{"taxonomy":"product_cat","embeddable":true,"href":"https:\/\/vozolpuff.de\/es\/wp-json\/wp\/v2\/product_cat?post=1009"},{"taxonomy":"product_tag","embeddable":true,"href":"https:\/\/vozolpuff.de\/es\/wp-json\/wp\/v2\/product_tag?post=1009"}],"curies":[{"name":"wp","href":"https:\/\/api.w.org\/{rel}","templated":true}]}}