{"id":1014,"date":"2025-08-24T16:40:01","date_gmt":"2025-08-24T14:40:01","guid":{"rendered":"https:\/\/vozolpuff.de\/?post_type=product&#038;p=1014"},"modified":"2026-01-15T11:50:34","modified_gmt":"2026-01-15T10:50:34","slug":"vozol-rave-40000-blackberry-ice","status":"publish","type":"product","link":"https:\/\/vozolpuff.de\/es\/producto\/vozol-rave-40000-blackberry-ice\/","title":{"rendered":"Vozol Rave 40000 Blackberry Ice"},"content":{"rendered":"<h2 class=\"text-xl font-bold text-text-100 mt-1 -mb-0.5\">Vaporizador desechable Vozol Rave 40000 Blackberry Ice<\/h2>\n<p class=\"whitespace-normal break-words\">Experimente el equilibrio perfecto de jugosas moras y refrescante frescor con VOZOL RAVE 40000 Blackberry Ice. Las bayas oscuras se encuentran con un suave efecto refrescante para un final refrescante. Con hasta 40.000 caladas y la innovadora pantalla de 270\u00b0, este vapeador desechable ofrece un placer fresco y duradero.<\/p>\n<h3 class=\"text-lg font-bold text-text-100 mt-1 -mb-1.5\">Caracter\u00edsticas de la variante Blackberry Ice:<\/h3>\n<p class=\"whitespace-normal break-words\"><strong>Volumen del dep\u00f3sito:<\/strong> 20 ml de receta fr\u00eda de moras<br \/>\n<strong>Fuente de alimentaci\u00f3n:<\/strong> Bater\u00eda de carga r\u00e1pida de 1000 mAh mediante USB-C<br \/>\n<strong>Contador Puff:<\/strong> Hasta 40.000 movimientos (ajuste Eco) | 25.000 (ajuste Boost)<br \/>\n<strong>Contenido de nicotina:<\/strong> 5% (50 mg) para un efecto rotundo<br \/>\n<strong>Componente de calefacci\u00f3n:<\/strong> Bobina de malla para sabores aut\u00e9nticos con una nota refrescante<br \/>\n<strong>Gesti\u00f3n del flujo de aire:<\/strong> Ventilaci\u00f3n regulable<br \/>\n<strong>Panel de control:<\/strong> Sistema de retroalimentaci\u00f3n digital<br \/>\n<strong>Pantalla din\u00e1mica:<\/strong> Sensor de 270\u00b0 con visualizaci\u00f3n interactiva<br \/>\n<strong>Ajustes de rendimiento:<\/strong> Doble control de intensidad<br \/>\n<strong>Chips l\u00f3gicos:<\/strong> Arquitectura MCU dual de S.i.L.C Tech<\/p>\n<h3 class=\"text-lg font-bold text-text-100 mt-1 -mb-1.5\">Descubre m\u00e1s VOZOL VAPE en vozolpuff<\/h3>\n<p class=\"whitespace-normal break-words\">Descubra m\u00e1s cigarrillos electr\u00f3nicos premium en nuestra <strong><a class=\"underline\" href=\"https:\/\/vozolpuff.de\/es\/\">P\u00e1gina de inicio<\/a><\/strong>Explore toda la <strong><a class=\"underline\" href=\"https:\/\/vozolpuff.de\/es\/product-category\/vozol-vape\/\">Colecci\u00f3n VOZOL VAPE<\/a><\/strong> o navegar por todos los <strong><a class=\"underline\" href=\"https:\/\/vozolpuff.de\/es\/product-category\/vozol-vape\/vozol-rave-40000\/\">Vozol Rave 40000 sabores<\/a><\/strong>.<\/p>","protected":false},"excerpt":{"rendered":"<p>El vapeador desechable VOZOL RAVE 40000 Blackberry Ice combina jugosas moras con un refrescante frescor para crear una experiencia de sabor perfectamente equilibrada. Con hasta 40.000 caladas, innovadora pantalla de 270\u00b0, bater\u00eda de carga r\u00e1pida de 1000mAh y tecnolog\u00eda de bobina de malla para un placer fresco y duradero.<\/p>","protected":false},"featured_media":1016,"comment_status":"open","ping_status":"closed","template":"","meta":{"_acf_changed":false},"product_brand":[],"product_cat":[32],"product_tag":[],"class_list":{"0":"post-1014","1":"product","2":"type-product","3":"status-publish","4":"has-post-thumbnail","6":"product_cat-vozol-rave-40000","8":"first","9":"instock","10":"shipping-taxable","11":"purchasable","12":"product-type-variable"},"acf":[],"_links":{"self":[{"href":"https:\/\/vozolpuff.de\/es\/wp-json\/wp\/v2\/product\/1014","targetHints":{"allow":["GET"]}}],"collection":[{"href":"https:\/\/vozolpuff.de\/es\/wp-json\/wp\/v2\/product"}],"about":[{"href":"https:\/\/vozolpuff.de\/es\/wp-json\/wp\/v2\/types\/product"}],"replies":[{"embeddable":true,"href":"https:\/\/vozolpuff.de\/es\/wp-json\/wp\/v2\/comments?post=1014"}],"wp:featuredmedia":[{"embeddable":true,"href":"https:\/\/vozolpuff.de\/es\/wp-json\/wp\/v2\/media\/1016"}],"wp:attachment":[{"href":"https:\/\/vozolpuff.de\/es\/wp-json\/wp\/v2\/media?parent=1014"}],"wp:term":[{"taxonomy":"product_brand","embeddable":true,"href":"https:\/\/vozolpuff.de\/es\/wp-json\/wp\/v2\/product_brand?post=1014"},{"taxonomy":"product_cat","embeddable":true,"href":"https:\/\/vozolpuff.de\/es\/wp-json\/wp\/v2\/product_cat?post=1014"},{"taxonomy":"product_tag","embeddable":true,"href":"https:\/\/vozolpuff.de\/es\/wp-json\/wp\/v2\/product_tag?post=1014"}],"curies":[{"name":"wp","href":"https:\/\/api.w.org\/{rel}","templated":true}]}}