{"id":1019,"date":"2025-08-24T16:42:29","date_gmt":"2025-08-24T14:42:29","guid":{"rendered":"https:\/\/vozolpuff.de\/?post_type=product&#038;p=1019"},"modified":"2026-01-15T11:50:20","modified_gmt":"2026-01-15T10:50:20","slug":"vozol-rave-40000-kiwi-passion-fruit-guava","status":"publish","type":"product","link":"https:\/\/vozolpuff.de\/es\/producto\/vozol-rave-40000-kiwi-passion-fruit-guava\/","title":{"rendered":"Vozol Rave 40000 Kiwi Maracuy\u00e1 Guayaba"},"content":{"rendered":"<h2 class=\"text-xl font-bold text-text-100 mt-1 -mb-0.5\">Vozol Rave 40000 Kiwi, maracuy\u00e1 y guayaba Vape desechable<\/h2>\n<p class=\"whitespace-normal break-words\">Sum\u00e9rgete en el mundo tropical de VOZOL RAVE 40000 Kiwi Passion Fruit Guava. Esta exquisita combinaci\u00f3n de tres sabores, kiwi \u00e1cido, maracuy\u00e1 arom\u00e1tica y guayaba dulce, crea una experiencia de sabor extraordinariamente compleja. La futurista pantalla curva 3D subraya la calidad superior de este dispositivo desechable.<\/p>\n<h3 class=\"text-lg font-bold text-text-100 mt-1 -mb-1.5\">Caracter\u00edsticas de la edici\u00f3n Kiwi Passion Fruit Guava:<\/h3>\n<p class=\"whitespace-normal break-words\"><strong>Dep\u00f3sito de l\u00edquido:<\/strong> 20 ml de sinfon\u00eda tropical de tres frutas<br \/>\n<strong>Fuente de alimentaci\u00f3n:<\/strong> Bater\u00eda de alto rendimiento de 1000 mAh con interfaz tipo C.<br \/>\n<strong>Capacidad de uso:<\/strong> Aproximadamente 40 000 impulsos de vapor (normal) | 25 000 (turbo)<br \/>\n<strong>Concentraci\u00f3n de nicotina:<\/strong> 5% (50 mg) para un potente impacto en la garganta<br \/>\n<strong>Sistema vaporizador:<\/strong> Tecnolog\u00eda Advanced Mesh para un sabor aut\u00e9ntico<br \/>\n<strong>Control del aire:<\/strong> Ajuste continuo de la resistencia al tracci\u00f3n<br \/>\n<strong>Pantalla de informaci\u00f3n:<\/strong> Monitorizaci\u00f3n en tiempo real de la potencia y el nivel de llenado<br \/>\n<strong>Detecci\u00f3n de ritmo:<\/strong> Detecci\u00f3n de 270\u00b0 con gr\u00e1ficos din\u00e1micos<br \/>\n<strong>Cambio de moda:<\/strong> Regulaci\u00f3n de potencia en dos etapas<br \/>\n<strong>Tecnolog\u00eda de CPU:<\/strong> Sistema Dual MCU con desarrollo S.i.L.C.<\/p>\n<h3 class=\"text-lg font-bold text-text-100 mt-1 -mb-1.5\">Descubre m\u00e1s VOZOL VAPE en vozolpuff<\/h3>\n<p class=\"whitespace-normal break-words\">Descubra m\u00e1s cigarrillos electr\u00f3nicos premium en nuestra <strong><a class=\"underline\" href=\"https:\/\/vozolpuff.de\/es\/\">P\u00e1gina de inicio<\/a><\/strong>Explore toda la <strong><a class=\"underline\" href=\"https:\/\/vozolpuff.de\/es\/product-category\/vozol-vape\/\">Colecci\u00f3n VOZOL VAPE<\/a><\/strong> o navegar por todos los <strong><a class=\"underline\" href=\"https:\/\/vozolpuff.de\/es\/product-category\/vozol-vape\/vozol-rave-40000\/\">Vozol Rave 40000 sabores<\/a><\/strong>.<\/p>","protected":false},"excerpt":{"rendered":"<p>El vaporizador desechable VOZOL RAVE 40000 Kiwi Passion Fruit Guava combina el kiwi \u00e1cido, la arom\u00e1tica fruta de la pasi\u00f3n y la dulce guayaba en una exquisita sinfon\u00eda tropical a tres voces. Con hasta 40 000 caladas, pantalla curva 3D futurista, bater\u00eda de 1000 mAh y tecnolog\u00eda Advanced Mesh.<\/p>","protected":false},"featured_media":1021,"comment_status":"open","ping_status":"closed","template":"","meta":{"_acf_changed":false},"product_brand":[],"product_cat":[32],"product_tag":[],"class_list":{"0":"post-1019","1":"product","2":"type-product","3":"status-publish","4":"has-post-thumbnail","6":"product_cat-vozol-rave-40000","8":"first","9":"instock","10":"shipping-taxable","11":"purchasable","12":"product-type-variable"},"acf":[],"_links":{"self":[{"href":"https:\/\/vozolpuff.de\/es\/wp-json\/wp\/v2\/product\/1019","targetHints":{"allow":["GET"]}}],"collection":[{"href":"https:\/\/vozolpuff.de\/es\/wp-json\/wp\/v2\/product"}],"about":[{"href":"https:\/\/vozolpuff.de\/es\/wp-json\/wp\/v2\/types\/product"}],"replies":[{"embeddable":true,"href":"https:\/\/vozolpuff.de\/es\/wp-json\/wp\/v2\/comments?post=1019"}],"wp:featuredmedia":[{"embeddable":true,"href":"https:\/\/vozolpuff.de\/es\/wp-json\/wp\/v2\/media\/1021"}],"wp:attachment":[{"href":"https:\/\/vozolpuff.de\/es\/wp-json\/wp\/v2\/media?parent=1019"}],"wp:term":[{"taxonomy":"product_brand","embeddable":true,"href":"https:\/\/vozolpuff.de\/es\/wp-json\/wp\/v2\/product_brand?post=1019"},{"taxonomy":"product_cat","embeddable":true,"href":"https:\/\/vozolpuff.de\/es\/wp-json\/wp\/v2\/product_cat?post=1019"},{"taxonomy":"product_tag","embeddable":true,"href":"https:\/\/vozolpuff.de\/es\/wp-json\/wp\/v2\/product_tag?post=1019"}],"curies":[{"name":"wp","href":"https:\/\/api.w.org\/{rel}","templated":true}]}}