{"id":1024,"date":"2025-08-24T16:45:11","date_gmt":"2025-08-24T14:45:11","guid":{"rendered":"https:\/\/vozolpuff.de\/?post_type=product&#038;p=1024"},"modified":"2026-01-15T11:50:08","modified_gmt":"2026-01-15T10:50:08","slug":"vozol-rave-40000-arabic-coffee","status":"publish","type":"product","link":"https:\/\/vozolpuff.de\/es\/producto\/vozol-rave-40000-arabic-coffee\/","title":{"rendered":"Vozol Rave 40000 Caf\u00e9 Ar\u00e1bica"},"content":{"rendered":"<h2 class=\"text-xl font-bold text-text-100 mt-1 -mb-0.5\">Vapeador desechable Vozol Rave 40000 Arabic Coffee<\/h2>\n<p class=\"whitespace-normal break-words\">Disfrute del aut\u00e9ntico sabor del caf\u00e9 \u00e1rabe con el VOZOL RAVE 40000 Caf\u00e9 \u00c1rabe. Este extraordinario sabor trae las ricas notas tostadas del tradicional caf\u00e9 \u00e1rabe directamente a tu sesi\u00f3n de vapeo. Con la innovadora tecnolog\u00eda beat-sensing, cada calada se convierte en una experiencia arom\u00e1tica como en una cafeter\u00eda oriental.<\/p>\n<h3 class=\"text-lg font-bold text-text-100 mt-1 -mb-1.5\">Caracter\u00edsticas t\u00e9cnicas de la versi\u00f3n \u00e1rabe del caf\u00e9:<\/h3>\n<p class=\"whitespace-normal break-words\"><strong>Volumen de e-jugo:<\/strong> 20 ml de aut\u00e9ntica esencia de caf\u00e9<br \/>\n<strong>M\u00f3dulo de bater\u00eda:<\/strong> Bater\u00eda de larga duraci\u00f3n de 1000 mAh con conexi\u00f3n USB-C<br \/>\n<strong>Rango de vapor:<\/strong> M\u00e1ximo 40.000 inhalaciones (modo leve) | 25.000 (modo intenso)<br \/>\n<strong>Dosis de nicotina:<\/strong> 5% (50 mg) para disfrutar con cuerpo<br \/>\n<strong>Sistema de calefacci\u00f3n:<\/strong> Bobinas de malla de precisi\u00f3n para retener el sabor del caf\u00e9<br \/>\n<strong>Dise\u00f1o del flujo de aire:<\/strong> Conducto de aire ajustable<br \/>\n<strong>Pantalla de estado:<\/strong> Pantalla digital para el estado del dispositivo<br \/>\n<strong>Visualizaci\u00f3n del movimiento:<\/strong> Tecnolog\u00eda de sensor de 270\u00b0 con efectos visuales<br \/>\n<strong>Control de potencia:<\/strong> Control de funcionamiento de dos niveles<br \/>\n<strong>Procesador-N\u00facleo:<\/strong> Doble base tecnol\u00f3gica MCU S.i.L.C<\/p>\n<h3 class=\"text-lg font-bold text-text-100 mt-1 -mb-1.5\">Descubre m\u00e1s VOZOL VAPE en vozolpuff<\/h3>\n<p class=\"whitespace-normal break-words\">Descubra m\u00e1s cigarrillos electr\u00f3nicos premium en nuestra <strong><a class=\"underline\" href=\"https:\/\/vozolpuff.de\/es\/\">P\u00e1gina de inicio<\/a><\/strong>Explore toda la <strong><a class=\"underline\" href=\"https:\/\/vozolpuff.de\/es\/product-category\/vozol-vape\/\">Colecci\u00f3n VOZOL VAPE<\/a><\/strong> o navegar por todos los <strong><a class=\"underline\" href=\"https:\/\/vozolpuff.de\/es\/product-category\/vozol-vape\/vozol-rave-40000\/\">Vozol Rave 40000 sabores<\/a><\/strong>.<\/p>","protected":false},"excerpt":{"rendered":"<p>El vapeador desechable VOZOL RAVE 40000 Arabic Coffee trae aut\u00e9nticos sabores de caf\u00e9 \u00e1rabe con notas ricas y tostadas directamente a tu sesi\u00f3n de vapeo. Con hasta 40.000 caladas, innovadora tecnolog\u00eda de detecci\u00f3n de ritmo, bater\u00eda de 1000mAh y bobinas de malla de precisi\u00f3n para una experiencia de cafeter\u00eda oriental.<\/p>","protected":false},"featured_media":1026,"comment_status":"open","ping_status":"closed","template":"","meta":{"_acf_changed":false},"product_brand":[],"product_cat":[32],"product_tag":[],"class_list":{"0":"post-1024","1":"product","2":"type-product","3":"status-publish","4":"has-post-thumbnail","6":"product_cat-vozol-rave-40000","8":"first","9":"instock","10":"shipping-taxable","11":"purchasable","12":"product-type-variable"},"acf":[],"_links":{"self":[{"href":"https:\/\/vozolpuff.de\/es\/wp-json\/wp\/v2\/product\/1024","targetHints":{"allow":["GET"]}}],"collection":[{"href":"https:\/\/vozolpuff.de\/es\/wp-json\/wp\/v2\/product"}],"about":[{"href":"https:\/\/vozolpuff.de\/es\/wp-json\/wp\/v2\/types\/product"}],"replies":[{"embeddable":true,"href":"https:\/\/vozolpuff.de\/es\/wp-json\/wp\/v2\/comments?post=1024"}],"wp:featuredmedia":[{"embeddable":true,"href":"https:\/\/vozolpuff.de\/es\/wp-json\/wp\/v2\/media\/1026"}],"wp:attachment":[{"href":"https:\/\/vozolpuff.de\/es\/wp-json\/wp\/v2\/media?parent=1024"}],"wp:term":[{"taxonomy":"product_brand","embeddable":true,"href":"https:\/\/vozolpuff.de\/es\/wp-json\/wp\/v2\/product_brand?post=1024"},{"taxonomy":"product_cat","embeddable":true,"href":"https:\/\/vozolpuff.de\/es\/wp-json\/wp\/v2\/product_cat?post=1024"},{"taxonomy":"product_tag","embeddable":true,"href":"https:\/\/vozolpuff.de\/es\/wp-json\/wp\/v2\/product_tag?post=1024"}],"curies":[{"name":"wp","href":"https:\/\/api.w.org\/{rel}","templated":true}]}}