{"id":1029,"date":"2025-08-24T16:47:35","date_gmt":"2025-08-24T14:47:35","guid":{"rendered":"https:\/\/vozolpuff.de\/?post_type=product&#038;p=1029"},"modified":"2026-01-15T11:49:54","modified_gmt":"2026-01-15T10:49:54","slug":"vozol-rave-40000-melon-bubblegum","status":"publish","type":"product","link":"https:\/\/vozolpuff.de\/es\/producto\/vozol-rave-40000-melon-bubblegum\/","title":{"rendered":"Vozol Rave 40000 Mel\u00f3n Chicle"},"content":{"rendered":"<h2 class=\"text-xl font-bold text-text-100 mt-1 -mb-0.5\">Vozol Rave 40000 Melon Bubblegum Vape desechable<\/h2>\n<p class=\"whitespace-normal break-words\">Disfruta de la divertida combinaci\u00f3n del jugoso mel\u00f3n y el nost\u00e1lgico sabor a chicle con VOZOL RAVE 40000 Melon Bubblegum. Esta creativa creaci\u00f3n de sabores combina la frescura de los melones maduros con el dulce recuerdo de la infancia. La pantalla 3D interactiva convierte cada calada en una experiencia llena de color.<\/p>\n<h3 class=\"text-lg font-bold text-text-100 mt-1 -mb-1.5\">Especificaciones de la variante Melon Bubblegum:<\/h3>\n<p class=\"whitespace-normal break-words\"><strong>Capacidad del dep\u00f3sito:<\/strong> 20 ml de mezcla dulce de mel\u00f3n y chicle<br \/>\n<strong>Paquete energ\u00e9tico:<\/strong> Fuente de alimentaci\u00f3n recargable de 1000 mAh<br \/>\n<strong>Rendimiento del puff:<\/strong> Aproximadamente 40 000 caladas (modo est\u00e1ndar) | 25 000 (modo de alta potencia)<br \/>\n<strong>Potencia de nicotina:<\/strong> 5% (50 mg) para una intensidad de sabor distintiva<br \/>\n<strong>Tecnolog\u00eda de bobinas:<\/strong> Evaporador de malla para una reproducci\u00f3n dulce de los aromas<br \/>\n<strong>Sistema de ventilaci\u00f3n:<\/strong> Control variable del flujo de aire<br \/>\n<strong>Tecnolog\u00eda de monitores:<\/strong> Pantalla en tiempo real para la bater\u00eda y el nivel de l\u00edquido<br \/>\n<strong>Sensor interactivo:<\/strong> Reconocimiento de ritmos de 270\u00b0 con retroalimentaci\u00f3n en directo<br \/>\n<strong>Modos de funcionamiento:<\/strong> Gesti\u00f3n de energ\u00eda doble<br \/>\n<strong>Unidad de control:<\/strong> Chips MCU duales con innovaci\u00f3n S.i.L.C.<\/p>\n<h3 class=\"text-lg font-bold text-text-100 mt-1 -mb-1.5\">Descubre m\u00e1s VOZOL VAPE en vozolpuff<\/h3>\n<p class=\"whitespace-normal break-words\">Descubra m\u00e1s cigarrillos electr\u00f3nicos premium en nuestra <strong><a class=\"underline\" href=\"https:\/\/vozolpuff.de\/es\/\">P\u00e1gina de inicio<\/a><\/strong>Explore toda la <strong><a class=\"underline\" href=\"https:\/\/vozolpuff.de\/es\/product-category\/vozol-vape\/\">Colecci\u00f3n VOZOL VAPE<\/a><\/strong> o navegar por todos los <strong><a class=\"underline\" href=\"https:\/\/vozolpuff.de\/es\/product-category\/vozol-vape\/vozol-rave-40000\/\">Vozol Rave 40000 sabores<\/a><\/strong>.<\/p>","protected":false},"excerpt":{"rendered":"<p>El vaporizador desechable VOZOL RAVE 40000 Melon Bubblegum combina el jugoso mel\u00f3n con el nost\u00e1lgico sabor del chicle para crear una divertida combinaci\u00f3n de sabores llena de recuerdos de la infancia. Con hasta 40 000 caladas, pantalla 3D interactiva, bater\u00eda de 1000 mAh y vaporizador de malla para una reproducci\u00f3n dulce de los aromas.<\/p>","protected":false},"featured_media":1031,"comment_status":"open","ping_status":"closed","template":"","meta":{"_acf_changed":false},"product_brand":[],"product_cat":[32],"product_tag":[],"class_list":{"0":"post-1029","1":"product","2":"type-product","3":"status-publish","4":"has-post-thumbnail","6":"product_cat-vozol-rave-40000","8":"first","9":"instock","10":"shipping-taxable","11":"purchasable","12":"product-type-variable"},"acf":[],"_links":{"self":[{"href":"https:\/\/vozolpuff.de\/es\/wp-json\/wp\/v2\/product\/1029","targetHints":{"allow":["GET"]}}],"collection":[{"href":"https:\/\/vozolpuff.de\/es\/wp-json\/wp\/v2\/product"}],"about":[{"href":"https:\/\/vozolpuff.de\/es\/wp-json\/wp\/v2\/types\/product"}],"replies":[{"embeddable":true,"href":"https:\/\/vozolpuff.de\/es\/wp-json\/wp\/v2\/comments?post=1029"}],"wp:featuredmedia":[{"embeddable":true,"href":"https:\/\/vozolpuff.de\/es\/wp-json\/wp\/v2\/media\/1031"}],"wp:attachment":[{"href":"https:\/\/vozolpuff.de\/es\/wp-json\/wp\/v2\/media?parent=1029"}],"wp:term":[{"taxonomy":"product_brand","embeddable":true,"href":"https:\/\/vozolpuff.de\/es\/wp-json\/wp\/v2\/product_brand?post=1029"},{"taxonomy":"product_cat","embeddable":true,"href":"https:\/\/vozolpuff.de\/es\/wp-json\/wp\/v2\/product_cat?post=1029"},{"taxonomy":"product_tag","embeddable":true,"href":"https:\/\/vozolpuff.de\/es\/wp-json\/wp\/v2\/product_tag?post=1029"}],"curies":[{"name":"wp","href":"https:\/\/api.w.org\/{rel}","templated":true}]}}