{"id":1034,"date":"2025-08-24T16:50:13","date_gmt":"2025-08-24T14:50:13","guid":{"rendered":"https:\/\/vozolpuff.de\/?post_type=product&#038;p=1034"},"modified":"2026-01-15T11:49:40","modified_gmt":"2026-01-15T10:49:40","slug":"vozol-rave-40000-orange-molasses","status":"publish","type":"product","link":"https:\/\/vozolpuff.de\/es\/producto\/vozol-rave-40000-orange-molasses\/","title":{"rendered":"Vozol Rave 40000 Naranja Melaza"},"content":{"rendered":"<h2 class=\"text-xl font-bold text-text-100 mt-1 -mb-0.5\">Vozol Rave 40000 Orange Molasses Vape desechable<\/h2>\n<p class=\"whitespace-normal break-words\">VOZOL RAVE 40000 Orange Molasses ofrece una experiencia de sabor \u00fanica que combina la frescura de la naranja con la dulzura intensa de la melaza. Esta composici\u00f3n de sabores de inspiraci\u00f3n oriental proporciona una experiencia de vapeo rica y compleja. Gracias a la avanzada tecnolog\u00eda de la pantalla, cada sesi\u00f3n se convierte en un placer sensorial.<\/p>\n<h3 class=\"text-lg font-bold text-text-100 mt-1 -mb-1.5\">Caracter\u00edsticas de la edici\u00f3n Orange Molasses:<\/h3>\n<p class=\"whitespace-normal break-words\"><strong>Cantidad de l\u00edquido:<\/strong> 20 ml de mezcla de naranja y melaza<br \/>\n<strong>Bater\u00eda:<\/strong> Bater\u00eda de alto rendimiento de 1000 mAh con tipo C<br \/>\n<strong>\u00c1mbito de utilizaci\u00f3n:<\/strong> M\u00e1ximo 40 000 caladas (ajuste suave) | 25 000 (ajuste potente)<br \/>\n<strong>Nivel de nicotina:<\/strong> 5% (50 mg) para un efecto intenso<br \/>\n<strong>Elemento evaporador:<\/strong> Bobina de malla premium para un aut\u00e9ntico sabor a melaza<br \/>\n<strong>Control del suministro de aire:<\/strong> Gesti\u00f3n del flujo de aire personalizable<br \/>\n<strong>Pantalla de informaci\u00f3n:<\/strong> Sistema de vigilancia digital<br \/>\n<strong>Caracter\u00edstica del sensor:<\/strong> Detecci\u00f3n de movimiento de 270\u00b0 con representaci\u00f3n gr\u00e1fica<br \/>\n<strong>Modos de rendimiento:<\/strong> Control dual de intensidad<br \/>\n<strong>Arquitectura del chip:<\/strong> Plataforma MCU doble de S.i.L.C Tech<\/p>\n<h3 class=\"text-lg font-bold text-text-100 mt-1 -mb-1.5\">Descubre m\u00e1s VOZOL VAPE en vozolpuff<\/h3>\n<p class=\"whitespace-normal break-words\">Descubra m\u00e1s cigarrillos electr\u00f3nicos premium en nuestra <strong><a class=\"underline\" href=\"https:\/\/vozolpuff.de\/es\/\">P\u00e1gina de inicio<\/a><\/strong>Explore toda la <strong><a class=\"underline\" href=\"https:\/\/vozolpuff.de\/es\/product-category\/vozol-vape\/\">Colecci\u00f3n VOZOL VAPE<\/a><\/strong> o navegar por todos los <strong><a class=\"underline\" href=\"https:\/\/vozolpuff.de\/es\/product-category\/vozol-vape\/vozol-rave-40000\/\">Vozol Rave 40000 sabores<\/a><\/strong>.<\/p>","protected":false},"excerpt":{"rendered":"<p>El vaporizador desechable VOZOL RAVE 40000 Melon Bubblegum combina el jugoso mel\u00f3n con el nost\u00e1lgico sabor del chicle para crear una divertida combinaci\u00f3n de sabores llena de recuerdos de la infancia. Con hasta 40 000 caladas, pantalla 3D interactiva, bater\u00eda de 1000 mAh y vaporizador de malla para una reproducci\u00f3n dulce de los aromas.<\/p>","protected":false},"featured_media":1036,"comment_status":"open","ping_status":"closed","template":"","meta":{"_acf_changed":false},"product_brand":[],"product_cat":[32],"product_tag":[],"class_list":{"0":"post-1034","1":"product","2":"type-product","3":"status-publish","4":"has-post-thumbnail","6":"product_cat-vozol-rave-40000","8":"first","9":"instock","10":"shipping-taxable","11":"purchasable","12":"product-type-variable"},"acf":[],"_links":{"self":[{"href":"https:\/\/vozolpuff.de\/es\/wp-json\/wp\/v2\/product\/1034","targetHints":{"allow":["GET"]}}],"collection":[{"href":"https:\/\/vozolpuff.de\/es\/wp-json\/wp\/v2\/product"}],"about":[{"href":"https:\/\/vozolpuff.de\/es\/wp-json\/wp\/v2\/types\/product"}],"replies":[{"embeddable":true,"href":"https:\/\/vozolpuff.de\/es\/wp-json\/wp\/v2\/comments?post=1034"}],"wp:featuredmedia":[{"embeddable":true,"href":"https:\/\/vozolpuff.de\/es\/wp-json\/wp\/v2\/media\/1036"}],"wp:attachment":[{"href":"https:\/\/vozolpuff.de\/es\/wp-json\/wp\/v2\/media?parent=1034"}],"wp:term":[{"taxonomy":"product_brand","embeddable":true,"href":"https:\/\/vozolpuff.de\/es\/wp-json\/wp\/v2\/product_brand?post=1034"},{"taxonomy":"product_cat","embeddable":true,"href":"https:\/\/vozolpuff.de\/es\/wp-json\/wp\/v2\/product_cat?post=1034"},{"taxonomy":"product_tag","embeddable":true,"href":"https:\/\/vozolpuff.de\/es\/wp-json\/wp\/v2\/product_tag?post=1034"}],"curies":[{"name":"wp","href":"https:\/\/api.w.org\/{rel}","templated":true}]}}