{"id":1039,"date":"2025-08-24T16:53:00","date_gmt":"2025-08-24T14:53:00","guid":{"rendered":"https:\/\/vozolpuff.de\/?post_type=product&#038;p=1039"},"modified":"2026-01-15T11:49:26","modified_gmt":"2026-01-15T10:49:26","slug":"vozol-rave-40000-date-shake-molasses","status":"publish","type":"product","link":"https:\/\/vozolpuff.de\/es\/producto\/vozol-rave-40000-date-shake-molasses\/","title":{"rendered":"Vozol Rave 40000 Batido de D\u00e1tiles Melaza"},"content":{"rendered":"<h2 class=\"text-xl font-bold text-text-100 mt-1 -mb-0.5\">Vozol Rave 40000 Date Shake Molasses Vape desechable<\/h2>\n<p class=\"whitespace-normal break-words\">Sum\u00e9rgete en el mundo oriental del VOZOL RAVE 40000 Date Shake Molasses. Esta exclusiva creaci\u00f3n de sabores combina d\u00e1tiles dulces, batido cremoso y melaza intensa para ofrecer una lujosa experiencia de vapeo. La innovadora pantalla Beat-Sensing con tecnolog\u00eda de 270\u00b0 subraya la calidad superior de este extraordinario vaporizador desechable.<\/p>\n<h3 class=\"text-lg font-bold text-text-100 mt-1 -mb-1.5\">Detalles t\u00e9cnicos de Date Shake Molasses:<\/h3>\n<p class=\"whitespace-normal break-words\"><strong>Contenido de e-l\u00edquido:<\/strong> 20 ml de mezcla oriental de d\u00e1tiles, batido y melaza<br \/>\n<strong>Unidad de potencia:<\/strong> Bater\u00eda de larga duraci\u00f3n de 1000 mAh con funci\u00f3n de carga USB-C<br \/>\n<strong>Capacidad de vapor:<\/strong> Hasta 40 000 inhalaciones (modo Eco) | 25 000 (modo Boost)<br \/>\n<strong>Contenido de nicotina:<\/strong> 5% (50 mg) para un golpe de garganta intenso<br \/>\n<strong>Tecnolog\u00eda de calefacci\u00f3n:<\/strong> Bobina de malla avanzada para aromas complejos<br \/>\n<strong>Sistema Flow:<\/strong> Control regulable del flujo de aire<br \/>\n<strong>Monitor de estado:<\/strong> Indicador en tiempo real del nivel de bater\u00eda y de llenado<br \/>\n<strong>Sensor din\u00e1mico:<\/strong> Detecci\u00f3n de 270\u00b0 con visualizaci\u00f3n interactiva<br \/>\n<strong>Selecci\u00f3n de moda:<\/strong> Gesti\u00f3n operativa en dos fases<br \/>\n<strong>Sistema MCU:<\/strong> Procesadores de doble n\u00facleo con tecnolog\u00eda S.i.L.C.<\/p>\n<h3 class=\"text-lg font-bold text-text-100 mt-1 -mb-1.5\">Descubre m\u00e1s VOZOL VAPE en vozolpuff<\/h3>\n<p class=\"whitespace-normal break-words\">Descubra m\u00e1s cigarrillos electr\u00f3nicos premium en nuestra <strong><a class=\"underline\" href=\"https:\/\/vozolpuff.de\/es\/\">P\u00e1gina de inicio<\/a><\/strong>Explore toda la <strong><a class=\"underline\" href=\"https:\/\/vozolpuff.de\/es\/product-category\/vozol-vape\/\">Colecci\u00f3n VOZOL VAPE<\/a><\/strong> o navegar por todos los <strong><a class=\"underline\" href=\"https:\/\/vozolpuff.de\/es\/product-category\/vozol-vape\/vozol-rave-40000\/\">Vozol Rave 40000 sabores<\/a><\/strong>.<\/p>","protected":false},"excerpt":{"rendered":"<p>El vaporizador desechable VOZOL RAVE 40000 Date Shake Molasses combina d\u00e1tiles dulces, batido cremoso y melaza intensa para crear una lujosa experiencia de vapeo oriental. Con hasta 40 000 caladas, una innovadora pantalla con sensor de latidos de 270\u00b0, una bater\u00eda de 1000 mAh y bobinas de malla avanzadas para aromas complejos.<\/p>","protected":false},"featured_media":1041,"comment_status":"open","ping_status":"closed","template":"","meta":{"_acf_changed":false},"product_brand":[],"product_cat":[32],"product_tag":[],"class_list":{"0":"post-1039","1":"product","2":"type-product","3":"status-publish","4":"has-post-thumbnail","6":"product_cat-vozol-rave-40000","8":"first","9":"instock","10":"shipping-taxable","11":"purchasable","12":"product-type-variable"},"acf":[],"_links":{"self":[{"href":"https:\/\/vozolpuff.de\/es\/wp-json\/wp\/v2\/product\/1039","targetHints":{"allow":["GET"]}}],"collection":[{"href":"https:\/\/vozolpuff.de\/es\/wp-json\/wp\/v2\/product"}],"about":[{"href":"https:\/\/vozolpuff.de\/es\/wp-json\/wp\/v2\/types\/product"}],"replies":[{"embeddable":true,"href":"https:\/\/vozolpuff.de\/es\/wp-json\/wp\/v2\/comments?post=1039"}],"wp:featuredmedia":[{"embeddable":true,"href":"https:\/\/vozolpuff.de\/es\/wp-json\/wp\/v2\/media\/1041"}],"wp:attachment":[{"href":"https:\/\/vozolpuff.de\/es\/wp-json\/wp\/v2\/media?parent=1039"}],"wp:term":[{"taxonomy":"product_brand","embeddable":true,"href":"https:\/\/vozolpuff.de\/es\/wp-json\/wp\/v2\/product_brand?post=1039"},{"taxonomy":"product_cat","embeddable":true,"href":"https:\/\/vozolpuff.de\/es\/wp-json\/wp\/v2\/product_cat?post=1039"},{"taxonomy":"product_tag","embeddable":true,"href":"https:\/\/vozolpuff.de\/es\/wp-json\/wp\/v2\/product_tag?post=1039"}],"curies":[{"name":"wp","href":"https:\/\/api.w.org\/{rel}","templated":true}]}}