{"id":1044,"date":"2025-08-24T17:03:02","date_gmt":"2025-08-24T15:03:02","guid":{"rendered":"https:\/\/vozolpuff.de\/?post_type=product&#038;p=1044"},"modified":"2026-01-15T11:49:12","modified_gmt":"2026-01-15T10:49:12","slug":"vozol-rave-40000-strawberry-bubblegum","status":"publish","type":"product","link":"https:\/\/vozolpuff.de\/es\/producto\/vozol-rave-40000-strawberry-bubblegum\/","title":{"rendered":"Vozol Rave 40000 Chicle Fresa"},"content":{"rendered":"<h2 class=\"text-xl font-bold text-text-100 mt-1 -mb-0.5\">Vozol Rave 40000 Strawberry Bubblegum Vape desechable<\/h2>\n<p class=\"whitespace-normal break-words\">Disfrute de la nost\u00e1lgica combinaci\u00f3n de fresas maduras y chicle dulce con VOZOL RAVE 40000 Strawberry Bubblegum. Este divertido sabor despierta recuerdos de la infancia y, al mismo tiempo, ofrece una experiencia de vapeo moderna y tecnol\u00f3gicamente avanzada. La pantalla curva 3D convierte cada calada en un espect\u00e1culo visual.<\/p>\n<h3 class=\"text-lg font-bold text-text-100 mt-1 -mb-1.5\">Equipamiento de la versi\u00f3n Strawberry Bubblegum:<\/h3>\n<p class=\"whitespace-normal break-words\"><strong>Volumen del dep\u00f3sito:<\/strong> 20 ml de fusi\u00f3n de chicle de fresa<br \/>\n<strong>Especificaciones de la bater\u00eda:<\/strong> M\u00f3dulo de energ\u00eda recargable de 1000 mAh<br \/>\n<strong>Rango de puff:<\/strong> Aproximadamente 40 000 movimientos (est\u00e1ndar) | 25 000 (turbo)<br \/>\n<strong>Concentraci\u00f3n de nicotina:<\/strong> 5% (50 mg) para un sabor intenso<br \/>\n<strong>Dise\u00f1o de la bobina:<\/strong> Tecnolog\u00eda de malla para una reproducci\u00f3n dulce de los aromas<br \/>\n<strong>Control de ventilaci\u00f3n:<\/strong> Circulaci\u00f3n de aire regulable<br \/>\n<strong>Sistema de visualizaci\u00f3n:<\/strong> Monitorizaci\u00f3n digital en tiempo real<br \/>\n<strong>Tecnolog\u00eda Beat:<\/strong> Sensor de 270\u00b0 con efectos din\u00e1micos<br \/>\n<strong>Gesti\u00f3n de la energ\u00eda:<\/strong> Control de doble ajuste<br \/>\n<strong>N\u00facleo de procesamiento:<\/strong> Doble MCU Tecnolog\u00eda S.i.L.C Base<\/p>\n<h3 class=\"text-lg font-bold text-text-100 mt-1 -mb-1.5\">Descubre m\u00e1s VOZOL VAPE en vozolpuff<\/h3>\n<p class=\"whitespace-normal break-words\">Descubra m\u00e1s cigarrillos electr\u00f3nicos premium en nuestra <strong><a class=\"underline\" href=\"https:\/\/vozolpuff.de\/es\/\">P\u00e1gina de inicio<\/a><\/strong>Explore toda la <strong><a class=\"underline\" href=\"https:\/\/vozolpuff.de\/es\/product-category\/vozol-vape\/\">Colecci\u00f3n VOZOL VAPE<\/a><\/strong> o navegar por todos los <strong><a class=\"underline\" href=\"https:\/\/vozolpuff.de\/es\/product-category\/vozol-vape\/vozol-rave-40000\/\">Vozol Rave 40000 sabores<\/a><\/strong>.<\/p>","protected":false},"excerpt":{"rendered":"<p>El vaporizador desechable VOZOL RAVE 40000 Strawberry Bubblegum combina fresas maduras con chicle dulce para crear un sabor nost\u00e1lgico lleno de recuerdos de la infancia. Con hasta 40 000 caladas, pantalla curva 3D, bater\u00eda de 1000 mAh y tecnolog\u00eda Mesh para una reproducci\u00f3n moderna y dulce de los aromas.<\/p>","protected":false},"featured_media":1046,"comment_status":"open","ping_status":"closed","template":"","meta":{"_acf_changed":false},"product_brand":[],"product_cat":[32],"product_tag":[],"class_list":{"0":"post-1044","1":"product","2":"type-product","3":"status-publish","4":"has-post-thumbnail","6":"product_cat-vozol-rave-40000","8":"first","9":"instock","10":"shipping-taxable","11":"purchasable","12":"product-type-variable"},"acf":[],"_links":{"self":[{"href":"https:\/\/vozolpuff.de\/es\/wp-json\/wp\/v2\/product\/1044","targetHints":{"allow":["GET"]}}],"collection":[{"href":"https:\/\/vozolpuff.de\/es\/wp-json\/wp\/v2\/product"}],"about":[{"href":"https:\/\/vozolpuff.de\/es\/wp-json\/wp\/v2\/types\/product"}],"replies":[{"embeddable":true,"href":"https:\/\/vozolpuff.de\/es\/wp-json\/wp\/v2\/comments?post=1044"}],"wp:featuredmedia":[{"embeddable":true,"href":"https:\/\/vozolpuff.de\/es\/wp-json\/wp\/v2\/media\/1046"}],"wp:attachment":[{"href":"https:\/\/vozolpuff.de\/es\/wp-json\/wp\/v2\/media?parent=1044"}],"wp:term":[{"taxonomy":"product_brand","embeddable":true,"href":"https:\/\/vozolpuff.de\/es\/wp-json\/wp\/v2\/product_brand?post=1044"},{"taxonomy":"product_cat","embeddable":true,"href":"https:\/\/vozolpuff.de\/es\/wp-json\/wp\/v2\/product_cat?post=1044"},{"taxonomy":"product_tag","embeddable":true,"href":"https:\/\/vozolpuff.de\/es\/wp-json\/wp\/v2\/product_tag?post=1044"}],"curies":[{"name":"wp","href":"https:\/\/api.w.org\/{rel}","templated":true}]}}