{"id":1056,"date":"2025-08-25T09:41:59","date_gmt":"2025-08-25T07:41:59","guid":{"rendered":"https:\/\/vozolpuff.de\/?post_type=product&#038;p=1056"},"modified":"2026-04-26T04:52:24","modified_gmt":"2026-04-26T02:52:24","slug":"vozol-gear-power-20000-watermelon-ice","status":"publish","type":"product","link":"https:\/\/vozolpuff.de\/es\/producto\/vozol-gear-power-20000-watermelon-ice\/","title":{"rendered":"Vozol Gear Power 20000 Sand\u00eda Helada"},"content":{"rendered":"<h2 class=\"text-xl font-bold text-text-100 mt-1 -mb-0.5\">Vapeador desechable Vozol Gear Power 20000 Watermelon Ice<\/h2>\n<p class=\"whitespace-normal break-words\">El Vozol Gear Power 20000 en la refrescante variante Watermelon Ice combina la dulce sand\u00eda con un acabado fresco. Este cigarrillo electr\u00f3nico desechable premium proporciona entre 12.000 y 20.000 caladas, dependiendo del modo seleccionado. Equipado con la avanzada tecnolog\u00eda S.i.L.C Mesh y una bater\u00eda de 650mAh, ofrece un rendimiento constante durante todo el periodo de uso.<\/p>\n<h3 class=\"text-lg font-bold text-text-100 mt-1 -mb-1.5\">Caracter\u00edsticas principales:<\/h3>\n<p class=\"whitespace-normal break-words\"><strong>Innovadora tecnolog\u00eda S.i.L.C:<\/strong> Garantiza un desarrollo del vapor excepcionalmente puro y uniforme<\/p>\n<p class=\"whitespace-normal break-words\"><strong>Modos de funcionamiento flexibles:<\/strong> Elige entre 20.000 caladas en modo Eco o 12.000 caladas en modo Power<\/p>\n<p class=\"whitespace-normal break-words\"><strong>Sistema de bobinas de malla de primera calidad:<\/strong> Maximiza la fidelidad del sabor y el volumen de vapor<\/p>\n<p class=\"whitespace-normal break-words\"><strong>Pantalla inteligente:<\/strong> Control continuo del nivel de la bater\u00eda y del nivel de llenado<\/p>\n<p class=\"whitespace-normal break-words\"><strong>Dep\u00f3sito generoso de 20 ml:<\/strong> Precargado con 5% (50mg) de nicotina para un placer duradero<\/p>\n<h3 class=\"text-lg font-bold text-text-100 mt-1 -mb-1.5\">Descubre m\u00e1s VOZOL VAPE en vozolpuff<\/h3>\n<p class=\"whitespace-normal break-words\">Descubra m\u00e1s cigarrillos electr\u00f3nicos premium en <strong><a class=\"underline\" href=\"https:\/\/vozolpuff.de\/es\/\">vozolpuff.de<\/a><\/strong>navegue por nuestra completa <strong><a class=\"underline\" href=\"https:\/\/vozolpuff.de\/es\/product-category\/vozol-vape\/\">VOZOL VAPE<\/a><\/strong> o explore todas las colecciones disponibles <strong><a class=\"underline\" href=\"https:\/\/vozolpuff.de\/es\/product-category\/vozol-vape\/vozol-gear-power-20000\/\">Vozol Gear Power 20000<\/a><\/strong> Sabores.<\/p>","protected":false},"excerpt":{"rendered":"<p>El vapeador desechable Vozol Gear Power 20000 Watermelon Ice ofrece un dulce sabor a sand\u00eda con un fresco acabado mentolado. Gracias a la tecnolog\u00eda S.i.L.C Mesh y a la bater\u00eda de 650mAh, podr\u00e1s experimentar entre 12.000 y 20.000 caladas en dos modos. Pantalla inteligente para bater\u00eda e indicador de nivel de llenado incluidos.<\/p>","protected":false},"featured_media":1058,"comment_status":"open","ping_status":"closed","template":"","meta":{"_acf_changed":false},"product_brand":[],"product_cat":[33],"product_tag":[],"class_list":{"0":"post-1056","1":"product","2":"type-product","3":"status-publish","4":"has-post-thumbnail","6":"product_cat-vozol-gear-power-20000","8":"first","9":"instock","10":"shipping-taxable","11":"purchasable","12":"product-type-variable"},"acf":[],"_links":{"self":[{"href":"https:\/\/vozolpuff.de\/es\/wp-json\/wp\/v2\/product\/1056","targetHints":{"allow":["GET"]}}],"collection":[{"href":"https:\/\/vozolpuff.de\/es\/wp-json\/wp\/v2\/product"}],"about":[{"href":"https:\/\/vozolpuff.de\/es\/wp-json\/wp\/v2\/types\/product"}],"replies":[{"embeddable":true,"href":"https:\/\/vozolpuff.de\/es\/wp-json\/wp\/v2\/comments?post=1056"}],"wp:featuredmedia":[{"embeddable":true,"href":"https:\/\/vozolpuff.de\/es\/wp-json\/wp\/v2\/media\/1058"}],"wp:attachment":[{"href":"https:\/\/vozolpuff.de\/es\/wp-json\/wp\/v2\/media?parent=1056"}],"wp:term":[{"taxonomy":"product_brand","embeddable":true,"href":"https:\/\/vozolpuff.de\/es\/wp-json\/wp\/v2\/product_brand?post=1056"},{"taxonomy":"product_cat","embeddable":true,"href":"https:\/\/vozolpuff.de\/es\/wp-json\/wp\/v2\/product_cat?post=1056"},{"taxonomy":"product_tag","embeddable":true,"href":"https:\/\/vozolpuff.de\/es\/wp-json\/wp\/v2\/product_tag?post=1056"}],"curies":[{"name":"wp","href":"https:\/\/api.w.org\/{rel}","templated":true}]}}