{"id":1068,"date":"2025-08-25T09:48:28","date_gmt":"2025-08-25T07:48:28","guid":{"rendered":"https:\/\/vozolpuff.de\/?post_type=product&#038;p=1068"},"modified":"2026-04-26T04:52:12","modified_gmt":"2026-04-26T02:52:12","slug":"vozol-gear-power-20000-mango-ice","status":"publish","type":"product","link":"https:\/\/vozolpuff.de\/es\/producto\/vozol-gear-power-20000-mango-ice\/","title":{"rendered":"Vozol Gear Power 20000 Mango Ice"},"content":{"rendered":"<h2 class=\"text-xl font-bold text-text-100 mt-1 -mb-0.5\">Vozol Gear Power 20000 Mango Ice Vape desechable<\/h2>\n<p class=\"whitespace-normal break-words\">El Vozol Gear Power 20000 Mango Ice combina la dulzura tropical del mango con un refrescante final fr\u00edo. Este potente vaporizador desechable ofrece una versatilidad excepcional con un n\u00famero de caladas variable de entre 12 000 y 20 000. Equipado con una bater\u00eda resistente de 650 mAh y la tecnolog\u00eda de bobina m\u00e1s avanzada para un desarrollo \u00f3ptimo del sabor.<\/p>\n<h3 class=\"text-lg font-bold text-text-100 mt-1 -mb-1.5\">Especificaciones:<\/h3>\n<p class=\"whitespace-normal break-words\"><strong>S.i.L.C. Bobina-Innovaci\u00f3n:<\/strong> Proporciona una experiencia de vapor suave y pura sin p\u00e9rdida de calidad.<\/p>\n<p class=\"whitespace-normal break-words\"><strong>Modos personalizables:<\/strong> Modo ecol\u00f3gico para 20 000 caladas o modo potente para 12 000 caladas intensas.<\/p>\n<p class=\"whitespace-normal break-words\"><strong>Dise\u00f1o de doble malla:<\/strong> Optimiza la liberaci\u00f3n del aroma y la densidad del vapor.<\/p>\n<p class=\"whitespace-normal break-words\"><strong>Pantalla digital:<\/strong> Supervisa continuamente la duraci\u00f3n de la bater\u00eda y el estado del l\u00edquido.<\/p>\n<p class=\"whitespace-normal break-words\"><strong>Dep\u00f3sito de gran volumen:<\/strong> 20 ml de e-l\u00edquido precargado con contenido de nicotina 5% (50 mg).<\/p>\n<h3 class=\"text-lg font-bold text-text-100 mt-1 -mb-1.5\">Descubre m\u00e1s VOZOL VAPE en vozolpuff<\/h3>\n<p class=\"whitespace-normal break-words\">Descubra toda la gama en <strong><a class=\"underline\" href=\"https:\/\/vozolpuff.de\/es\/\">vozolpuff.de<\/a><\/strong>, eche un vistazo a nuestro <strong><a class=\"underline\" href=\"https:\/\/vozolpuff.de\/es\/product-category\/vozol-vape\/\">VOZOL VAPE<\/a><\/strong> Seleccione una categor\u00eda o elija entre todas <strong><a class=\"underline\" href=\"https:\/\/vozolpuff.de\/es\/product-category\/vozol-vape\/vozol-gear-power-20000\/\">Vozol Gear Power 20000<\/a><\/strong> Variantes.<\/p>","protected":false},"excerpt":{"rendered":"<p>El vaporizador desechable Vozol Gear Power 20000 Mango Ice combina el dulzor tropical del mango con un refrescante toque fr\u00edo. La innovadora bobina S.i.L.C y la bater\u00eda de 650 mAh ofrecen entre 12 000 y 20 000 caladas en modos personalizables. La pantalla digital supervisa el estado de la bater\u00eda y del l\u00edquido para un control perfecto.<\/p>","protected":false},"featured_media":1070,"comment_status":"open","ping_status":"closed","template":"","meta":{"_acf_changed":false},"product_brand":[],"product_cat":[33],"product_tag":[],"class_list":{"0":"post-1068","1":"product","2":"type-product","3":"status-publish","4":"has-post-thumbnail","6":"product_cat-vozol-gear-power-20000","8":"first","9":"instock","10":"shipping-taxable","11":"purchasable","12":"product-type-variable"},"acf":[],"_links":{"self":[{"href":"https:\/\/vozolpuff.de\/es\/wp-json\/wp\/v2\/product\/1068","targetHints":{"allow":["GET"]}}],"collection":[{"href":"https:\/\/vozolpuff.de\/es\/wp-json\/wp\/v2\/product"}],"about":[{"href":"https:\/\/vozolpuff.de\/es\/wp-json\/wp\/v2\/types\/product"}],"replies":[{"embeddable":true,"href":"https:\/\/vozolpuff.de\/es\/wp-json\/wp\/v2\/comments?post=1068"}],"wp:featuredmedia":[{"embeddable":true,"href":"https:\/\/vozolpuff.de\/es\/wp-json\/wp\/v2\/media\/1070"}],"wp:attachment":[{"href":"https:\/\/vozolpuff.de\/es\/wp-json\/wp\/v2\/media?parent=1068"}],"wp:term":[{"taxonomy":"product_brand","embeddable":true,"href":"https:\/\/vozolpuff.de\/es\/wp-json\/wp\/v2\/product_brand?post=1068"},{"taxonomy":"product_cat","embeddable":true,"href":"https:\/\/vozolpuff.de\/es\/wp-json\/wp\/v2\/product_cat?post=1068"},{"taxonomy":"product_tag","embeddable":true,"href":"https:\/\/vozolpuff.de\/es\/wp-json\/wp\/v2\/product_tag?post=1068"}],"curies":[{"name":"wp","href":"https:\/\/api.w.org\/{rel}","templated":true}]}}