{"id":1074,"date":"2025-08-25T09:51:51","date_gmt":"2025-08-25T07:51:51","guid":{"rendered":"https:\/\/vozolpuff.de\/?post_type=product&#038;p=1074"},"modified":"2026-04-26T04:52:06","modified_gmt":"2026-04-26T02:52:06","slug":"vozol-gear-power-20000-double-apple-ice","status":"publish","type":"product","link":"https:\/\/vozolpuff.de\/es\/producto\/vozol-gear-power-20000-double-apple-ice\/","title":{"rendered":"Vozol Gear Power 20000 Doble Manzana Ice"},"content":{"rendered":"<h2 class=\"text-xl font-bold text-text-100 mt-1 -mb-0.5\">Vapeador desechable Vozol Gear Power 20000 Double Apple Ice<\/h2>\n<p class=\"whitespace-normal break-words\">Disfruta de la combinaci\u00f3n de manzanas rojas y verdes con un sabor refrescante en el Vozol Gear Power 20000 Double Apple Ice. Este innovador cigarrillo electr\u00f3nico desechable impresiona por su tiempo de uso flexible y sus funciones de \u00faltima generaci\u00f3n. La pantalla inteligente le mantiene constantemente informado sobre el estado actual.<\/p>\n<h3 class=\"text-lg font-bold text-text-100 mt-1 -mb-1.5\">Aspectos t\u00e9cnicos destacados:<\/h3>\n<p class=\"whitespace-normal break-words\"><strong>Tecnolog\u00eda S.i.L.C. probada:<\/strong> Calidad constante y pureza de sabor garantizadas<\/p>\n<p class=\"whitespace-normal break-words\"><strong>Modos de utilizaci\u00f3n variables:<\/strong> Decide entre 20.000 tiros de larga duraci\u00f3n o 12.000 tiros potentes<\/p>\n<p class=\"whitespace-normal break-words\"><strong>Sistema de malla profesional:<\/strong> Maximiza el rendimiento del sabor y la calidad del vapor<\/p>\n<p class=\"whitespace-normal break-words\"><strong>Funci\u00f3n de visualizaci\u00f3n inteligente:<\/strong> Visualizaci\u00f3n permanente de los datos de la bater\u00eda y del nivel de llenado<\/p>\n<p class=\"whitespace-normal break-words\"><strong>Dep\u00f3sito de l\u00edquido Premium:<\/strong> Contenido de 20mL con concentraci\u00f3n probada de nicotina 5% (50mg)<\/p>\n<h3 class=\"text-lg font-bold text-text-100 mt-1 -mb-1.5\">Descubre m\u00e1s VOZOL VAPE en vozolpuff<\/h3>\n<p class=\"whitespace-normal break-words\">M\u00e1s productos de calidad en <strong><a class=\"underline\" href=\"https:\/\/vozolpuff.de\/es\/\">vozolpuff.de<\/a><\/strong>descubra nuestra <strong><a class=\"underline\" href=\"https:\/\/vozolpuff.de\/es\/product-category\/vozol-vape\/\">VOZOL VAPE<\/a><\/strong> o navegar por toda la secci\u00f3n <strong><a class=\"underline\" href=\"https:\/\/vozolpuff.de\/es\/product-category\/vozol-vape\/vozol-gear-power-20000\/\">Vozol Gear Power 20000<\/a><\/strong> Opciones de sabor.<\/p>","protected":false},"excerpt":{"rendered":"<p>El vapeador desechable Vozol Gear Power 20000 Double Apple Ice combina manzanas rojas y verdes con frescor. La tecnolog\u00eda S.i.L.C y la bater\u00eda de 650mAh permiten 12.000-20.000 caladas en modos variables. La pantalla inteligente muestra la bater\u00eda y el nivel de llenado para un uso \u00f3ptimo.<\/p>","protected":false},"featured_media":1076,"comment_status":"open","ping_status":"closed","template":"","meta":{"_acf_changed":false},"product_brand":[],"product_cat":[33],"product_tag":[],"class_list":{"0":"post-1074","1":"product","2":"type-product","3":"status-publish","4":"has-post-thumbnail","6":"product_cat-vozol-gear-power-20000","8":"first","9":"instock","10":"shipping-taxable","11":"purchasable","12":"product-type-variable"},"acf":[],"_links":{"self":[{"href":"https:\/\/vozolpuff.de\/es\/wp-json\/wp\/v2\/product\/1074","targetHints":{"allow":["GET"]}}],"collection":[{"href":"https:\/\/vozolpuff.de\/es\/wp-json\/wp\/v2\/product"}],"about":[{"href":"https:\/\/vozolpuff.de\/es\/wp-json\/wp\/v2\/types\/product"}],"replies":[{"embeddable":true,"href":"https:\/\/vozolpuff.de\/es\/wp-json\/wp\/v2\/comments?post=1074"}],"wp:featuredmedia":[{"embeddable":true,"href":"https:\/\/vozolpuff.de\/es\/wp-json\/wp\/v2\/media\/1076"}],"wp:attachment":[{"href":"https:\/\/vozolpuff.de\/es\/wp-json\/wp\/v2\/media?parent=1074"}],"wp:term":[{"taxonomy":"product_brand","embeddable":true,"href":"https:\/\/vozolpuff.de\/es\/wp-json\/wp\/v2\/product_brand?post=1074"},{"taxonomy":"product_cat","embeddable":true,"href":"https:\/\/vozolpuff.de\/es\/wp-json\/wp\/v2\/product_cat?post=1074"},{"taxonomy":"product_tag","embeddable":true,"href":"https:\/\/vozolpuff.de\/es\/wp-json\/wp\/v2\/product_tag?post=1074"}],"curies":[{"name":"wp","href":"https:\/\/api.w.org\/{rel}","templated":true}]}}