{"id":1080,"date":"2025-08-25T09:57:43","date_gmt":"2025-08-25T07:57:43","guid":{"rendered":"https:\/\/vozolpuff.de\/?post_type=product&#038;p=1080"},"modified":"2026-04-26T04:51:59","modified_gmt":"2026-04-26T02:51:59","slug":"vozol-gear-power-20000-lavafire","status":"publish","type":"product","link":"https:\/\/vozolpuff.de\/es\/producto\/vozol-gear-power-20000-lavafire\/","title":{"rendered":"Vozol Gear Power 20000 Lavafire"},"content":{"rendered":"<h2 class=\"text-xl font-bold text-text-100 mt-1 -mb-0.5\">Vapeador desechable Vozol Gear Power 20000 Lavafire<\/h2>\n<p class=\"whitespace-normal break-words\">El Vozol Gear Power 20000 Lavafire combina pi\u00f1a tropical, fresas dulces y coco cremoso para crear una experiencia de sabor ex\u00f3tica. Con su impresionante autonom\u00eda de 12.000-20.000 caladas y la revolucionaria tecnolog\u00eda S.i.L.C Mesh, establece nuevos est\u00e1ndares en el segmento de los vapeadores desechables. La potente bater\u00eda de 650 mAh garantiza un rendimiento fiable hasta la \u00faltima calada.<\/p>\n<h3 class=\"text-lg font-bold text-text-100 mt-1 -mb-1.5\">Caracter\u00edsticas del producto:<\/h3>\n<p class=\"whitespace-normal break-words\"><strong>Tecnolog\u00eda S.i.L.C. altamente desarrollada:<\/strong> Permite una reproducci\u00f3n del sabor excepcionalmente limpia e intensa<\/p>\n<p class=\"whitespace-normal break-words\"><strong>Funcionalidad de modo dual:<\/strong> Elige entre 20.000 caladas o 12.000 caladas intensivas<\/p>\n<p class=\"whitespace-normal break-words\"><strong>Dise\u00f1o optimizado de la bobina:<\/strong> Aumenta significativamente tanto la intensidad del sabor como el volumen de vapor<\/p>\n<p class=\"whitespace-normal break-words\"><strong>Integraci\u00f3n completa de la pantalla:<\/strong> Muestra claramente todos los datos operativos importantes<\/p>\n<p class=\"whitespace-normal break-words\"><strong>Sistema de gran capacidad:<\/strong> Suministro de e-l\u00edquido de 20mL con una concentraci\u00f3n de nicotina de 5% (50mg)<\/p>\n<h3 class=\"text-lg font-bold text-text-100 mt-1 -mb-1.5\">Descubre m\u00e1s VOZOL VAPE en vozolpuff<\/h3>\n<p class=\"whitespace-normal break-words\">Eche un vistazo a otras innovaciones en <strong><a class=\"underline\" href=\"https:\/\/vozolpuff.de\/es\/\">vozolpuff.de<\/a><\/strong> explore nuestro <strong><a class=\"underline\" href=\"https:\/\/vozolpuff.de\/es\/product-category\/vozol-vape\/\">VOZOL VAPE<\/a><\/strong> o elija entre toda la gama de <strong><a class=\"underline\" href=\"https:\/\/vozolpuff.de\/es\/product-category\/vozol-vape\/vozol-gear-power-20000\/\">Vozol Gear Power 20000<\/a><\/strong> Colecci\u00f3n.<\/p>","protected":false},"excerpt":{"rendered":"<p>El vapeador desechable Vozol Gear Power 20000 Lavafire combina pi\u00f1a tropical, fresas dulces y coco cremoso. La tecnolog\u00eda de malla S.i.L.C y la bater\u00eda de 650mAh ofrecen 12.000-20.000 caladas en dos modos. La integraci\u00f3n de una pantalla completa muestra todos los datos de funcionamiento.<\/p>","protected":false},"featured_media":1082,"comment_status":"open","ping_status":"closed","template":"","meta":{"_acf_changed":false},"product_brand":[],"product_cat":[33],"product_tag":[],"class_list":{"0":"post-1080","1":"product","2":"type-product","3":"status-publish","4":"has-post-thumbnail","6":"product_cat-vozol-gear-power-20000","8":"first","9":"instock","10":"shipping-taxable","11":"purchasable","12":"product-type-variable"},"acf":[],"_links":{"self":[{"href":"https:\/\/vozolpuff.de\/es\/wp-json\/wp\/v2\/product\/1080","targetHints":{"allow":["GET"]}}],"collection":[{"href":"https:\/\/vozolpuff.de\/es\/wp-json\/wp\/v2\/product"}],"about":[{"href":"https:\/\/vozolpuff.de\/es\/wp-json\/wp\/v2\/types\/product"}],"replies":[{"embeddable":true,"href":"https:\/\/vozolpuff.de\/es\/wp-json\/wp\/v2\/comments?post=1080"}],"wp:featuredmedia":[{"embeddable":true,"href":"https:\/\/vozolpuff.de\/es\/wp-json\/wp\/v2\/media\/1082"}],"wp:attachment":[{"href":"https:\/\/vozolpuff.de\/es\/wp-json\/wp\/v2\/media?parent=1080"}],"wp:term":[{"taxonomy":"product_brand","embeddable":true,"href":"https:\/\/vozolpuff.de\/es\/wp-json\/wp\/v2\/product_brand?post=1080"},{"taxonomy":"product_cat","embeddable":true,"href":"https:\/\/vozolpuff.de\/es\/wp-json\/wp\/v2\/product_cat?post=1080"},{"taxonomy":"product_tag","embeddable":true,"href":"https:\/\/vozolpuff.de\/es\/wp-json\/wp\/v2\/product_tag?post=1080"}],"curies":[{"name":"wp","href":"https:\/\/api.w.org\/{rel}","templated":true}]}}