{"id":1087,"date":"2025-08-25T10:01:06","date_gmt":"2025-08-25T08:01:06","guid":{"rendered":"https:\/\/vozolpuff.de\/?post_type=product&#038;p=1087"},"modified":"2026-04-26T04:51:53","modified_gmt":"2026-04-26T02:51:53","slug":"vozol-gear-power-20000-blueberry-storm","status":"publish","type":"product","link":"https:\/\/vozolpuff.de\/es\/producto\/vozol-gear-power-20000-blueberry-storm\/","title":{"rendered":"Vozol Gear Power 20000 Tormenta de Ar\u00e1ndanos"},"content":{"rendered":"<h2 class=\"text-xl font-bold text-text-100 mt-1 -mb-0.5\">Vapeador desechable Vozol Gear Power 20000 Blueberry Storm<\/h2>\n<p class=\"whitespace-normal break-words\">Experimenta el excitante sabor de la Tormenta de Ar\u00e1ndanos con el Vozol Gear Power 20000, un excepcional cigarrillo electr\u00f3nico desechable que combina los dulces ar\u00e1ndanos con un asombroso perfil de sabor y una tecnolog\u00eda de vapeo de \u00faltima generaci\u00f3n. El sistema de doble bobina de malla garantiza un desarrollo de sabor inigualable con cada uso.<\/p>\n<h3 class=\"text-lg font-bold text-text-100 mt-1 -mb-1.5\">Caracter\u00edsticas del equipamiento:<\/h3>\n<p class=\"whitespace-normal break-words\"><strong>Tecnolog\u00eda S.i.L.C. precisa:<\/strong> Garantiza una calidad de vapor constante y una experiencia de sabor puro<\/p>\n<p class=\"whitespace-normal break-words\"><strong>Modos de funcionamiento inteligentes:<\/strong> Utiliza 20.000 bocanadas en modo econ\u00f3mico o 12.000 bocanadas en modo de alto rendimiento.<\/p>\n<p class=\"whitespace-normal break-words\"><strong>Tecnolog\u00eda de malla avanzada:<\/strong> Mejora significativamente la transferencia de sabor y la producci\u00f3n de vapor<\/p>\n<p class=\"whitespace-normal break-words\"><strong>Pantalla LED interactiva:<\/strong> Proporciona un control permanente de todos los par\u00e1metros del dispositivo<\/p>\n<p class=\"whitespace-normal break-words\"><strong>Volumen del dep\u00f3sito de e-l\u00edquido:<\/strong> 20mL de capacidad con formulaci\u00f3n profesional de nicotina 5% (50mg)<\/p>\n<h3 class=\"text-lg font-bold text-text-100 mt-1 -mb-1.5\">Descubre m\u00e1s VOZOL VAPE en vozolpuff<\/h3>\n<p class=\"whitespace-normal break-words\">Descubra nuestra gama completa en <strong><a class=\"underline\" href=\"https:\/\/vozolpuff.de\/es\/\">vozolpuff.de<\/a><\/strong>, visite nuestro <strong><a class=\"underline\" href=\"https:\/\/vozolpuff.de\/es\/product-category\/vozol-vape\/\">VOZOL VAPE<\/a><\/strong> departamento o explorar todos <strong><a class=\"underline\" href=\"https:\/\/vozolpuff.de\/es\/product-category\/vozol-vape\/vozol-gear-power-20000\/\">Vozol Gear Power 20000<\/a><\/strong> Sabores.<\/p>","protected":false},"excerpt":{"rendered":"<p>El vapeador desechable Vozol Gear Power 20000 Blueberry Storm ofrece un intenso sabor a ar\u00e1ndanos con car\u00e1cter tormentoso. La tecnolog\u00eda S.i.L.C y el sistema de doble malla garantizan 12.000-20.000 caladas en dos modos. La pantalla LED muestra todos los par\u00e1metros del dispositivo para un control \u00f3ptimo.<\/p>","protected":false},"featured_media":1089,"comment_status":"open","ping_status":"closed","template":"","meta":{"_acf_changed":false},"product_brand":[],"product_cat":[33],"product_tag":[],"class_list":{"0":"post-1087","1":"product","2":"type-product","3":"status-publish","4":"has-post-thumbnail","6":"product_cat-vozol-gear-power-20000","8":"first","9":"instock","10":"shipping-taxable","11":"purchasable","12":"product-type-variable"},"acf":[],"_links":{"self":[{"href":"https:\/\/vozolpuff.de\/es\/wp-json\/wp\/v2\/product\/1087","targetHints":{"allow":["GET"]}}],"collection":[{"href":"https:\/\/vozolpuff.de\/es\/wp-json\/wp\/v2\/product"}],"about":[{"href":"https:\/\/vozolpuff.de\/es\/wp-json\/wp\/v2\/types\/product"}],"replies":[{"embeddable":true,"href":"https:\/\/vozolpuff.de\/es\/wp-json\/wp\/v2\/comments?post=1087"}],"wp:featuredmedia":[{"embeddable":true,"href":"https:\/\/vozolpuff.de\/es\/wp-json\/wp\/v2\/media\/1089"}],"wp:attachment":[{"href":"https:\/\/vozolpuff.de\/es\/wp-json\/wp\/v2\/media?parent=1087"}],"wp:term":[{"taxonomy":"product_brand","embeddable":true,"href":"https:\/\/vozolpuff.de\/es\/wp-json\/wp\/v2\/product_brand?post=1087"},{"taxonomy":"product_cat","embeddable":true,"href":"https:\/\/vozolpuff.de\/es\/wp-json\/wp\/v2\/product_cat?post=1087"},{"taxonomy":"product_tag","embeddable":true,"href":"https:\/\/vozolpuff.de\/es\/wp-json\/wp\/v2\/product_tag?post=1087"}],"curies":[{"name":"wp","href":"https:\/\/api.w.org\/{rel}","templated":true}]}}