{"id":1093,"date":"2025-08-25T10:04:01","date_gmt":"2025-08-25T08:04:01","guid":{"rendered":"https:\/\/vozolpuff.de\/?post_type=product&#038;p=1093"},"modified":"2026-04-26T04:51:46","modified_gmt":"2026-04-26T02:51:46","slug":"vozol-gear-power-20000-blue-mojito","status":"publish","type":"product","link":"https:\/\/vozolpuff.de\/es\/producto\/vozol-gear-power-20000-blue-mojito\/","title":{"rendered":"Vozol Gear Power 20000 Mojito Azul"},"content":{"rendered":"<h2 class=\"text-xl font-bold text-text-100 mt-1 -mb-0.5\">Vapeador desechable Vozol Gear Power 20000 Blue Mojito<\/h2>\n<p class=\"whitespace-normal break-words\">El Vozol Gear Power 20000 Blue Mojito trae el refrescante sabor de un c\u00f3ctel cl\u00e1sico al mundo del vapeo. Este sofisticado vapeador desechable impresiona con su innovadora tecnolog\u00eda y la flexibilidad de cambiar entre dos modos de potencia diferentes. La clara pantalla le ofrece un control total en todo momento.<\/p>\n<h3 class=\"text-lg font-bold text-text-100 mt-1 -mb-1.5\">Funciones principales:<\/h3>\n<p class=\"whitespace-normal break-words\"><strong>Revolucionaria tecnolog\u00eda S.i.L.C:<\/strong> Ofrece una pureza y una consistencia de sabor inigualables<\/p>\n<p class=\"whitespace-normal break-words\"><strong>Ajustes de potencia flexibles:<\/strong> Elija entre el eficiente 20.000 o el potente 12.000 tirones<\/p>\n<p class=\"whitespace-normal break-words\"><strong>Concepto de bobina de doble malla:<\/strong> Intensifica la profundidad del sabor y optimiza el desarrollo del vapor<\/p>\n<p class=\"whitespace-normal break-words\"><strong>Tecnolog\u00eda de visualizaci\u00f3n moderna:<\/strong> Proporciona informaci\u00f3n precisa sobre la bater\u00eda y el nivel de llenado<\/p>\n<p class=\"whitespace-normal break-words\"><strong>Dep\u00f3sito de gran capacidad:<\/strong> Contenido de e-l\u00edquido de 20mL con concentraci\u00f3n probada de nicotina 5% (50mg)<\/p>\n<h3 class=\"text-lg font-bold text-text-100 mt-1 -mb-1.5\">Descubre m\u00e1s VOZOL VAPE en vozolpuff<\/h3>\n<p class=\"whitespace-normal break-words\">Visite <strong><a class=\"underline\" href=\"https:\/\/vozolpuff.de\/es\/\">vozolpuff.de<\/a><\/strong> Si desea m\u00e1s soluciones de primera clase para vapear, eche un vistazo a nuestro <strong><a class=\"underline\" href=\"https:\/\/vozolpuff.de\/es\/product-category\/vozol-vape\/\">VOZOL VAPE<\/a><\/strong> o descubra toda la <strong><a class=\"underline\" href=\"https:\/\/vozolpuff.de\/es\/product-category\/vozol-vape\/vozol-gear-power-20000\/\">Vozol Gear Power 20000<\/a><\/strong> Selecci\u00f3n de sabores.<\/p>","protected":false},"excerpt":{"rendered":"<p>El vapeador desechable Vozol Gear Power 20000 Blue Mojito aporta un refrescante sabor a c\u00f3ctel. La tecnolog\u00eda S.i.L.C y el sistema de doble malla permiten 12.000-20.000 caladas en modos flexibles. La moderna tecnolog\u00eda de pantalla proporciona informaci\u00f3n precisa sobre la bater\u00eda y el nivel de llenado.<\/p>","protected":false},"featured_media":1095,"comment_status":"open","ping_status":"closed","template":"","meta":{"_acf_changed":false},"product_brand":[],"product_cat":[33],"product_tag":[],"class_list":{"0":"post-1093","1":"product","2":"type-product","3":"status-publish","4":"has-post-thumbnail","6":"product_cat-vozol-gear-power-20000","8":"first","9":"instock","10":"shipping-taxable","11":"purchasable","12":"product-type-variable"},"acf":[],"_links":{"self":[{"href":"https:\/\/vozolpuff.de\/es\/wp-json\/wp\/v2\/product\/1093","targetHints":{"allow":["GET"]}}],"collection":[{"href":"https:\/\/vozolpuff.de\/es\/wp-json\/wp\/v2\/product"}],"about":[{"href":"https:\/\/vozolpuff.de\/es\/wp-json\/wp\/v2\/types\/product"}],"replies":[{"embeddable":true,"href":"https:\/\/vozolpuff.de\/es\/wp-json\/wp\/v2\/comments?post=1093"}],"wp:featuredmedia":[{"embeddable":true,"href":"https:\/\/vozolpuff.de\/es\/wp-json\/wp\/v2\/media\/1095"}],"wp:attachment":[{"href":"https:\/\/vozolpuff.de\/es\/wp-json\/wp\/v2\/media?parent=1093"}],"wp:term":[{"taxonomy":"product_brand","embeddable":true,"href":"https:\/\/vozolpuff.de\/es\/wp-json\/wp\/v2\/product_brand?post=1093"},{"taxonomy":"product_cat","embeddable":true,"href":"https:\/\/vozolpuff.de\/es\/wp-json\/wp\/v2\/product_cat?post=1093"},{"taxonomy":"product_tag","embeddable":true,"href":"https:\/\/vozolpuff.de\/es\/wp-json\/wp\/v2\/product_tag?post=1093"}],"curies":[{"name":"wp","href":"https:\/\/api.w.org\/{rel}","templated":true}]}}