{"id":1100,"date":"2025-08-25T10:06:40","date_gmt":"2025-08-25T08:06:40","guid":{"rendered":"https:\/\/vozolpuff.de\/?post_type=product&#038;p=1100"},"modified":"2026-04-26T04:51:40","modified_gmt":"2026-04-26T02:51:40","slug":"vozol-gear-power-20000-mango-pineapple-grapefruit","status":"publish","type":"product","link":"https:\/\/vozolpuff.de\/es\/producto\/vozol-gear-power-20000-mango-pineapple-grapefruit\/","title":{"rendered":"Vozol Gear Power 20000 Mango Pi\u00f1a Pomelo"},"content":{"rendered":"<h2 class=\"text-xl font-bold text-text-100 mt-1 -mb-0.5\">Vozol Gear Power 20000 Mango Pi\u00f1a Pomelo Vape desechable<\/h2>\n<p class=\"whitespace-normal break-words\">Sum\u00e9rgete en una explosi\u00f3n de sabores tropicales con el Vozol Gear Power 20000 Mango Pineapple Grapefruit. Esta ex\u00f3tica combinaci\u00f3n de tres frutas se realza a la perfecci\u00f3n gracias a la tecnolog\u00eda de vapeo m\u00e1s avanzada. Su dise\u00f1o resistente y su potente bater\u00eda garantizan un disfrute duradero sin concesiones.<\/p>\n<h3 class=\"text-lg font-bold text-text-100 mt-1 -mb-1.5\">Caracter\u00edsticas de rendimiento:<\/h3>\n<p class=\"whitespace-normal break-words\"><strong>Tecnolog\u00eda S.i.L.C. de alta precisi\u00f3n:<\/strong> Garantiza una claridad de sabor y una pureza de vapor excepcionales.<\/p>\n<p class=\"whitespace-normal break-words\"><strong>Modos de funcionamiento adaptativos:<\/strong> Aproveche las 20 000 caladas en modo Eco o las 12 000 en modo Power.<\/p>\n<p class=\"whitespace-normal break-words\"><strong>Sistema de malla de alto rendimiento:<\/strong> Maximiza la liberaci\u00f3n de aromas frutales complejos.<\/p>\n<p class=\"whitespace-normal break-words\"><strong>Tecnolog\u00eda de visualizaci\u00f3n avanzada:<\/strong> Supervisa continuamente todos los par\u00e1metros operativos relevantes.<\/p>\n<p class=\"whitespace-normal break-words\"><strong>Sistema de l\u00edquido premium:<\/strong> 20 ml de mezcla tropical con 5% (50 mg) de nicotina.<\/p>\n<h3 class=\"text-lg font-bold text-text-100 mt-1 -mb-1.5\">Descubre m\u00e1s VOZOL VAPE en vozolpuff<\/h3>\n<p class=\"whitespace-normal break-words\">Descubra m\u00e1s innovaciones en <strong><a class=\"underline\" href=\"https:\/\/vozolpuff.de\/es\/\">vozolpuff.de<\/a><\/strong>, explore nuestra amplia <strong><a class=\"underline\" href=\"https:\/\/vozolpuff.de\/es\/product-category\/vozol-vape\/\">VOZOL VAPE<\/a><\/strong> Colecci\u00f3n o elija entre todos los disponibles <strong><a class=\"underline\" href=\"https:\/\/vozolpuff.de\/es\/product-category\/vozol-vape\/vozol-gear-power-20000\/\">Vozol Gear Power 20000<\/a><\/strong> Variaciones.<\/p>","protected":false},"excerpt":{"rendered":"<p>El vaporizador desechable Vozol Gear Power 20000 Mango Pineapple Grapefruit ofrece una explosi\u00f3n tropical de tres frutas. La tecnolog\u00eda S.i.L.C y el sistema de malla de alto rendimiento maximizan los sabores complejos en 12 000-20 000 caladas. La pantalla avanzada supervisa todos los par\u00e1metros de funcionamiento.<\/p>","protected":false},"featured_media":1102,"comment_status":"open","ping_status":"closed","template":"","meta":{"_acf_changed":false},"product_brand":[],"product_cat":[33],"product_tag":[],"class_list":{"0":"post-1100","1":"product","2":"type-product","3":"status-publish","4":"has-post-thumbnail","6":"product_cat-vozol-gear-power-20000","8":"first","9":"instock","10":"shipping-taxable","11":"purchasable","12":"product-type-variable"},"acf":[],"_links":{"self":[{"href":"https:\/\/vozolpuff.de\/es\/wp-json\/wp\/v2\/product\/1100","targetHints":{"allow":["GET"]}}],"collection":[{"href":"https:\/\/vozolpuff.de\/es\/wp-json\/wp\/v2\/product"}],"about":[{"href":"https:\/\/vozolpuff.de\/es\/wp-json\/wp\/v2\/types\/product"}],"replies":[{"embeddable":true,"href":"https:\/\/vozolpuff.de\/es\/wp-json\/wp\/v2\/comments?post=1100"}],"wp:featuredmedia":[{"embeddable":true,"href":"https:\/\/vozolpuff.de\/es\/wp-json\/wp\/v2\/media\/1102"}],"wp:attachment":[{"href":"https:\/\/vozolpuff.de\/es\/wp-json\/wp\/v2\/media?parent=1100"}],"wp:term":[{"taxonomy":"product_brand","embeddable":true,"href":"https:\/\/vozolpuff.de\/es\/wp-json\/wp\/v2\/product_brand?post=1100"},{"taxonomy":"product_cat","embeddable":true,"href":"https:\/\/vozolpuff.de\/es\/wp-json\/wp\/v2\/product_cat?post=1100"},{"taxonomy":"product_tag","embeddable":true,"href":"https:\/\/vozolpuff.de\/es\/wp-json\/wp\/v2\/product_tag?post=1100"}],"curies":[{"name":"wp","href":"https:\/\/api.w.org\/{rel}","templated":true}]}}