{"id":1104,"date":"2025-08-25T10:09:20","date_gmt":"2025-08-25T08:09:20","guid":{"rendered":"https:\/\/vozolpuff.de\/?post_type=product&#038;p=1104"},"modified":"2026-04-26T04:51:34","modified_gmt":"2026-04-26T02:51:34","slug":"vozol-gear-power-20000-strawberry-kiwi","status":"publish","type":"product","link":"https:\/\/vozolpuff.de\/es\/producto\/vozol-gear-power-20000-strawberry-kiwi\/","title":{"rendered":"Vozol Gear Power 20000 Fresa Kiwi"},"content":{"rendered":"<h2 class=\"text-xl font-bold text-text-100 mt-1 -mb-0.5\">Vapeador desechable Vozol Gear Power 20000 Fresa Kiwi<\/h2>\n<p class=\"whitespace-normal break-words\">El Vozol Gear Power 20000 Fresa Kiwi combina la dulzura de las fresas maduras con la frescura ex\u00f3tica del kiwi para crear una experiencia de sabor armoniosa. Este vapeador desechable premium impresiona por su excepcional tecnolog\u00eda y la posibilidad de personalizar su rendimiento. La pantalla intuitiva le mantiene informado del estado actual en todo momento.<\/p>\n<h3 class=\"text-lg font-bold text-text-100 mt-1 -mb-1.5\">Especificaciones del producto:<\/h3>\n<p class=\"whitespace-normal break-words\"><strong>Innovadora tecnolog\u00eda S.i.L.C:<\/strong> Garantiza los m\u00e1s altos niveles de calidad de vapor y fidelidad de sabor<\/p>\n<p class=\"whitespace-normal break-words\"><strong>Funcionalidad multimodo:<\/strong> Utiliza 20.000 caladas econ\u00f3micas o 12.000 intensivas<\/p>\n<p class=\"whitespace-normal break-words\"><strong>Sistema de bobina profesional:<\/strong> Optimiza la transferencia de nutrientes sutiles de la fruta<\/p>\n<p class=\"whitespace-normal break-words\"><strong>Pantalla f\u00e1cil de usar:<\/strong> Muestra claramente la informaci\u00f3n sobre la bater\u00eda y el l\u00edquido<\/p>\n<p class=\"whitespace-normal break-words\"><strong>Gran capacidad de volumen:<\/strong> E-l\u00edquido afrutado de 20mL con 5% (50mg) de nicotina<\/p>\n<h3 class=\"text-lg font-bold text-text-100 mt-1 -mb-1.5\">Descubre m\u00e1s VOZOL VAPE en vozolpuff<\/h3>\n<p class=\"whitespace-normal break-words\">M\u00e1s opciones premium en <strong><a class=\"underline\" href=\"https:\/\/vozolpuff.de\/es\/\">vozolpuff.de<\/a><\/strong>descubra nuestra <strong><a class=\"underline\" href=\"https:\/\/vozolpuff.de\/es\/product-category\/vozol-vape\/\">VOZOL VAPE<\/a><\/strong> de productos o navegar por toda la <strong><a class=\"underline\" href=\"https:\/\/vozolpuff.de\/es\/product-category\/vozol-vape\/vozol-gear-power-20000\/\">Vozol Gear Power 20000<\/a><\/strong> Series.<\/p>","protected":false},"excerpt":{"rendered":"<p>El vapeador desechable Vozol Gear Power 20000 Strawberry Kiwi combina las dulces fresas con la ex\u00f3tica frescura del kiwi. La tecnolog\u00eda S.i.L.C y el sistema de bobina profesional optimizan los sutiles matices frutales con 12.000-20.000 caladas. La pantalla de f\u00e1cil manejo muestra el estado de la bater\u00eda y del l\u00edquido.<\/p>","protected":false},"featured_media":1106,"comment_status":"open","ping_status":"closed","template":"","meta":{"_acf_changed":false},"product_brand":[],"product_cat":[33],"product_tag":[],"class_list":{"0":"post-1104","1":"product","2":"type-product","3":"status-publish","4":"has-post-thumbnail","6":"product_cat-vozol-gear-power-20000","8":"first","9":"instock","10":"shipping-taxable","11":"purchasable","12":"product-type-variable"},"acf":[],"_links":{"self":[{"href":"https:\/\/vozolpuff.de\/es\/wp-json\/wp\/v2\/product\/1104","targetHints":{"allow":["GET"]}}],"collection":[{"href":"https:\/\/vozolpuff.de\/es\/wp-json\/wp\/v2\/product"}],"about":[{"href":"https:\/\/vozolpuff.de\/es\/wp-json\/wp\/v2\/types\/product"}],"replies":[{"embeddable":true,"href":"https:\/\/vozolpuff.de\/es\/wp-json\/wp\/v2\/comments?post=1104"}],"wp:featuredmedia":[{"embeddable":true,"href":"https:\/\/vozolpuff.de\/es\/wp-json\/wp\/v2\/media\/1106"}],"wp:attachment":[{"href":"https:\/\/vozolpuff.de\/es\/wp-json\/wp\/v2\/media?parent=1104"}],"wp:term":[{"taxonomy":"product_brand","embeddable":true,"href":"https:\/\/vozolpuff.de\/es\/wp-json\/wp\/v2\/product_brand?post=1104"},{"taxonomy":"product_cat","embeddable":true,"href":"https:\/\/vozolpuff.de\/es\/wp-json\/wp\/v2\/product_cat?post=1104"},{"taxonomy":"product_tag","embeddable":true,"href":"https:\/\/vozolpuff.de\/es\/wp-json\/wp\/v2\/product_tag?post=1104"}],"curies":[{"name":"wp","href":"https:\/\/api.w.org\/{rel}","templated":true}]}}