{"id":1110,"date":"2025-08-25T10:12:42","date_gmt":"2025-08-25T08:12:42","guid":{"rendered":"https:\/\/vozolpuff.de\/?post_type=product&#038;p=1110"},"modified":"2026-04-26T04:51:28","modified_gmt":"2026-04-26T02:51:28","slug":"vozol-gear-power-20000-raspberry-watermelon","status":"publish","type":"product","link":"https:\/\/vozolpuff.de\/es\/producto\/vozol-gear-power-20000-raspberry-watermelon\/","title":{"rendered":"Vozol Gear Power 20000 Sand\u00eda Frambuesa"},"content":{"rendered":"<h2 class=\"text-xl font-bold text-text-100 mt-1 -mb-0.5\">Vozol Gear Power 20000 Raspberry Watermelon Vape desechable<\/h2>\n<p class=\"whitespace-normal break-words\">Disfruta de la armon\u00eda perfecta entre las frambuesas \u00e1cidas y la sand\u00eda dulce con el Vozol Gear Power 20000 Raspberry Watermelon. Este cigarrillo electr\u00f3nico desechable de primera clase no solo ofrece un sabor excepcional, sino tambi\u00e9n excelencia t\u00e9cnica gracias a la avanzada tecnolog\u00eda de bobina de malla y una bater\u00eda fiable de 650 mAh para un rendimiento constante.<\/p>\n<h3 class=\"text-lg font-bold text-text-100 mt-1 -mb-1.5\">Especificaciones principales:<\/h3>\n<p class=\"whitespace-normal break-words\"><strong>Tecnolog\u00eda S.i.L.C. probada:<\/strong> Proporciona una calidad de vapor incomparable y una reproducci\u00f3n aut\u00e9ntica del sabor.<\/p>\n<p class=\"whitespace-normal break-words\"><strong>M\u00faltiples opciones de uso:<\/strong> Decide entre 20.000 tiros de larga duraci\u00f3n o 12.000 tiros potentes<\/p>\n<p class=\"whitespace-normal break-words\"><strong>Arquitectura de malla optimizada:<\/strong> Refuerza los aromas naturales de la fruta y mejora la densidad del vapor.<\/p>\n<p class=\"whitespace-normal break-words\"><strong>Indicador de estado inteligente:<\/strong> Proporciona informaci\u00f3n en tiempo real sobre todos los datos importantes del dispositivo.<\/p>\n<p class=\"whitespace-normal break-words\"><strong>Dise\u00f1o de alta capacidad:<\/strong> Dep\u00f3sito de e-l\u00edquido de 20 ml con una formulaci\u00f3n equilibrada de nicotina 5% (50 mg).<\/p>\n<h3 class=\"text-lg font-bold text-text-100 mt-1 -mb-1.5\">Descubre m\u00e1s VOZOL VAPE en vozolpuff<\/h3>\n<p class=\"whitespace-normal break-words\">Eche un vistazo a nuestra gama completa en <strong><a class=\"underline\" href=\"https:\/\/vozolpuff.de\/es\/\">vozolpuff.de<\/a><\/strong> explore nuestro <strong><a class=\"underline\" href=\"https:\/\/vozolpuff.de\/es\/product-category\/vozol-vape\/\">VOZOL VAPE<\/a><\/strong> Secci\u00f3n o descubra todas <strong><a class=\"underline\" href=\"https:\/\/vozolpuff.de\/es\/product-category\/vozol-vape\/vozol-gear-power-20000\/\">Vozol Gear Power 20000<\/a><\/strong> Variaciones de sabor.<\/p>","protected":false},"excerpt":{"rendered":"<p>El vaporizador desechable Vozol Gear Power 20000 Raspberry Watermelon combina frambuesas \u00e1cidas con sand\u00eda dulce. La tecnolog\u00eda S.i.L.C y la arquitectura de malla optimizada realzan los aromas frutales naturales en 12 000-20 000 caladas. El indicador de estado inteligente proporciona datos del dispositivo en tiempo real.<\/p>","protected":false},"featured_media":1112,"comment_status":"open","ping_status":"closed","template":"","meta":{"_acf_changed":false},"product_brand":[],"product_cat":[33],"product_tag":[],"class_list":{"0":"post-1110","1":"product","2":"type-product","3":"status-publish","4":"has-post-thumbnail","6":"product_cat-vozol-gear-power-20000","8":"first","9":"instock","10":"shipping-taxable","11":"purchasable","12":"product-type-variable"},"acf":[],"_links":{"self":[{"href":"https:\/\/vozolpuff.de\/es\/wp-json\/wp\/v2\/product\/1110","targetHints":{"allow":["GET"]}}],"collection":[{"href":"https:\/\/vozolpuff.de\/es\/wp-json\/wp\/v2\/product"}],"about":[{"href":"https:\/\/vozolpuff.de\/es\/wp-json\/wp\/v2\/types\/product"}],"replies":[{"embeddable":true,"href":"https:\/\/vozolpuff.de\/es\/wp-json\/wp\/v2\/comments?post=1110"}],"wp:featuredmedia":[{"embeddable":true,"href":"https:\/\/vozolpuff.de\/es\/wp-json\/wp\/v2\/media\/1112"}],"wp:attachment":[{"href":"https:\/\/vozolpuff.de\/es\/wp-json\/wp\/v2\/media?parent=1110"}],"wp:term":[{"taxonomy":"product_brand","embeddable":true,"href":"https:\/\/vozolpuff.de\/es\/wp-json\/wp\/v2\/product_brand?post=1110"},{"taxonomy":"product_cat","embeddable":true,"href":"https:\/\/vozolpuff.de\/es\/wp-json\/wp\/v2\/product_cat?post=1110"},{"taxonomy":"product_tag","embeddable":true,"href":"https:\/\/vozolpuff.de\/es\/wp-json\/wp\/v2\/product_tag?post=1110"}],"curies":[{"name":"wp","href":"https:\/\/api.w.org\/{rel}","templated":true}]}}