{"id":1134,"date":"2025-08-25T10:42:28","date_gmt":"2025-08-25T08:42:28","guid":{"rendered":"https:\/\/vozolpuff.de\/?post_type=product&#038;p=1134"},"modified":"2026-04-26T04:51:03","modified_gmt":"2026-04-26T02:51:03","slug":"vozol-gear-power-20000-cherry-lemonade","status":"publish","type":"product","link":"https:\/\/vozolpuff.de\/es\/producto\/vozol-gear-power-20000-cherry-lemonade\/","title":{"rendered":"Vozol Gear Power 20000 Limonada de Cereza"},"content":{"rendered":"<h2 class=\"text-xl font-bold text-text-100 mt-1 -mb-0.5\">Vozol Gear Power 20000 Cherry Lemonade Cigarrillo electr\u00f3nico desechable<\/h2>\n<p class=\"whitespace-normal break-words\">El Vozol Gear Power 20000 Cherry Lemonade aporta un refresco veraniego con la combinaci\u00f3n de cerezas dulces y limonada chispeante. Este cigarrillo electr\u00f3nico desechable de primera calidad utiliza una innovadora tecnolog\u00eda de doble malla para ofrecer un sabor excepcional y proporciona hasta 20 000 caladas intensas de forma constante. La potente bater\u00eda de 650 mAh, la pantalla clara y los 20 ml de e-l\u00edquido de primera calidad hacen que cada sesi\u00f3n sea una experiencia placentera.<\/p>\n<h3 class=\"text-lg font-bold text-text-100 mt-1 -mb-1.5\">Caracter\u00edsticas de Cherry Lemonade:<\/h3>\n<p class=\"whitespace-normal break-words\"><strong>Tecnolog\u00eda S.i.L.C:<\/strong> Perfecciona el equilibrio entre la dulzura de la cereza y la frescura de la limonada.<\/p>\n<p class=\"whitespace-normal break-words\"><strong>Potencia variable:<\/strong> Hasta 20 000 caladas en modo Eco de bajo consumo o 12 000 en modo Power de alto rendimiento.<\/p>\n<p class=\"whitespace-normal break-words\"><strong>Bobinas altamente desarrolladas:<\/strong> Maximiza la intensidad arom\u00e1tica de la mezcla Cherry Lemonade.<\/p>\n<p class=\"whitespace-normal break-words\"><strong>Supervisi\u00f3n inteligente:<\/strong> Actualizaciones en tiempo real sobre el estado de la bater\u00eda y el nivel de l\u00edquido<\/p>\n<p class=\"whitespace-normal break-words\"><strong>E-l\u00edquido de calidad:<\/strong> 20 ml de l\u00edquido premium precargado con un contenido de nicotina de 5% (50 mg).<\/p>\n<h3 class=\"text-lg font-bold text-text-100 mt-1 -mb-1.5\">Descubre m\u00e1s VOZOL VAPE en vozolpuff<\/h3>\n<p class=\"whitespace-normal break-words\">Descubra m\u00e1s productos de vapor premium en nuestra <strong><a class=\"underline\" href=\"https:\/\/vozolpuff.de\/es\/\">Tienda en l\u00ednea<\/a><\/strong> o consulte nuestra completa <strong><a class=\"underline\" href=\"https:\/\/vozolpuff.de\/es\/product-category\/vozol-vape\/\">Colecci\u00f3n VOZOL VAPE<\/a><\/strong>. Todos los sabores del popular <strong><a class=\"underline\" href=\"https:\/\/vozolpuff.de\/es\/product-category\/vozol-vape\/vozol-gear-power-20000\/\">Engranaje Vozol Power serie 20000<\/a><\/strong> en nuestra amplia gama.<\/p>","protected":false},"excerpt":{"rendered":"<div>\n<div class=\"grid-cols-1 grid gap-2.5 [&amp;_&gt;_*]:min-w-0\">\n<p class=\"whitespace-normal break-words\">Vozol Gear Power 20000 Cherry Lemonade Einweg-Vape mit sommerlicher Kirsch-Limonaden-Kombination. S.i.L.C Doppel-Mesh-Technologie, 12.000-20.000 Z\u00fcge, 650mAh Akku und Display f\u00fcr optimalen Dampfgenuss in Eco- oder Power-Modus.<\/p>\n<\/div>\n<\/div>\n<div class=\"flex flex-col gap-2 py-2\"><\/div>\n","protected":false},"featured_media":1136,"comment_status":"open","ping_status":"closed","template":"","meta":{"_acf_changed":false},"product_brand":[],"product_cat":[33],"product_tag":[],"class_list":{"0":"post-1134","1":"product","2":"type-product","3":"status-publish","4":"has-post-thumbnail","6":"product_cat-vozol-gear-power-20000","8":"first","9":"instock","10":"shipping-taxable","11":"purchasable","12":"product-type-variable"},"acf":[],"_links":{"self":[{"href":"https:\/\/vozolpuff.de\/es\/wp-json\/wp\/v2\/product\/1134","targetHints":{"allow":["GET"]}}],"collection":[{"href":"https:\/\/vozolpuff.de\/es\/wp-json\/wp\/v2\/product"}],"about":[{"href":"https:\/\/vozolpuff.de\/es\/wp-json\/wp\/v2\/types\/product"}],"replies":[{"embeddable":true,"href":"https:\/\/vozolpuff.de\/es\/wp-json\/wp\/v2\/comments?post=1134"}],"wp:featuredmedia":[{"embeddable":true,"href":"https:\/\/vozolpuff.de\/es\/wp-json\/wp\/v2\/media\/1136"}],"wp:attachment":[{"href":"https:\/\/vozolpuff.de\/es\/wp-json\/wp\/v2\/media?parent=1134"}],"wp:term":[{"taxonomy":"product_brand","embeddable":true,"href":"https:\/\/vozolpuff.de\/es\/wp-json\/wp\/v2\/product_brand?post=1134"},{"taxonomy":"product_cat","embeddable":true,"href":"https:\/\/vozolpuff.de\/es\/wp-json\/wp\/v2\/product_cat?post=1134"},{"taxonomy":"product_tag","embeddable":true,"href":"https:\/\/vozolpuff.de\/es\/wp-json\/wp\/v2\/product_tag?post=1134"}],"curies":[{"name":"wp","href":"https:\/\/api.w.org\/{rel}","templated":true}]}}