{"id":1140,"date":"2025-08-25T10:45:10","date_gmt":"2025-08-25T08:45:10","guid":{"rendered":"https:\/\/vozolpuff.de\/?post_type=product&#038;p=1140"},"modified":"2026-04-26T04:50:57","modified_gmt":"2026-04-26T02:50:57","slug":"vozol-gear-power-20000-mixed-berries","status":"publish","type":"product","link":"https:\/\/vozolpuff.de\/es\/producto\/vozol-gear-power-20000-mixed-berries\/","title":{"rendered":"Vozol Gear Power 20000 Mezcla de bayas"},"content":{"rendered":"<h2 class=\"text-xl font-bold text-text-100 mt-1 -mb-0.5\">Cigarrillo electr\u00f3nico desechable Vozol Gear Power 20000 Mixed Berries<\/h2>\n<p class=\"whitespace-normal break-words\">Sum\u00e9rgete en el mundo de los sabores de bayas mixtas con el Vozol Gear Power 20000 Mixed Berries. Este extraordinario vapeador desechable combina diferentes tipos de bayas para crear un perfil de sabor complejo y de m\u00faltiples capas. Con su revolucionario equipo de bobina de malla S.i.L.C, la bater\u00eda de larga duraci\u00f3n de 650mAh y la interfaz LED informativa, ofrece entre 12.000 y 20.000 caladas de puro placer de bayas.<\/p>\n<h3 class=\"text-lg font-bold text-text-100 mt-1 -mb-1.5\">Mezcla de bayas Detalles del producto:<\/h3>\n<p class=\"whitespace-normal break-words\"><strong>S.i.L.C. Innovaci\u00f3n en malla:<\/strong> Despliega de forma \u00f3ptima la variedad de sabores de las distintas bayas<\/p>\n<p class=\"whitespace-normal break-words\"><strong>Sistema de modo dual:<\/strong> 20.000 caladas sabrosas en el modo Eco o 12.000 caladas intensas en el modo Power<\/p>\n<p class=\"whitespace-normal break-words\"><strong>Tecnolog\u00eda avanzada de bobinas:<\/strong> Realza el dulzor natural de la mezcla de bayas<\/p>\n<p class=\"whitespace-normal break-words\"><strong>Visualizaci\u00f3n precisa:<\/strong> Muestra los valores exactos de duraci\u00f3n de la bater\u00eda y consumo de e-l\u00edquido<\/p>\n<p class=\"whitespace-normal break-words\"><strong>Contenido premium:<\/strong> 20mL de e-l\u00edquido de alta calidad con 5% de nicotina<\/p>\n<h3 class=\"text-lg font-bold text-text-100 mt-1 -mb-1.5\">Descubre m\u00e1s VOZOL VAPE en vozolpuff<\/h3>\n<p class=\"whitespace-normal break-words\">Descubra m\u00e1s productos de vapor premium en nuestra <strong><a class=\"underline\" href=\"https:\/\/vozolpuff.de\/es\/\">Tienda en l\u00ednea<\/a><\/strong> o consulte nuestra completa <strong><a class=\"underline\" href=\"https:\/\/vozolpuff.de\/es\/product-category\/vozol-vape\/\">Colecci\u00f3n VOZOL VAPE<\/a><\/strong>. Todos los sabores del popular <strong><a class=\"underline\" href=\"https:\/\/vozolpuff.de\/es\/product-category\/vozol-vape\/vozol-gear-power-20000\/\">Engranaje Vozol Power serie 20000<\/a><\/strong> en nuestra amplia gama.<\/p>","protected":false},"excerpt":{"rendered":"<div>\n<div class=\"grid-cols-1 grid gap-2.5 [&amp;_&gt;_*]:min-w-0\">\n<p class=\"whitespace-normal break-words\">Vozol Gear Power 20000 Mixed Berries Einweg-Vape mit vielschichtiger Beerenmischung. S.i.L.C Mesh-Technologie, 12.000-20.000 Z\u00fcge, 650mAh Akku und LED-Display f\u00fcr optimalen Dampfgenuss in Eco- oder Power-Modus.<\/p>\n<\/div>\n<\/div>\n<div class=\"flex flex-col gap-2 py-2\"><\/div>\n","protected":false},"featured_media":1142,"comment_status":"open","ping_status":"closed","template":"","meta":{"_acf_changed":false},"product_brand":[],"product_cat":[33],"product_tag":[],"class_list":{"0":"post-1140","1":"product","2":"type-product","3":"status-publish","4":"has-post-thumbnail","6":"product_cat-vozol-gear-power-20000","8":"first","9":"instock","10":"shipping-taxable","11":"purchasable","12":"product-type-variable"},"acf":[],"_links":{"self":[{"href":"https:\/\/vozolpuff.de\/es\/wp-json\/wp\/v2\/product\/1140","targetHints":{"allow":["GET"]}}],"collection":[{"href":"https:\/\/vozolpuff.de\/es\/wp-json\/wp\/v2\/product"}],"about":[{"href":"https:\/\/vozolpuff.de\/es\/wp-json\/wp\/v2\/types\/product"}],"replies":[{"embeddable":true,"href":"https:\/\/vozolpuff.de\/es\/wp-json\/wp\/v2\/comments?post=1140"}],"wp:featuredmedia":[{"embeddable":true,"href":"https:\/\/vozolpuff.de\/es\/wp-json\/wp\/v2\/media\/1142"}],"wp:attachment":[{"href":"https:\/\/vozolpuff.de\/es\/wp-json\/wp\/v2\/media?parent=1140"}],"wp:term":[{"taxonomy":"product_brand","embeddable":true,"href":"https:\/\/vozolpuff.de\/es\/wp-json\/wp\/v2\/product_brand?post=1140"},{"taxonomy":"product_cat","embeddable":true,"href":"https:\/\/vozolpuff.de\/es\/wp-json\/wp\/v2\/product_cat?post=1140"},{"taxonomy":"product_tag","embeddable":true,"href":"https:\/\/vozolpuff.de\/es\/wp-json\/wp\/v2\/product_tag?post=1140"}],"curies":[{"name":"wp","href":"https:\/\/api.w.org\/{rel}","templated":true}]}}