{"id":1158,"date":"2025-08-25T10:53:31","date_gmt":"2025-08-25T08:53:31","guid":{"rendered":"https:\/\/vozolpuff.de\/?post_type=product&#038;p=1158"},"modified":"2026-04-26T04:50:38","modified_gmt":"2026-04-26T02:50:38","slug":"vozol-gear-power-20000-tobacco","status":"publish","type":"product","link":"https:\/\/vozolpuff.de\/es\/producto\/vozol-gear-power-20000-tobacco\/","title":{"rendered":"Vozol Gear Power 20000 Tabaco"},"content":{"rendered":"<h2 class=\"text-xl font-bold text-text-100 mt-1 -mb-0.5\">Vozol Gear Power 20000 Tabaco e-cigarrillo desechable<\/h2>\n<p class=\"whitespace-normal break-words\">Para los amantes de los sabores cl\u00e1sicos a tabaco, el Vozol Gear Power 20000 Tobacco ofrece una experiencia de sabor aut\u00e9ntica y con cuerpo. Este elegante e-cigarrillo desechable reproduce la complejidad de los sabores tradicionales del tabaco con la tecnolog\u00eda S.i.L.C de \u00faltima generaci\u00f3n, proporcionando hasta 20.000 sabrosas caladas de forma constante. La fiable bater\u00eda de 650 mAh, la pantalla informativa y los 20 ml de e-l\u00edquido de alta calidad garantizan un disfrute duradero sin concesiones.<\/p>\n<h3 class=\"text-lg font-bold text-text-100 mt-1 -mb-1.5\">Caracter\u00edsticas de calidad del tabaco:<\/h3>\n<p class=\"whitespace-normal break-words\"><strong>Experiencia en bobinas S.i.L.C:<\/strong> Reproduce la profundidad y complejidad naturales del sabor del tabaco<\/p>\n<p class=\"whitespace-normal break-words\"><strong>Modos vers\u00e1tiles:<\/strong> 20.000 caladas aut\u00e9nticas en modo Eco o 12.000 caladas potentes en modo Power<\/p>\n<p class=\"whitespace-normal break-words\"><strong>Bobinas de malla especializadas:<\/strong> Realza los matices caracter\u00edsticos del tabaco<\/p>\n<p class=\"whitespace-normal break-words\"><strong>Interfaz profesional:<\/strong> Muestra datos precisos sobre el nivel de carga y consumo de la bater\u00eda<\/p>\n<p class=\"whitespace-normal break-words\"><strong>Mezcla de alta calidad:<\/strong> E-l\u00edquido premium de 20mL con 5% (50mg) de nicotina<\/p>\n<h3 class=\"text-lg font-bold text-text-100 mt-1 -mb-1.5\">Descubre m\u00e1s VOZOL VAPE en vozolpuff<\/h3>\n<p class=\"whitespace-normal break-words\">Descubra m\u00e1s productos de vapor premium en nuestra <strong><a class=\"underline\" href=\"https:\/\/vozolpuff.de\/es\/\">Tienda en l\u00ednea<\/a><\/strong> o consulte nuestra completa <strong><a class=\"underline\" href=\"https:\/\/vozolpuff.de\/es\/product-category\/vozol-vape\/\">Colecci\u00f3n VOZOL VAPE<\/a><\/strong>. Todos los sabores del popular <strong><a class=\"underline\" href=\"https:\/\/vozolpuff.de\/es\/product-category\/vozol-vape\/vozol-gear-power-20000\/\">Engranaje Vozol Power serie 20000<\/a><\/strong> en nuestra amplia gama.<\/p>","protected":false},"excerpt":{"rendered":"<div>\n<div class=\"grid-cols-1 grid gap-2.5 [&amp;_&gt;_*]:min-w-0\">\n<p class=\"whitespace-normal break-words\">Vozol Gear Power 20000 Tobacco Einweg-Vape mit authentischem, vollmundigem Tabakaroma. S.i.L.C Mesh-Technologie, 12.000-20.000 Z\u00fcge, 650mAh Akku und Display f\u00fcr optimalen Dampfgenuss in Eco- oder Power-Modus.<\/p>\n<\/div>\n<\/div>\n<div class=\"flex flex-col gap-2 py-2\"><\/div>\n","protected":false},"featured_media":1160,"comment_status":"open","ping_status":"closed","template":"","meta":{"_acf_changed":false},"product_brand":[],"product_cat":[33],"product_tag":[],"class_list":{"0":"post-1158","1":"product","2":"type-product","3":"status-publish","4":"has-post-thumbnail","6":"product_cat-vozol-gear-power-20000","8":"first","9":"instock","10":"shipping-taxable","11":"purchasable","12":"product-type-variable"},"acf":[],"_links":{"self":[{"href":"https:\/\/vozolpuff.de\/es\/wp-json\/wp\/v2\/product\/1158","targetHints":{"allow":["GET"]}}],"collection":[{"href":"https:\/\/vozolpuff.de\/es\/wp-json\/wp\/v2\/product"}],"about":[{"href":"https:\/\/vozolpuff.de\/es\/wp-json\/wp\/v2\/types\/product"}],"replies":[{"embeddable":true,"href":"https:\/\/vozolpuff.de\/es\/wp-json\/wp\/v2\/comments?post=1158"}],"wp:featuredmedia":[{"embeddable":true,"href":"https:\/\/vozolpuff.de\/es\/wp-json\/wp\/v2\/media\/1160"}],"wp:attachment":[{"href":"https:\/\/vozolpuff.de\/es\/wp-json\/wp\/v2\/media?parent=1158"}],"wp:term":[{"taxonomy":"product_brand","embeddable":true,"href":"https:\/\/vozolpuff.de\/es\/wp-json\/wp\/v2\/product_brand?post=1158"},{"taxonomy":"product_cat","embeddable":true,"href":"https:\/\/vozolpuff.de\/es\/wp-json\/wp\/v2\/product_cat?post=1158"},{"taxonomy":"product_tag","embeddable":true,"href":"https:\/\/vozolpuff.de\/es\/wp-json\/wp\/v2\/product_tag?post=1158"}],"curies":[{"name":"wp","href":"https:\/\/api.w.org\/{rel}","templated":true}]}}