{"id":1162,"date":"2025-08-25T10:55:44","date_gmt":"2025-08-25T08:55:44","guid":{"rendered":"https:\/\/vozolpuff.de\/?post_type=product&#038;p=1162"},"modified":"2026-04-26T04:50:31","modified_gmt":"2026-04-26T02:50:31","slug":"vozol-gear-power-20000-peach-ice","status":"publish","type":"product","link":"https:\/\/vozolpuff.de\/es\/producto\/vozol-gear-power-20000-peach-ice\/","title":{"rendered":"Vozol Gear Power 20000 Peach Ice"},"content":{"rendered":"<h2 class=\"text-xl font-bold text-text-100 mt-1 -mb-0.5\">Vozol Gear Power 20000 Peach Ice e-cigarrillo desechable<\/h2>\n<p class=\"whitespace-normal break-words\">El Vozol Gear Power 20000 Peach Ice combina la dulzura aterciopelada del melocot\u00f3n maduro con una nota refrescante para una experiencia de vapeo sin igual. Este innovador vapeador desechable utiliza una avanzada tecnolog\u00eda de doble malla para mantener el delicado equilibrio entre el sabor afrutado y el frescor durante un m\u00e1ximo de 20.000 caladas. Equipado con una potente bater\u00eda de 650 mAh, pantalla LED inteligente y 20 ml de e-l\u00edquido de primera calidad, ofrece una calidad constante desde la primera calada hasta la \u00faltima.<\/p>\n<h3 class=\"text-lg font-bold text-text-100 mt-1 -mb-1.5\">Caracter\u00edsticas de rendimiento de Peach Ice:<\/h3>\n<p class=\"whitespace-normal break-words\"><strong>Tecnolog\u00eda S.i.L.C:<\/strong> Optimiza la combinaci\u00f3n de dulzor de melocot\u00f3n y refrescante frescor<\/p>\n<p class=\"whitespace-normal break-words\"><strong>Modos de utilizaci\u00f3n flexibles:<\/strong> 20.000 caladas fr\u00edas en modo Eco econ\u00f3mico o 12.000 caladas intensas en modo Power<\/p>\n<p class=\"whitespace-normal break-words\"><strong>Sistemas de malla avanzados:<\/strong> Maximiza tanto el sabor a fruta como el efecto refrescante<\/p>\n<p class=\"whitespace-normal break-words\"><strong>Pantallas inteligentes:<\/strong> Control en directo de la duraci\u00f3n de la bater\u00eda y del nivel de e-l\u00edquido<\/p>\n<p class=\"whitespace-normal break-words\"><strong>Relleno de primera calidad:<\/strong> 20mL de e-l\u00edquido de alta calidad con 5% de nicotina<\/p>\n<h3 class=\"text-lg font-bold text-text-100 mt-1 -mb-1.5\">Descubre m\u00e1s VOZOL VAPE en vozolpuff<\/h3>\n<p class=\"whitespace-normal break-words\">Descubra m\u00e1s productos de vapor premium en nuestra <strong><a class=\"underline\" href=\"https:\/\/vozolpuff.de\/es\/\">Tienda en l\u00ednea<\/a><\/strong> o consulte nuestra completa <strong><a class=\"underline\" href=\"https:\/\/vozolpuff.de\/es\/product-category\/vozol-vape\/\">Colecci\u00f3n VOZOL VAPE<\/a><\/strong>. Todos los sabores del popular <strong><a class=\"underline\" href=\"https:\/\/vozolpuff.de\/es\/product-category\/vozol-vape\/vozol-gear-power-20000\/\">Engranaje Vozol Power serie 20000<\/a><\/strong> en nuestra amplia gama.<\/p>","protected":false},"excerpt":{"rendered":"<div>\n<div class=\"grid-cols-1 grid gap-2.5 [&amp;_&gt;_*]:min-w-0\">\n<p class=\"whitespace-normal break-words\">Vozol Gear Power 20000 Peach Ice Einweg-Vape mit samtiger Pfirsich-Eis-Kombination. S.i.L.C Dual-Mesh-Technologie, 12.000-20.000 Z\u00fcge, 650mAh Akku und LED-Display f\u00fcr optimalen Dampfgenuss in Eco- oder Power-Modus.<\/p>\n<\/div>\n<\/div>\n<div class=\"flex flex-col gap-2 py-2\"><\/div>\n","protected":false},"featured_media":1164,"comment_status":"open","ping_status":"closed","template":"","meta":{"_acf_changed":false},"product_brand":[],"product_cat":[33],"product_tag":[],"class_list":{"0":"post-1162","1":"product","2":"type-product","3":"status-publish","4":"has-post-thumbnail","6":"product_cat-vozol-gear-power-20000","8":"first","9":"instock","10":"shipping-taxable","11":"purchasable","12":"product-type-variable"},"acf":[],"_links":{"self":[{"href":"https:\/\/vozolpuff.de\/es\/wp-json\/wp\/v2\/product\/1162","targetHints":{"allow":["GET"]}}],"collection":[{"href":"https:\/\/vozolpuff.de\/es\/wp-json\/wp\/v2\/product"}],"about":[{"href":"https:\/\/vozolpuff.de\/es\/wp-json\/wp\/v2\/types\/product"}],"replies":[{"embeddable":true,"href":"https:\/\/vozolpuff.de\/es\/wp-json\/wp\/v2\/comments?post=1162"}],"wp:featuredmedia":[{"embeddable":true,"href":"https:\/\/vozolpuff.de\/es\/wp-json\/wp\/v2\/media\/1164"}],"wp:attachment":[{"href":"https:\/\/vozolpuff.de\/es\/wp-json\/wp\/v2\/media?parent=1162"}],"wp:term":[{"taxonomy":"product_brand","embeddable":true,"href":"https:\/\/vozolpuff.de\/es\/wp-json\/wp\/v2\/product_brand?post=1162"},{"taxonomy":"product_cat","embeddable":true,"href":"https:\/\/vozolpuff.de\/es\/wp-json\/wp\/v2\/product_cat?post=1162"},{"taxonomy":"product_tag","embeddable":true,"href":"https:\/\/vozolpuff.de\/es\/wp-json\/wp\/v2\/product_tag?post=1162"}],"curies":[{"name":"wp","href":"https:\/\/api.w.org\/{rel}","templated":true}]}}