{"id":1168,"date":"2025-08-25T10:58:08","date_gmt":"2025-08-25T08:58:08","guid":{"rendered":"https:\/\/vozolpuff.de\/?post_type=product&#038;p=1168"},"modified":"2026-04-26T04:50:25","modified_gmt":"2026-04-26T02:50:25","slug":"vozol-gear-power-20000-strawberry-watermelon","status":"publish","type":"product","link":"https:\/\/vozolpuff.de\/es\/producto\/vozol-gear-power-20000-strawberry-watermelon\/","title":{"rendered":"Vozol Gear Power 20000 Fresa Sand\u00eda"},"content":{"rendered":"<h2 class=\"text-xl font-bold text-text-100 mt-1 -mb-0.5\">Cigarrillo electr\u00f3nico desechable Vozol Gear Power 20000 Strawberry Watermelon<\/h2>\n<p class=\"whitespace-normal break-words\">Disfruta de la frescura del verano con el vapeador Vozol Gear Power 20000 Strawberry Watermelon, que combina fresas dulces con sand\u00eda jugosa para crear una experiencia de sabor refrescante. Este vapeador desechable premium impresiona con su innovaci\u00f3n de bobina de malla S.i.L.C y ofrece entre 12.000 y 20.000 caladas de puro sabor afrutado. La bater\u00eda de larga duraci\u00f3n de 650 mAh, la interfaz LED de f\u00e1cil uso y los 20 ml de e-l\u00edquido de primera calidad garantizan un disfrute del vapeo sin restricciones en cualquier momento del d\u00eda.<\/p>\n<h3 class=\"text-lg font-bold text-text-100 mt-1 -mb-1.5\">Fresa Sand\u00eda Beneficios del producto:<\/h3>\n<p class=\"whitespace-normal break-words\"><strong>Perfecci\u00f3n de la malla S.i.L.C:<\/strong> Realza el dulzor natural de las fresas y la frescura de la sand\u00eda<\/p>\n<p class=\"whitespace-normal break-words\"><strong>Rendimiento personalizable:<\/strong> 20.000 caladas afrutadas en el modo Eco o 12.000 caladas potentes en el modo Power<\/p>\n<p class=\"whitespace-normal break-words\"><strong>Innovadora estructura de la bobina:<\/strong> Hace hincapi\u00e9 en los dos componentes de la fruta de manera uniforme e intensa<\/p>\n<p class=\"whitespace-normal break-words\"><strong>Control preciso:<\/strong> Visualizaci\u00f3n precisa del estado de la bater\u00eda y del consumo de l\u00edquido<\/p>\n<p class=\"whitespace-normal break-words\"><strong>E-l\u00edquido de calidad:<\/strong> Relleno premium de 20mL con 5% (50mg) de potencia de nicotina<\/p>\n<h3 class=\"text-lg font-bold text-text-100 mt-1 -mb-1.5\">Descubre m\u00e1s VOZOL VAPE en vozolpuff<\/h3>\n<p class=\"whitespace-normal break-words\">Descubra m\u00e1s productos de vapor premium en nuestra <strong><a class=\"underline\" href=\"https:\/\/vozolpuff.de\/es\/\">Tienda en l\u00ednea<\/a><\/strong> o consulte nuestra completa <strong><a class=\"underline\" href=\"https:\/\/vozolpuff.de\/es\/product-category\/vozol-vape\/\">Colecci\u00f3n VOZOL VAPE<\/a><\/strong>. Todos los sabores del popular <strong><a class=\"underline\" href=\"https:\/\/vozolpuff.de\/es\/product-category\/vozol-vape\/vozol-gear-power-20000\/\">Engranaje Vozol Power serie 20000<\/a><\/strong> en nuestra amplia gama.<\/p>","protected":false},"excerpt":{"rendered":"<div>\n<div class=\"grid-cols-1 grid gap-2.5 [&amp;_&gt;_*]:min-w-0\">\n<p class=\"whitespace-normal break-words\">Vozol Gear Power 20000 Strawberry Watermelon Einweg-Vape mit sommerlicher Erdbeer-Wassermelonen-Kombination. S.i.L.C Mesh-Technologie, 12.000-20.000 Z\u00fcge, 650mAh Akku und LED-Display f\u00fcr optimalen Dampfgenuss in Eco- oder Power-Modus.<\/p>\n<\/div>\n<\/div>\n<div class=\"flex flex-col gap-2 py-2\"><\/div>\n","protected":false},"featured_media":1170,"comment_status":"open","ping_status":"closed","template":"","meta":{"_acf_changed":false},"product_brand":[],"product_cat":[33],"product_tag":[],"class_list":{"0":"post-1168","1":"product","2":"type-product","3":"status-publish","4":"has-post-thumbnail","6":"product_cat-vozol-gear-power-20000","8":"first","9":"instock","10":"shipping-taxable","11":"purchasable","12":"product-type-variable"},"acf":[],"_links":{"self":[{"href":"https:\/\/vozolpuff.de\/es\/wp-json\/wp\/v2\/product\/1168","targetHints":{"allow":["GET"]}}],"collection":[{"href":"https:\/\/vozolpuff.de\/es\/wp-json\/wp\/v2\/product"}],"about":[{"href":"https:\/\/vozolpuff.de\/es\/wp-json\/wp\/v2\/types\/product"}],"replies":[{"embeddable":true,"href":"https:\/\/vozolpuff.de\/es\/wp-json\/wp\/v2\/comments?post=1168"}],"wp:featuredmedia":[{"embeddable":true,"href":"https:\/\/vozolpuff.de\/es\/wp-json\/wp\/v2\/media\/1170"}],"wp:attachment":[{"href":"https:\/\/vozolpuff.de\/es\/wp-json\/wp\/v2\/media?parent=1168"}],"wp:term":[{"taxonomy":"product_brand","embeddable":true,"href":"https:\/\/vozolpuff.de\/es\/wp-json\/wp\/v2\/product_brand?post=1168"},{"taxonomy":"product_cat","embeddable":true,"href":"https:\/\/vozolpuff.de\/es\/wp-json\/wp\/v2\/product_cat?post=1168"},{"taxonomy":"product_tag","embeddable":true,"href":"https:\/\/vozolpuff.de\/es\/wp-json\/wp\/v2\/product_tag?post=1168"}],"curies":[{"name":"wp","href":"https:\/\/api.w.org\/{rel}","templated":true}]}}