{"id":1178,"date":"2025-08-25T14:13:47","date_gmt":"2025-08-25T12:13:47","guid":{"rendered":"https:\/\/vozolpuff.de\/?post_type=product&#038;p=1178"},"modified":"2026-03-31T16:14:19","modified_gmt":"2026-03-31T14:14:19","slug":"vozol-gear-shisha-25000-two-apples","status":"publish","type":"product","link":"https:\/\/vozolpuff.de\/es\/producto\/vozol-gear-shisha-25000-two-apples\/","title":{"rendered":"Vozol Gear Shisha 25000 Dos Manzanas"},"content":{"rendered":"<h2 class=\"text-xl font-bold text-text-100 mt-1 -mb-0.5\">e-cigarrillo desechable Vozol Gear Shisha 25000 Two Apples<\/h2>\n<p class=\"whitespace-normal break-words\">En <strong>Vozol Gear Shisha 25000 Dos Manzanas<\/strong> combina el cl\u00e1sico doble sabor a manzana en un vaporizador desechable de \u00faltima generaci\u00f3n. Con una impresionante capacidad de hasta 25.000 caladas en el econ\u00f3mico modo Eco, podr\u00e1s disfrutar de momentos de vapor de larga duraci\u00f3n sin compromisos. El potente modo Power ofrece experiencias de sabor m\u00e1s intensas gracias a la innovadora tecnolog\u00eda de doble bobina de malla. El sistema de flujo de aire optimizado aerodin\u00e1micamente se ha desarrollado especialmente para los entusiastas del DTL y garantiza caladas suaves y aterciopeladas sin esfuerzo. Equipado con una robusta bater\u00eda de 1000 mAh, un dep\u00f3sito de l\u00edquido de gran volumen de 24 ml y una clara pantalla a color de 2,1 pulgadas, este dispositivo combina resistencia, innovaci\u00f3n y comodidad en perfecta armon\u00eda.<\/p>\n<h3 class=\"text-lg font-bold text-text-100 mt-1 -mb-1.5\">Caracter\u00edsticas t\u00e9cnicas de la Vozol Gear Shisha 25000 Two Apples:<\/h3>\n<p class=\"whitespace-normal break-words\"><strong>Almacenamiento de energ\u00eda:<\/strong> Bater\u00eda de alto rendimiento de 1000 mAh<br \/>\n<strong>Modo Eco:<\/strong> Hasta 25.000 trenes de vapor<br \/>\n<strong>Funcionamiento el\u00e9ctrico:<\/strong> Hasta 18.000 trenes de vapor<br \/>\n<strong>Potencia de nicotina:<\/strong> 5mg\/ml para una experiencia de vapeo satisfactoria<br \/>\n<strong>Tecnolog\u00eda de tracci\u00f3n:<\/strong> DTL (Direct-to-Lung) para nubes de vapor voluminosas<br \/>\n<strong>Elementos calefactores:<\/strong> Bobinas de doble malla para un sabor y un desarrollo del vapor \u00f3ptimos<br \/>\n<strong>Funciones inteligentes:<\/strong> Interacci\u00f3n de audio para un funcionamiento moderno<br \/>\n<strong>Pantalla:<\/strong> Pantalla a todo color de 2,1 pulgadas para controlar el estado<br \/>\n<strong>Suministro de aire:<\/strong> Control de flujo de aire variable para experiencias de vapeo personalizadas<\/p>\n<h3 class=\"text-lg font-bold text-text-100 mt-1 -mb-1.5\">Descubre m\u00e1s VOZOL VAPE en vozolpuff<\/h3>\n<p class=\"whitespace-normal break-words\">Descubra m\u00e1s productos de vapor premium en nuestra <strong><a class=\"underline\" href=\"https:\/\/vozolpuff.de\/es\/\">Surtido principal<\/a><\/strong>consulte nuestra gama completa de <strong><a class=\"underline\" href=\"https:\/\/vozolpuff.de\/es\/product-category\/vozol-vape\/\">Colecci\u00f3n VOZOL VAPE<\/a><\/strong> o explore todos los <strong><a class=\"underline\" href=\"https:\/\/vozolpuff.de\/es\/product-category\/vozol-vape\/vozol-gear-shisha-25000\/\">Vozol Gear Shisha 25000 sabores<\/a><\/strong>.<\/p>","protected":false},"excerpt":{"rendered":"<div>\n<div class=\"grid-cols-1 grid gap-2.5 [&amp;_&gt;_*]:min-w-0\">\n<p class=\"whitespace-normal break-words\">Vozol Gear Shisha 25000 Two Apples Einweg-Vape mit klassischem Doppel-Apfel-Geschmack. Dual-Mesh-Technologie, 18.000-25.000 Z\u00fcge, 1000mAh Akku, 24ml E-Liquid und 2,1-Zoll-Farbdisplay f\u00fcr DTL-Dampfgenuss in Eco- oder Power-Modus.<\/p>\n<\/div>\n<\/div>\n<div class=\"flex flex-col gap-2 py-2\"><\/div>\n","protected":false},"featured_media":1181,"comment_status":"open","ping_status":"closed","template":"","meta":{"_acf_changed":false},"product_brand":[],"product_cat":[34],"product_tag":[],"class_list":{"0":"post-1178","1":"product","2":"type-product","3":"status-publish","4":"has-post-thumbnail","6":"product_cat-vozol-gear-shisha-25000","8":"first","9":"instock","10":"shipping-taxable","11":"purchasable","12":"product-type-variable"},"acf":[],"_links":{"self":[{"href":"https:\/\/vozolpuff.de\/es\/wp-json\/wp\/v2\/product\/1178","targetHints":{"allow":["GET"]}}],"collection":[{"href":"https:\/\/vozolpuff.de\/es\/wp-json\/wp\/v2\/product"}],"about":[{"href":"https:\/\/vozolpuff.de\/es\/wp-json\/wp\/v2\/types\/product"}],"replies":[{"embeddable":true,"href":"https:\/\/vozolpuff.de\/es\/wp-json\/wp\/v2\/comments?post=1178"}],"wp:featuredmedia":[{"embeddable":true,"href":"https:\/\/vozolpuff.de\/es\/wp-json\/wp\/v2\/media\/1181"}],"wp:attachment":[{"href":"https:\/\/vozolpuff.de\/es\/wp-json\/wp\/v2\/media?parent=1178"}],"wp:term":[{"taxonomy":"product_brand","embeddable":true,"href":"https:\/\/vozolpuff.de\/es\/wp-json\/wp\/v2\/product_brand?post=1178"},{"taxonomy":"product_cat","embeddable":true,"href":"https:\/\/vozolpuff.de\/es\/wp-json\/wp\/v2\/product_cat?post=1178"},{"taxonomy":"product_tag","embeddable":true,"href":"https:\/\/vozolpuff.de\/es\/wp-json\/wp\/v2\/product_tag?post=1178"}],"curies":[{"name":"wp","href":"https:\/\/api.w.org\/{rel}","templated":true}]}}