{"id":1184,"date":"2025-08-25T14:17:26","date_gmt":"2025-08-25T12:17:26","guid":{"rendered":"https:\/\/vozolpuff.de\/?post_type=product&#038;p=1184"},"modified":"2026-03-31T16:14:12","modified_gmt":"2026-03-31T14:14:12","slug":"vozol-gear-shisha-25000-watermelon-ice","status":"publish","type":"product","link":"https:\/\/vozolpuff.de\/es\/producto\/vozol-gear-shisha-25000-watermelon-ice\/","title":{"rendered":"Vozol Gear Shisha 25000 Sand\u00eda Ice"},"content":{"rendered":"<h2 class=\"text-xl font-bold text-text-100 mt-1 -mb-0.5\">Vozol Gear Shisha 25000 Watermelon Ice Cigarrillo electr\u00f3nico desechable<\/h2>\n<p class=\"whitespace-normal break-words\">Experiencia con el <strong>Vozol Gear Shisha 25000 Sand\u00eda Ice<\/strong> La fusi\u00f3n perfecta entre la jugosa sand\u00eda y el frescor refrescante. Este dispositivo desechable premium ofrece 25 000 caladas excepcionales en modo Eco de bajo consumo para sesiones de vapeo prolongadas. El potente modo Power permite disfrutar de experiencias de sabor m\u00e1s intensas gracias a la avanzada tecnolog\u00eda de bobina de doble malla. El dise\u00f1o aerodin\u00e1mico de la v\u00eda a\u00e9rea satisface a la perfecci\u00f3n las exigencias de los vapeadores DTL m\u00e1s exigentes y garantiza caladas instant\u00e1neas y sedosas. La combinaci\u00f3n de una potente bater\u00eda de 1000 mAh, un generoso dep\u00f3sito de e-l\u00edquido de 24 ml y una moderna pantalla mega de 2,1 pulgadas crea la simbiosis ideal entre durabilidad, funcionalidad y facilidad de uso.<\/p>\n<h3 class=\"text-lg font-bold text-text-100 mt-1 -mb-1.5\">Especificaciones de la Vozol Gear Shisha 25000 Watermelon Ice:<\/h3>\n<p class=\"whitespace-normal break-words\"><strong>Capacidad de la bater\u00eda:<\/strong> 1000 mAh para una mayor duraci\u00f3n<br \/>\n<strong>Modo Eco:<\/strong> Hasta 25.000 bocanadas refrescantes<br \/>\n<strong>Modo de alimentaci\u00f3n:<\/strong> Hasta 18 000 movimientos intensos<br \/>\n<strong>Contenido de nicotina:<\/strong> 5 mg\/ml para momentos de vapor satisfactorios<br \/>\n<strong>Estilo vapor:<\/strong> DTL (Directo al Pulm\u00f3n) para una formaci\u00f3n de nubes impresionante<br \/>\n<strong>Sistema de bobina:<\/strong> Tecnolog\u00eda Dual Mesh para un sabor y una producci\u00f3n de vapor intensificados<br \/>\n<strong>Interactividad:<\/strong> Retroalimentaci\u00f3n de audio para una experiencia de usuario moderna<br \/>\n<strong>Tecnolog\u00eda de visualizaci\u00f3n:<\/strong> Pantalla en color de 2,1 pulgadas para facilitar la supervisi\u00f3n<br \/>\n<strong>Sistema de flujo de aire:<\/strong> Regulaci\u00f3n ajustable del flujo de aire para caladas personalizadas<\/p>\n<h3 class=\"text-lg font-bold text-text-100 mt-1 -mb-1.5\">Descubre m\u00e1s VOZOL VAPE en vozolpuff<\/h3>\n<p class=\"whitespace-normal break-words\">Descubra m\u00e1s productos de vapor premium en nuestra <strong><a class=\"underline\" href=\"https:\/\/vozolpuff.de\/es\/\">Surtido principal<\/a><\/strong>consulte nuestra gama completa de <strong><a class=\"underline\" href=\"https:\/\/vozolpuff.de\/es\/product-category\/vozol-vape\/\">Colecci\u00f3n VOZOL VAPE<\/a><\/strong> o explore todos los <strong><a class=\"underline\" href=\"https:\/\/vozolpuff.de\/es\/product-category\/vozol-vape\/vozol-gear-shisha-25000\/\">Vozol Gear Shisha 25000 sabores<\/a><\/strong>.<\/p>","protected":false},"excerpt":{"rendered":"<div>\n<div class=\"grid-cols-1 grid gap-2.5 [&amp;_&gt;_*]:min-w-0\">\n<p class=\"whitespace-normal break-words\">Vozol Gear Shisha 25000 Watermelon Ice Einweg-Vape mit saftiger Wassermelone und erfrischender K\u00fchle. Dual-Mesh-Technologie, 18.000-25.000 Z\u00fcge, 1000mAh Akku, 24ml E-Liquid und 2,1-Zoll-Farbdisplay f\u00fcr DTL-Dampfgenuss.<\/p>\n<\/div>\n<\/div>\n<div class=\"flex flex-col gap-2 py-2\"><\/div>\n","protected":false},"featured_media":1188,"comment_status":"open","ping_status":"closed","template":"","meta":{"_acf_changed":false},"product_brand":[],"product_cat":[34],"product_tag":[],"class_list":{"0":"post-1184","1":"product","2":"type-product","3":"status-publish","4":"has-post-thumbnail","6":"product_cat-vozol-gear-shisha-25000","8":"first","9":"instock","10":"shipping-taxable","11":"purchasable","12":"product-type-variable"},"acf":[],"_links":{"self":[{"href":"https:\/\/vozolpuff.de\/es\/wp-json\/wp\/v2\/product\/1184","targetHints":{"allow":["GET"]}}],"collection":[{"href":"https:\/\/vozolpuff.de\/es\/wp-json\/wp\/v2\/product"}],"about":[{"href":"https:\/\/vozolpuff.de\/es\/wp-json\/wp\/v2\/types\/product"}],"replies":[{"embeddable":true,"href":"https:\/\/vozolpuff.de\/es\/wp-json\/wp\/v2\/comments?post=1184"}],"wp:featuredmedia":[{"embeddable":true,"href":"https:\/\/vozolpuff.de\/es\/wp-json\/wp\/v2\/media\/1188"}],"wp:attachment":[{"href":"https:\/\/vozolpuff.de\/es\/wp-json\/wp\/v2\/media?parent=1184"}],"wp:term":[{"taxonomy":"product_brand","embeddable":true,"href":"https:\/\/vozolpuff.de\/es\/wp-json\/wp\/v2\/product_brand?post=1184"},{"taxonomy":"product_cat","embeddable":true,"href":"https:\/\/vozolpuff.de\/es\/wp-json\/wp\/v2\/product_cat?post=1184"},{"taxonomy":"product_tag","embeddable":true,"href":"https:\/\/vozolpuff.de\/es\/wp-json\/wp\/v2\/product_tag?post=1184"}],"curies":[{"name":"wp","href":"https:\/\/api.w.org\/{rel}","templated":true}]}}