{"id":1190,"date":"2025-08-25T14:20:01","date_gmt":"2025-08-25T12:20:01","guid":{"rendered":"https:\/\/vozolpuff.de\/?post_type=product&#038;p=1190"},"modified":"2026-03-31T16:14:06","modified_gmt":"2026-03-31T14:14:06","slug":"vozol-gear-shisha-25000-mango-freeze","status":"publish","type":"product","link":"https:\/\/vozolpuff.de\/es\/producto\/vozol-gear-shisha-25000-mango-freeze\/","title":{"rendered":"Vozol Gear Shisha 25000 Mango Freeze"},"content":{"rendered":"<h2 class=\"text-xl font-bold text-text-100 mt-1 -mb-0.5\">Vozol Gear Shisha 25000 Mango Freeze e-cigarrillo desechable<\/h2>\n<p class=\"whitespace-normal break-words\">En <strong>Vozol Gear Shisha 25000 Mango Freeze<\/strong> combina la dulzura tropical del mango con un intenso frescor en un revolucionario vaporizador desechable. Con una autonom\u00eda excepcional de hasta 25.000 caladas en el eficiente modo ecol\u00f3gico, permite disfrutar del vapor sin interrupciones. El modo de potencia din\u00e1mica ofrece experiencias de sabor mejoradas gracias a la avanzada innovaci\u00f3n de la bobina de malla doble. El dise\u00f1o de flujo de aire optimizado para fluidos se cre\u00f3 espec\u00edficamente para los amantes del DTL y garantiza una extracci\u00f3n de vapor suave e instant\u00e1nea. Con una potente pila de 1000 mAh, un voluminoso dep\u00f3sito de l\u00edquido de 24 ml y una mega pantalla informativa de 2,1 pulgadas, este dispositivo ofrece el equilibrio perfecto entre resistencia, rendimiento y facilidad de uso.<\/p>\n<h3 class=\"text-lg font-bold text-text-100 mt-1 -mb-1.5\">Caracter\u00edsticas del producto Vozol Gear Shisha 25000 Mango Freeze:<\/h3>\n<p class=\"whitespace-normal break-words\"><strong>Rendimiento de la bater\u00eda:<\/strong> 1000 mAh para un funcionamiento prolongado<br \/>\n<strong>Funci\u00f3n ecol\u00f3gica:<\/strong> Hasta 25.000 trenes tropicales<br \/>\n<strong>Funci\u00f3n de potencia:<\/strong> Hasta 18.000 potentes tirones<br \/>\n<strong>concentraci\u00f3n de nicotina:<\/strong> 5mg\/ml para cumplir con los trenes de vapor<br \/>\n<strong>T\u00e9cnica de inhalaci\u00f3n:<\/strong> DTL (directo al pulm\u00f3n) para grandes cantidades de vapores<br \/>\n<strong>Sistema vaporizador:<\/strong> Doble bobina de malla para optimizar el sabor y la producci\u00f3n de vapor<br \/>\n<strong>Funciones adicionales:<\/strong> Interacci\u00f3n de audio para un funcionamiento moderno<br \/>\n<strong>Tecnolog\u00eda de pantalla:<\/strong> Pantalla en color de 2,1 pulgadas para un control c\u00f3modo<br \/>\n<strong>Regulaci\u00f3n del aire:<\/strong> Flujo de aire ajustable para una configuraci\u00f3n de vapor individualizada<\/p>\n<h3 class=\"text-lg font-bold text-text-100 mt-1 -mb-1.5\">Descubre m\u00e1s VOZOL VAPE en vozolpuff<\/h3>\n<p class=\"whitespace-normal break-words\">Descubra m\u00e1s productos de vapor premium en nuestra <strong><a class=\"underline\" href=\"https:\/\/vozolpuff.de\/es\/\">Surtido principal<\/a><\/strong>consulte nuestra gama completa de <strong><a class=\"underline\" href=\"https:\/\/vozolpuff.de\/es\/product-category\/vozol-vape\/\">Colecci\u00f3n VOZOL VAPE<\/a><\/strong> o explore todos los <strong><a class=\"underline\" href=\"https:\/\/vozolpuff.de\/es\/product-category\/vozol-vape\/vozol-gear-shisha-25000\/\">Vozol Gear Shisha 25000 sabores<\/a><\/strong>.<\/p>","protected":false},"excerpt":{"rendered":"<div>\n<div class=\"grid-cols-1 grid gap-2.5 [&amp;_&gt;_*]:min-w-0\">\n<p class=\"whitespace-normal break-words\">Vozol Gear Shisha 25000 Mango Freeze Einweg-Vape mit tropischer Mango und intensiver Frische. Dual-Mesh-Technologie, 18.000-25.000 Z\u00fcge, 1000mAh Akku, 24ml E-Liquid und 2,1-Zoll-Farbdisplay f\u00fcr DTL-Dampfgenuss.<\/p>\n<\/div>\n<\/div>\n<div class=\"flex flex-col gap-2 py-2\"><\/div>\n","protected":false},"featured_media":1192,"comment_status":"open","ping_status":"closed","template":"","meta":{"_acf_changed":false},"product_brand":[],"product_cat":[34],"product_tag":[],"class_list":{"0":"post-1190","1":"product","2":"type-product","3":"status-publish","4":"has-post-thumbnail","6":"product_cat-vozol-gear-shisha-25000","8":"first","9":"instock","10":"shipping-taxable","11":"purchasable","12":"product-type-variable"},"acf":[],"_links":{"self":[{"href":"https:\/\/vozolpuff.de\/es\/wp-json\/wp\/v2\/product\/1190","targetHints":{"allow":["GET"]}}],"collection":[{"href":"https:\/\/vozolpuff.de\/es\/wp-json\/wp\/v2\/product"}],"about":[{"href":"https:\/\/vozolpuff.de\/es\/wp-json\/wp\/v2\/types\/product"}],"replies":[{"embeddable":true,"href":"https:\/\/vozolpuff.de\/es\/wp-json\/wp\/v2\/comments?post=1190"}],"wp:featuredmedia":[{"embeddable":true,"href":"https:\/\/vozolpuff.de\/es\/wp-json\/wp\/v2\/media\/1192"}],"wp:attachment":[{"href":"https:\/\/vozolpuff.de\/es\/wp-json\/wp\/v2\/media?parent=1190"}],"wp:term":[{"taxonomy":"product_brand","embeddable":true,"href":"https:\/\/vozolpuff.de\/es\/wp-json\/wp\/v2\/product_brand?post=1190"},{"taxonomy":"product_cat","embeddable":true,"href":"https:\/\/vozolpuff.de\/es\/wp-json\/wp\/v2\/product_cat?post=1190"},{"taxonomy":"product_tag","embeddable":true,"href":"https:\/\/vozolpuff.de\/es\/wp-json\/wp\/v2\/product_tag?post=1190"}],"curies":[{"name":"wp","href":"https:\/\/api.w.org\/{rel}","templated":true}]}}