{"id":1195,"date":"2025-08-25T14:23:34","date_gmt":"2025-08-25T12:23:34","guid":{"rendered":"https:\/\/vozolpuff.de\/?post_type=product&#038;p=1195"},"modified":"2026-03-31T16:14:00","modified_gmt":"2026-03-31T14:14:00","slug":"vozol-gear-shisha-25000-blackcurrant-ice","status":"publish","type":"product","link":"https:\/\/vozolpuff.de\/es\/producto\/vozol-gear-shisha-25000-blackcurrant-ice\/","title":{"rendered":"Vozol Gear Shisha 25000 Grosella Negra Hielo"},"content":{"rendered":"<h2 class=\"text-xl font-bold text-text-100 mt-1 -mb-0.5\">Vozol Gear Shisha 25000 Blackcurrant Ice Cigarrillo electr\u00f3nico desechable<\/h2>\n<p class=\"whitespace-normal break-words\">Sum\u00e9rjase en el mundo de <strong>Vozol Gear Shisha 25000 Grosella Negra Hielo<\/strong>, donde la intensa grosella negra se combina con un refrescante toque revitalizante. Este dispositivo desechable de \u00faltima generaci\u00f3n impresiona con sus incre\u00edbles 25 000 caladas en modo ecol\u00f3gico, que ahorra recursos y permite largos periodos de vaporizaci\u00f3n. El potente modo Power crea dimensiones de sabor intensificadas mediante la innovadora tecnolog\u00eda de vaporizador de doble malla. El sistema de conductos de aire, perfeccionado aerodin\u00e1micamente, ha sido desarrollado exclusivamente para especialistas en DTL y garantiza una extracci\u00f3n de vapor suave y sin esfuerzo. La combinaci\u00f3n de una robusta bater\u00eda de 1000 mAh, un generoso dep\u00f3sito de l\u00edquido de 24 ml y una moderna pantalla a color de 2,1 pulgadas crea la armon\u00eda \u00f3ptima entre durabilidad, innovaci\u00f3n y comodidad.<\/p>\n<h3 class=\"text-lg font-bold text-text-100 mt-1 -mb-1.5\">Detalles del equipamiento de la Vozol Gear Shisha 25000 Blackcurrant Ice:<\/h3>\n<p class=\"whitespace-normal break-words\"><strong>Suministro de energ\u00eda:<\/strong> Bater\u00eda de alta capacidad de 1000 mAh<br \/>\n<strong>Modo econ\u00f3mico:<\/strong> Hasta 25.000 trenes de cerveza<br \/>\n<strong>Modo intensivo:<\/strong> Hasta 18.000 trenes reforzados<br \/>\n<strong>Contenido de nicotina:<\/strong> 5 mg\/ml para sesiones de vaporizaci\u00f3n satisfactorias.<br \/>\n<strong>Tecnolog\u00eda de vapor:<\/strong> DTL (Direct To Lung) para una impresionante producci\u00f3n de nubes<br \/>\n<strong>Serpentines de calefacci\u00f3n:<\/strong> Tecnolog\u00eda de doble malla para un m\u00e1ximo sabor y volumen de vapor<br \/>\n<strong>Elementos inteligentes:<\/strong> Respuesta de audio para una experiencia de usuario moderna<br \/>\n<strong>Sistema de visualizaci\u00f3n:<\/strong> Monitor a todo color de 2,1 pulgadas para un manejo sencillo<br \/>\n<strong>Control de la ventilaci\u00f3n:<\/strong> Ajuste variable del flujo de aire para personalizar las preferencias de vapor<\/p>\n<h3 class=\"text-lg font-bold text-text-100 mt-1 -mb-1.5\">Descubre m\u00e1s VOZOL VAPE en vozolpuff<\/h3>\n<p class=\"whitespace-normal break-words\">Descubra m\u00e1s productos de vapor premium en nuestra <strong><a class=\"underline\" href=\"https:\/\/vozolpuff.de\/es\/\">Surtido principal<\/a><\/strong>consulte nuestra gama completa de <strong><a class=\"underline\" href=\"https:\/\/vozolpuff.de\/es\/product-category\/vozol-vape\/\">Colecci\u00f3n VOZOL VAPE<\/a><\/strong> o explore todos los <strong><a class=\"underline\" href=\"https:\/\/vozolpuff.de\/es\/product-category\/vozol-vape\/vozol-gear-shisha-25000\/\">Vozol Gear Shisha 25000 sabores<\/a><\/strong>.<\/p>","protected":false},"excerpt":{"rendered":"<div>\n<div class=\"grid-cols-1 grid gap-2.5 [&amp;_&gt;_*]:min-w-0\">\n<p class=\"whitespace-normal break-words\">Vozol Gear Shisha 25000 Blackcurrant Ice Einweg-Vape mit intensiver schwarzer Johannisbeere und belebender K\u00fchle. Dual-Mesh-Technologie, 18.000-25.000 Z\u00fcge, 1000mAh Akku, 24ml E-Liquid und 2,1-Zoll-Farbdisplay f\u00fcr DTL-Dampfgenuss.<\/p>\n<\/div>\n<\/div>\n<div class=\"flex flex-col gap-2 py-2\"><\/div>\n","protected":false},"featured_media":1197,"comment_status":"open","ping_status":"closed","template":"","meta":{"_acf_changed":false},"product_brand":[],"product_cat":[34],"product_tag":[],"class_list":{"0":"post-1195","1":"product","2":"type-product","3":"status-publish","4":"has-post-thumbnail","6":"product_cat-vozol-gear-shisha-25000","8":"first","9":"instock","10":"shipping-taxable","11":"purchasable","12":"product-type-variable"},"acf":[],"_links":{"self":[{"href":"https:\/\/vozolpuff.de\/es\/wp-json\/wp\/v2\/product\/1195","targetHints":{"allow":["GET"]}}],"collection":[{"href":"https:\/\/vozolpuff.de\/es\/wp-json\/wp\/v2\/product"}],"about":[{"href":"https:\/\/vozolpuff.de\/es\/wp-json\/wp\/v2\/types\/product"}],"replies":[{"embeddable":true,"href":"https:\/\/vozolpuff.de\/es\/wp-json\/wp\/v2\/comments?post=1195"}],"wp:featuredmedia":[{"embeddable":true,"href":"https:\/\/vozolpuff.de\/es\/wp-json\/wp\/v2\/media\/1197"}],"wp:attachment":[{"href":"https:\/\/vozolpuff.de\/es\/wp-json\/wp\/v2\/media?parent=1195"}],"wp:term":[{"taxonomy":"product_brand","embeddable":true,"href":"https:\/\/vozolpuff.de\/es\/wp-json\/wp\/v2\/product_brand?post=1195"},{"taxonomy":"product_cat","embeddable":true,"href":"https:\/\/vozolpuff.de\/es\/wp-json\/wp\/v2\/product_cat?post=1195"},{"taxonomy":"product_tag","embeddable":true,"href":"https:\/\/vozolpuff.de\/es\/wp-json\/wp\/v2\/product_tag?post=1195"}],"curies":[{"name":"wp","href":"https:\/\/api.w.org\/{rel}","templated":true}]}}