{"id":1203,"date":"2025-08-25T14:45:15","date_gmt":"2025-08-25T12:45:15","guid":{"rendered":"https:\/\/vozolpuff.de\/?post_type=product&#038;p=1203"},"modified":"2026-03-31T16:13:54","modified_gmt":"2026-03-31T14:13:54","slug":"vozol-gear-shisha-25000-mango-peach","status":"publish","type":"product","link":"https:\/\/vozolpuff.de\/es\/producto\/vozol-gear-shisha-25000-mango-peach\/","title":{"rendered":"Vozol Gear Shisha 25000 Mango Melocot\u00f3n"},"content":{"rendered":"<h2 class=\"text-xl font-bold text-text-100 mt-1 -mb-0.5\">Vozol Gear Shisha 25000 Mango Peach Cigarrillo electr\u00f3nico desechable<\/h2>\n<p class=\"whitespace-normal break-words\">Disfruta con el <strong>Vozol Gear Shisha 25000 Mango Melocot\u00f3n<\/strong> La armoniosa combinaci\u00f3n del ex\u00f3tico mango y la jugosa dulzura del melocot\u00f3n. Este dispositivo desechable de primera clase convence con sus extraordinarias 25 000 caladas en modo ecol\u00f3gico de bajo consumo para disfrutar de momentos de placer sin fin. El modo Power, optimizado para el rendimiento, crea experiencias de sabor m\u00e1s intensas gracias a la avanzada arquitectura de doble bobina de malla. El sofisticado concepto Airway, dise\u00f1ado espec\u00edficamente para los aficionados al DTL, garantiza una vaporizaci\u00f3n espont\u00e1nea y sedosa. Equipado con una bater\u00eda fiable de 1000 mAh, un voluminoso dep\u00f3sito de e-l\u00edquido de 24 ml y una clara pantalla mega de 2,1 pulgadas, este dispositivo combina de manera ideal la durabilidad, la funcionalidad y la comodidad del usuario.<\/p>\n<h3 class=\"text-lg font-bold text-text-100 mt-1 -mb-1.5\">Caracter\u00edsticas de la Vozol Gear Shisha 25000 Mango Peach:<\/h3>\n<p class=\"whitespace-normal break-words\"><strong>Tecnolog\u00eda de bater\u00eda:<\/strong> 1000 mAh para un uso prolongado<br \/>\n<strong>Modo de eficiencia:<\/strong> Hasta 25.000 bocanadas afrutadas<br \/>\n<strong>Modo de rendimiento:<\/strong> Hasta 18 000 movimientos intensos<br \/>\n<strong>Nivel de nicotina:<\/strong> 5 mg\/ml para una experiencia de vapeo satisfactoria.<br \/>\n<strong>T\u00e9cnica de respiraci\u00f3n:<\/strong> DTL (Direct To Lung) para una gran producci\u00f3n de vapor<br \/>\n<strong>Innovaci\u00f3n en bobinas:<\/strong> Sistema de doble malla para un rendimiento \u00f3ptimo del sabor y el vapor.<br \/>\n<strong>Funciones interactivas:<\/strong> Integraci\u00f3n de audio para una funcionalidad contempor\u00e1nea<br \/>\n<strong>Mostrar innovaci\u00f3n:<\/strong> Pantalla a color de 2,1 pulgadas para una visualizaci\u00f3n intuitiva del estado<br \/>\n<strong>Gesti\u00f3n del flujo de aire:<\/strong> Ajuste regulable del flujo de aire para una adaptaci\u00f3n individualizada<\/p>\n<h3 class=\"text-lg font-bold text-text-100 mt-1 -mb-1.5\">Descubre m\u00e1s VOZOL VAPE en vozolpuff<\/h3>\n<p class=\"whitespace-normal break-words\">Descubra m\u00e1s productos de vapor premium en nuestra <strong><a class=\"underline\" href=\"https:\/\/vozolpuff.de\/es\/\">Surtido principal<\/a><\/strong>consulte nuestra gama completa de <strong><a class=\"underline\" href=\"https:\/\/vozolpuff.de\/es\/product-category\/vozol-vape\/\">Colecci\u00f3n VOZOL VAPE<\/a><\/strong> o explore todos los <strong><a class=\"underline\" href=\"https:\/\/vozolpuff.de\/es\/product-category\/vozol-vape\/vozol-gear-shisha-25000\/\">Vozol Gear Shisha 25000 sabores<\/a><\/strong>.<\/p>","protected":false},"excerpt":{"rendered":"<div>\n<div class=\"grid-cols-1 grid gap-2.5 [&amp;_&gt;_*]:min-w-0\">\n<p class=\"whitespace-normal break-words\">Vozol Gear Shisha 25000 Mango Peach Einweg-Vape mit harmonischer Mango-Pfirsich-Kombination. Dual-Mesh-Technologie, 18.000-25.000 Z\u00fcge, 1000mAh Akku, 24ml E-Liquid und 2,1-Zoll-Farbdisplay f\u00fcr DTL-Dampfgenuss.<\/p>\n<\/div>\n<\/div>\n<div class=\"flex flex-col gap-2 py-2\"><\/div>\n","protected":false},"featured_media":1206,"comment_status":"open","ping_status":"closed","template":"","meta":{"_acf_changed":false},"product_brand":[],"product_cat":[34],"product_tag":[],"class_list":{"0":"post-1203","1":"product","2":"type-product","3":"status-publish","4":"has-post-thumbnail","6":"product_cat-vozol-gear-shisha-25000","8":"first","9":"instock","10":"shipping-taxable","11":"purchasable","12":"product-type-variable"},"acf":[],"_links":{"self":[{"href":"https:\/\/vozolpuff.de\/es\/wp-json\/wp\/v2\/product\/1203","targetHints":{"allow":["GET"]}}],"collection":[{"href":"https:\/\/vozolpuff.de\/es\/wp-json\/wp\/v2\/product"}],"about":[{"href":"https:\/\/vozolpuff.de\/es\/wp-json\/wp\/v2\/types\/product"}],"replies":[{"embeddable":true,"href":"https:\/\/vozolpuff.de\/es\/wp-json\/wp\/v2\/comments?post=1203"}],"wp:featuredmedia":[{"embeddable":true,"href":"https:\/\/vozolpuff.de\/es\/wp-json\/wp\/v2\/media\/1206"}],"wp:attachment":[{"href":"https:\/\/vozolpuff.de\/es\/wp-json\/wp\/v2\/media?parent=1203"}],"wp:term":[{"taxonomy":"product_brand","embeddable":true,"href":"https:\/\/vozolpuff.de\/es\/wp-json\/wp\/v2\/product_brand?post=1203"},{"taxonomy":"product_cat","embeddable":true,"href":"https:\/\/vozolpuff.de\/es\/wp-json\/wp\/v2\/product_cat?post=1203"},{"taxonomy":"product_tag","embeddable":true,"href":"https:\/\/vozolpuff.de\/es\/wp-json\/wp\/v2\/product_tag?post=1203"}],"curies":[{"name":"wp","href":"https:\/\/api.w.org\/{rel}","templated":true}]}}