{"id":1209,"date":"2025-08-25T14:47:43","date_gmt":"2025-08-25T12:47:43","guid":{"rendered":"https:\/\/vozolpuff.de\/?post_type=product&#038;p=1209"},"modified":"2026-03-31T16:13:47","modified_gmt":"2026-03-31T14:13:47","slug":"vozol-gear-shisha-25000-blueberry-mint","status":"publish","type":"product","link":"https:\/\/vozolpuff.de\/es\/producto\/vozol-gear-shisha-25000-blueberry-mint\/","title":{"rendered":"Vozol Gear Shisha 25000 Ar\u00e1ndano Menta"},"content":{"rendered":"<h2 class=\"text-xl font-bold text-text-100 mt-1 -mb-0.5\">Vozol Gear Shisha 25000 Blueberry Mint Cigarrillo electr\u00f3nico desechable<\/h2>\n<p class=\"whitespace-normal break-words\">Experiencia con el <strong>Vozol Gear Shisha 25000 Ar\u00e1ndano Menta<\/strong> La simbiosis perfecta entre los dulces ar\u00e1ndanos y la refrescante menta. Este innovador vaporizador desechable ofrece la impresionante cifra de 25 000 caladas en modo Eco, de gran eficiencia energ\u00e9tica, para disfrutar de largas sesiones de vapeo sin renunciar a nada. El potente modo Power permite intensificar las dimensiones del sabor gracias a la revolucionaria tecnolog\u00eda de bobina de doble malla. El sistema de flujo de aire, dise\u00f1ado seg\u00fan la din\u00e1mica de fluidos, ha sido desarrollado espec\u00edficamente para expertos en DTL y garantiza una absorci\u00f3n de vapor instant\u00e1nea y suave. La combinaci\u00f3n de una potente bater\u00eda de 1000 mAh, un dep\u00f3sito de l\u00edquido de gran capacidad de 24 ml y una pantalla a color de alta resoluci\u00f3n de 2,1 pulgadas crea la unidad perfecta entre resistencia, rendimiento y facilidad de uso.<\/p>\n<h3 class=\"text-lg font-bold text-text-100 mt-1 -mb-1.5\">Caracter\u00edsticas especiales de la Vozol Gear Shisha 25000 Blueberry Mint:<\/h3>\n<p class=\"whitespace-normal break-words\"><strong>Bater\u00eda:<\/strong> 1000 mAh para un rendimiento duradero<br \/>\n<strong>Empresa ecol\u00f3gica:<\/strong> Hasta 25 000 caladas mentoladas<br \/>\n<strong>Funcionamiento por fuerza:<\/strong> Hasta 18.000 trenes potentes<br \/>\n<strong>Potencia de nicotina:<\/strong> 5 mg\/ml para momentos de vapor satisfactorios<br \/>\n<strong>Tipo inhalaci\u00f3n:<\/strong> DTL (Direct To Lung) para impresionantes nubes de vapor<br \/>\n<strong>Sistema de vaporizaci\u00f3n:<\/strong> Doble bobina de malla para aumentar el sabor y la producci\u00f3n de vapor<br \/>\n<strong>Integraci\u00f3n inteligente:<\/strong> Informaci\u00f3n sonora para guiar al usuario<br \/>\n<strong>Tecnolog\u00eda de monitores:<\/strong> Pantalla a color de 2,1 pulgadas para una c\u00f3moda supervisi\u00f3n<br \/>\n<strong>Dise\u00f1o del flujo de aire:<\/strong> Suministro de aire ajustable para una experiencia de vaporizaci\u00f3n personalizada<\/p>\n<h3 class=\"text-lg font-bold text-text-100 mt-1 -mb-1.5\">Descubre m\u00e1s VOZOL VAPE en vozolpuff<\/h3>\n<p class=\"whitespace-normal break-words\">Descubra m\u00e1s productos de vapor premium en nuestra <strong><a class=\"underline\" href=\"https:\/\/vozolpuff.de\/es\/\">Surtido principal<\/a><\/strong>consulte nuestra gama completa de <strong><a class=\"underline\" href=\"https:\/\/vozolpuff.de\/es\/product-category\/vozol-vape\/\">Colecci\u00f3n VOZOL VAPE<\/a><\/strong> o explore todos los <strong><a class=\"underline\" href=\"https:\/\/vozolpuff.de\/es\/product-category\/vozol-vape\/vozol-gear-shisha-25000\/\">Vozol Gear Shisha 25000 sabores<\/a><\/strong>.<\/p>","protected":false},"excerpt":{"rendered":"<div>\n<div class=\"grid-cols-1 grid gap-2.5 [&amp;_&gt;_*]:min-w-0\">\n<p class=\"whitespace-normal break-words\">Vozol Gear Shisha 25000 Blueberry Mint Einweg-Vape mit perfekter Blaubeer-Minz-Symbiose. Dual-Mesh-Technologie, 18.000-25.000 Z\u00fcge, 1000mAh Akku, 24ml E-Liquid und 2,1-Zoll-Farbdisplay f\u00fcr DTL-Dampfgenuss.<\/p>\n<\/div>\n<\/div>\n<div class=\"flex flex-col gap-2 py-2\"><\/div>\n","protected":false},"featured_media":1211,"comment_status":"open","ping_status":"closed","template":"","meta":{"_acf_changed":false},"product_brand":[],"product_cat":[34],"product_tag":[],"class_list":{"0":"post-1209","1":"product","2":"type-product","3":"status-publish","4":"has-post-thumbnail","6":"product_cat-vozol-gear-shisha-25000","8":"first","9":"instock","10":"shipping-taxable","11":"purchasable","12":"product-type-variable"},"acf":[],"_links":{"self":[{"href":"https:\/\/vozolpuff.de\/es\/wp-json\/wp\/v2\/product\/1209","targetHints":{"allow":["GET"]}}],"collection":[{"href":"https:\/\/vozolpuff.de\/es\/wp-json\/wp\/v2\/product"}],"about":[{"href":"https:\/\/vozolpuff.de\/es\/wp-json\/wp\/v2\/types\/product"}],"replies":[{"embeddable":true,"href":"https:\/\/vozolpuff.de\/es\/wp-json\/wp\/v2\/comments?post=1209"}],"wp:featuredmedia":[{"embeddable":true,"href":"https:\/\/vozolpuff.de\/es\/wp-json\/wp\/v2\/media\/1211"}],"wp:attachment":[{"href":"https:\/\/vozolpuff.de\/es\/wp-json\/wp\/v2\/media?parent=1209"}],"wp:term":[{"taxonomy":"product_brand","embeddable":true,"href":"https:\/\/vozolpuff.de\/es\/wp-json\/wp\/v2\/product_brand?post=1209"},{"taxonomy":"product_cat","embeddable":true,"href":"https:\/\/vozolpuff.de\/es\/wp-json\/wp\/v2\/product_cat?post=1209"},{"taxonomy":"product_tag","embeddable":true,"href":"https:\/\/vozolpuff.de\/es\/wp-json\/wp\/v2\/product_tag?post=1209"}],"curies":[{"name":"wp","href":"https:\/\/api.w.org\/{rel}","templated":true}]}}