{"id":1213,"date":"2025-08-25T14:50:49","date_gmt":"2025-08-25T12:50:49","guid":{"rendered":"https:\/\/vozolpuff.de\/?post_type=product&#038;p=1213"},"modified":"2026-03-31T16:13:41","modified_gmt":"2026-03-31T14:13:41","slug":"vozol-gear-shisha-25000-blueberry-ice","status":"publish","type":"product","link":"https:\/\/vozolpuff.de\/es\/producto\/vozol-gear-shisha-25000-blueberry-ice\/","title":{"rendered":"Vozol Gear Shisha 25000 Blueberry Ice"},"content":{"rendered":"<h2 class=\"text-xl font-bold text-text-100 mt-1 -mb-0.5\">Vozol Gear Shisha 25000 Blueberry Ice Cigarrillo electr\u00f3nico desechable<\/h2>\n<p class=\"whitespace-normal break-words\">En <strong>Vozol Gear Shisha 25000 Blueberry Ice<\/strong> Combina los dulces aromas de los ar\u00e1ndanos con una intensa frescura en un sofisticado vaporizador desechable. Con una capacidad excepcional de hasta 25 000 caladas en el modo Eco, que ahorra energ\u00eda, garantiza un disfrute prolongado del vapor sin interrupciones. El din\u00e1mico modo Power proporciona una experiencia arom\u00e1tica intensificada gracias a la tecnolog\u00eda de doble bobina de malla de \u00faltima generaci\u00f3n. El dise\u00f1o aerodin\u00e1mico optimizado del canal de aire ha sido concebido exclusivamente para los entusiastas del DTL y garantiza una extracci\u00f3n de vapor inmediata y suave como la seda. Equipado con una bater\u00eda fiable de 1000 mAh, un generoso dep\u00f3sito de e-l\u00edquido de 24 ml y una pantalla mega informativa de 2,1 pulgadas, este dispositivo combina resistencia, innovaci\u00f3n y comodidad en un equilibrio perfecto.<\/p>\n<h3 class=\"text-lg font-bold text-text-100 mt-1 -mb-1.5\">Caracter\u00edsticas destacadas del producto Vozol Gear Shisha 25000 Blueberry Ice:<\/h3>\n<p class=\"whitespace-normal break-words\"><strong>Almacenamiento de energ\u00eda:<\/strong> 1000 mAh para un mayor tiempo de funcionamiento<br \/>\n<strong>Modo econ\u00f3mico:<\/strong> Hasta 25 000 trenes refrigerados<br \/>\n<strong>Modo turbo:<\/strong> Hasta 18.000 potentes tirones<br \/>\n<strong>Contenido de nicotina:<\/strong> 5 mg\/ml para sesiones de vapor satisfactorias<br \/>\n<strong>Tecnolog\u00eda de tracci\u00f3n:<\/strong> DTL (directo al pulm\u00f3n) para grandes cantidades de vapores<br \/>\n<strong>Tecnolog\u00eda de calefacci\u00f3n:<\/strong> Evaporador de doble malla para un sabor y un volumen de vapor m\u00e1ximos<br \/>\n<strong>Caracter\u00edsticas adicionales:<\/strong> Interacci\u00f3n de audio para un uso contempor\u00e1neo<br \/>\n<strong>Sistema de visualizaci\u00f3n:<\/strong> Pantalla a todo color de 2,1 pulgadas para un manejo sencillo<br \/>\n<strong>Control del flujo de aire:<\/strong> Regulaci\u00f3n ajustable del flujo de aire para ajustes personalizados<\/p>\n<h3 class=\"text-lg font-bold text-text-100 mt-1 -mb-1.5\">Descubre m\u00e1s VOZOL VAPE en vozolpuff<\/h3>\n<p class=\"whitespace-normal break-words\">Descubra m\u00e1s productos de vapor premium en nuestra <strong><a class=\"underline\" href=\"https:\/\/vozolpuff.de\/es\/\">Surtido principal<\/a><\/strong>consulte nuestra gama completa de <strong><a class=\"underline\" href=\"https:\/\/vozolpuff.de\/es\/product-category\/vozol-vape\/\">Colecci\u00f3n VOZOL VAPE<\/a><\/strong> o explore todos los <strong><a class=\"underline\" href=\"https:\/\/vozolpuff.de\/es\/product-category\/vozol-vape\/vozol-gear-shisha-25000\/\">Vozol Gear Shisha 25000 sabores<\/a><\/strong>.<\/p>","protected":false},"excerpt":{"rendered":"<div>\n<div class=\"grid-cols-1 grid gap-2.5 [&amp;_&gt;_*]:min-w-0\">\n<div>\n<div class=\"grid-cols-1 grid gap-2.5 [&amp;_&gt;_*]:min-w-0\">\n<p class=\"whitespace-normal break-words\">Vozol Gear Shisha 25000 Blueberry Ice Einweg-Vape mit s\u00fc\u00dfen Blaubeeren und intensiver Frische. Dual-Mesh-Technologie, 18.000-25.000 Z\u00fcge, 1000mAh Akku, 24ml E-Liquid und 2,1-Zoll-Farbdisplay f\u00fcr DTL-Dampfgenuss.<\/p>\n<\/div>\n<\/div>\n<\/div>\n<\/div>\n<div class=\"flex flex-col gap-2 py-2\"><\/div>\n","protected":false},"featured_media":1215,"comment_status":"open","ping_status":"closed","template":"","meta":{"_acf_changed":false},"product_brand":[],"product_cat":[34],"product_tag":[],"class_list":{"0":"post-1213","1":"product","2":"type-product","3":"status-publish","4":"has-post-thumbnail","6":"product_cat-vozol-gear-shisha-25000","8":"first","9":"instock","10":"shipping-taxable","11":"purchasable","12":"product-type-variable"},"acf":[],"_links":{"self":[{"href":"https:\/\/vozolpuff.de\/es\/wp-json\/wp\/v2\/product\/1213","targetHints":{"allow":["GET"]}}],"collection":[{"href":"https:\/\/vozolpuff.de\/es\/wp-json\/wp\/v2\/product"}],"about":[{"href":"https:\/\/vozolpuff.de\/es\/wp-json\/wp\/v2\/types\/product"}],"replies":[{"embeddable":true,"href":"https:\/\/vozolpuff.de\/es\/wp-json\/wp\/v2\/comments?post=1213"}],"wp:featuredmedia":[{"embeddable":true,"href":"https:\/\/vozolpuff.de\/es\/wp-json\/wp\/v2\/media\/1215"}],"wp:attachment":[{"href":"https:\/\/vozolpuff.de\/es\/wp-json\/wp\/v2\/media?parent=1213"}],"wp:term":[{"taxonomy":"product_brand","embeddable":true,"href":"https:\/\/vozolpuff.de\/es\/wp-json\/wp\/v2\/product_brand?post=1213"},{"taxonomy":"product_cat","embeddable":true,"href":"https:\/\/vozolpuff.de\/es\/wp-json\/wp\/v2\/product_cat?post=1213"},{"taxonomy":"product_tag","embeddable":true,"href":"https:\/\/vozolpuff.de\/es\/wp-json\/wp\/v2\/product_tag?post=1213"}],"curies":[{"name":"wp","href":"https:\/\/api.w.org\/{rel}","templated":true}]}}