{"id":1219,"date":"2025-08-25T14:53:59","date_gmt":"2025-08-25T12:53:59","guid":{"rendered":"https:\/\/vozolpuff.de\/?post_type=product&#038;p=1219"},"modified":"2026-03-31T16:13:35","modified_gmt":"2026-03-31T14:13:35","slug":"vozol-gear-shisha-25000-perfume-lemon","status":"publish","type":"product","link":"https:\/\/vozolpuff.de\/es\/producto\/vozol-gear-shisha-25000-perfume-lemon\/","title":{"rendered":"Vozol Gear Shisha 25000 Perfume Lim\u00f3n"},"content":{"rendered":"<h2 class=\"text-xl font-bold text-text-100 mt-1 -mb-0.5\">Vozol Gear Shisha 25000 Perfume Lemon Cigarrillo electr\u00f3nico desechable<\/h2>\n<p class=\"whitespace-normal break-words\">Descubre con el <strong>Vozol Gear Shisha 25000 Perfume Lim\u00f3n<\/strong> Una sofisticada composici\u00f3n c\u00edtrica con elegantes notas arom\u00e1ticas. Este dispositivo desechable premium impresiona con sus incre\u00edbles 25 000 caladas en modo ecol\u00f3gico, que ahorra recursos y permite disfrutar de un placer infinito. El potente modo Power crea experiencias de sabor intensificadas mediante la innovadora tecnolog\u00eda de vaporizador de doble malla. El sistema Airway, perfeccionado din\u00e1micamente, ha sido desarrollado especialmente para los amantes del DTL y garantiza una inhalaci\u00f3n de vapor sedosa y sin esfuerzo. La combinaci\u00f3n de una robusta bater\u00eda de 1000 mAh, un voluminoso dep\u00f3sito de l\u00edquido de 24 ml y una moderna pantalla a color de 2,1 pulgadas crea la armon\u00eda ideal entre durabilidad, funcionalidad y comodidad de uso.<\/p>\n<h3 class=\"text-lg font-bold text-text-100 mt-1 -mb-1.5\">Caracter\u00edsticas del Vozol Gear Shisha 25000 Perfume Lemon:<\/h3>\n<p class=\"whitespace-normal break-words\"><strong>Rendimiento de la bater\u00eda:<\/strong> Bater\u00eda de alta capacidad de 1000 mAh<br \/>\n<strong>Modo de eficiencia:<\/strong> Hasta 25 000 trenes perfumados<br \/>\n<strong>Modo de alimentaci\u00f3n:<\/strong> Hasta 18 000 movimientos intensos<br \/>\n<strong>concentraci\u00f3n de nicotina:<\/strong> 5 mg\/ml para caladas satisfactorias<br \/>\n<strong>M\u00e9todo al vapor:<\/strong> DTL (Direct To Lung) para la formaci\u00f3n de nubes voluminosas<br \/>\n<strong>Sistema de bobina:<\/strong> Innovaci\u00f3n Dual Mesh para un sabor y una producci\u00f3n de vapor \u00f3ptimos<br \/>\n<strong>Funciones inteligentes:<\/strong> Respuesta de audio para una experiencia de usuario moderna<br \/>\n<strong>Tecnolog\u00eda de visualizaci\u00f3n:<\/strong> Pantalla a color de 2,1 pulgadas para un control intuitivo<br \/>\n<strong>Gesti\u00f3n de la ventilaci\u00f3n:<\/strong> Control de flujo de aire variable para ajustes individuales<\/p>\n<h3 class=\"text-lg font-bold text-text-100 mt-1 -mb-1.5\">Descubre m\u00e1s VOZOL VAPE en vozolpuff<\/h3>\n<p class=\"whitespace-normal break-words\">Descubra m\u00e1s productos de vapor premium en nuestra <strong><a class=\"underline\" href=\"https:\/\/vozolpuff.de\/es\/\">Surtido principal<\/a><\/strong>consulte nuestra gama completa de <strong><a class=\"underline\" href=\"https:\/\/vozolpuff.de\/es\/product-category\/vozol-vape\/\">Colecci\u00f3n VOZOL VAPE<\/a><\/strong> o explore todos los <strong><a class=\"underline\" href=\"https:\/\/vozolpuff.de\/es\/product-category\/vozol-vape\/vozol-gear-shisha-25000\/\">Vozol Gear Shisha 25000 sabores<\/a><\/strong>.<\/p>","protected":false},"excerpt":{"rendered":"<div>\n<div class=\"grid-cols-1 grid gap-2.5 [&amp;_&gt;_*]:min-w-0\">\n<p class=\"whitespace-normal break-words\">Vozol Gear Shisha 25000 Perfume Lemon Einweg-Vape mit raffinierter Zitrus-Komposition und eleganten Duftnoten. Dual-Mesh-Technologie, 18.000-25.000 Z\u00fcge, 1000mAh Akku, 24ml E-Liquid und 2,1-Zoll-Farbdisplay f\u00fcr DTL-Dampfgenuss.<\/p>\n<\/div>\n<\/div>\n<div class=\"flex flex-col gap-2 py-2\"><\/div>\n","protected":false},"featured_media":1221,"comment_status":"open","ping_status":"closed","template":"","meta":{"_acf_changed":false},"product_brand":[],"product_cat":[34],"product_tag":[],"class_list":{"0":"post-1219","1":"product","2":"type-product","3":"status-publish","4":"has-post-thumbnail","6":"product_cat-vozol-gear-shisha-25000","8":"first","9":"instock","10":"shipping-taxable","11":"purchasable","12":"product-type-variable"},"acf":[],"_links":{"self":[{"href":"https:\/\/vozolpuff.de\/es\/wp-json\/wp\/v2\/product\/1219","targetHints":{"allow":["GET"]}}],"collection":[{"href":"https:\/\/vozolpuff.de\/es\/wp-json\/wp\/v2\/product"}],"about":[{"href":"https:\/\/vozolpuff.de\/es\/wp-json\/wp\/v2\/types\/product"}],"replies":[{"embeddable":true,"href":"https:\/\/vozolpuff.de\/es\/wp-json\/wp\/v2\/comments?post=1219"}],"wp:featuredmedia":[{"embeddable":true,"href":"https:\/\/vozolpuff.de\/es\/wp-json\/wp\/v2\/media\/1221"}],"wp:attachment":[{"href":"https:\/\/vozolpuff.de\/es\/wp-json\/wp\/v2\/media?parent=1219"}],"wp:term":[{"taxonomy":"product_brand","embeddable":true,"href":"https:\/\/vozolpuff.de\/es\/wp-json\/wp\/v2\/product_brand?post=1219"},{"taxonomy":"product_cat","embeddable":true,"href":"https:\/\/vozolpuff.de\/es\/wp-json\/wp\/v2\/product_cat?post=1219"},{"taxonomy":"product_tag","embeddable":true,"href":"https:\/\/vozolpuff.de\/es\/wp-json\/wp\/v2\/product_tag?post=1219"}],"curies":[{"name":"wp","href":"https:\/\/api.w.org\/{rel}","templated":true}]}}