{"id":1246,"date":"2025-08-25T15:06:11","date_gmt":"2025-08-25T13:06:11","guid":{"rendered":"https:\/\/vozolpuff.de\/?post_type=product&#038;p=1246"},"modified":"2026-03-31T16:13:02","modified_gmt":"2026-03-31T14:13:02","slug":"vozol-gear-shisha-25000-blueberry-watermelon","status":"publish","type":"product","link":"https:\/\/vozolpuff.de\/es\/producto\/vozol-gear-shisha-25000-blueberry-watermelon\/","title":{"rendered":"Vozol Gear Shisha 25000 Ar\u00e1ndano Sand\u00eda"},"content":{"rendered":"<h2 class=\"text-xl font-bold text-text-100 mt-1 -mb-0.5\">e-cigarrillo desechable Vozol Gear Shisha 25000 Blueberry Watermelon<\/h2>\n<p class=\"whitespace-normal break-words\">Experiencia con el <strong>Vozol Gear Shisha 25000 Ar\u00e1ndano Sand\u00eda<\/strong> la fusi\u00f3n perfecta de jugosos ar\u00e1ndanos y refrescante sand\u00eda. Este innovador vaporizador desechable ofrece unas impresionantes 25.000 caladas en el modo Eco de bajo consumo para unas fases de vapor duraderas sin concesiones. El potente modo Power permite experiencias de sabor mejoradas gracias a la revolucionaria tecnolog\u00eda de doble bobina de malla. El sistema de canales de aire de dise\u00f1o aerodin\u00e1mico se ha desarrollado exclusivamente para los amantes del DTL y garantiza una absorci\u00f3n de vapor instant\u00e1nea y aterciopelada. La combinaci\u00f3n de la potente c\u00e9lula de energ\u00eda de 1000 mAh, el generoso dep\u00f3sito de l\u00edquido de 24 ml y la pantalla a color de alta resoluci\u00f3n de 2,1 pulgadas crea la unidad perfecta de durabilidad, innovaci\u00f3n y comodidad para el usuario.<\/p>\n<h3 class=\"text-lg font-bold text-text-100 mt-1 -mb-1.5\">Caracter\u00edsticas especiales de la Vozol Gear Shisha 25000 Blueberry Watermelon:<\/h3>\n<p class=\"whitespace-normal break-words\"><strong>Almacenamiento de energ\u00eda:<\/strong> 1000 mAh para un rendimiento duradero<br \/>\n<strong>Modo econ\u00f3mico:<\/strong> Hasta 25.000 trenes de verano<br \/>\n<strong>Modo turbo:<\/strong> Hasta 18.000 trenes potentes<br \/>\n<strong>Potencia de nicotina:<\/strong> 5mg\/ml para momentos de vapor satisfactorios<br \/>\n<strong>Tipo inhalaci\u00f3n:<\/strong> DTL (Direct To Lung) para impresionantes nubes de vapor<br \/>\n<strong>Tecnolog\u00eda de calefacci\u00f3n:<\/strong> Doble bobina de malla para aumentar el sabor y la producci\u00f3n de vapor<br \/>\n<strong>Integraci\u00f3n inteligente:<\/strong> Informaci\u00f3n sonora para guiar al usuario<br \/>\n<strong>Tecnolog\u00eda de monitores:<\/strong> Pantalla en color de 2,1 pulgadas para facilitar la supervisi\u00f3n<br \/>\n<strong>Dise\u00f1o del flujo de aire:<\/strong> Suministro de aire personalizable para experiencias de vapeo individualizadas<\/p>\n<h3 class=\"text-lg font-bold text-text-100 mt-1 -mb-1.5\">Descubre m\u00e1s VOZOL VAPE en vozolpuff<\/h3>\n<p class=\"whitespace-normal break-words\">Descubra m\u00e1s productos de vapor premium en nuestra <strong><a class=\"underline\" href=\"https:\/\/vozolpuff.de\/es\/\">Surtido principal<\/a><\/strong>consulte nuestra gama completa de <strong><a class=\"underline\" href=\"https:\/\/vozolpuff.de\/es\/product-category\/vozol-vape\/\">Colecci\u00f3n VOZOL VAPE<\/a><\/strong> o explore todos los <strong><a class=\"underline\" href=\"https:\/\/vozolpuff.de\/es\/product-category\/vozol-vape\/vozol-gear-shisha-25000\/\">Vozol Gear Shisha 25000 sabores<\/a><\/strong>.<\/p>","protected":false},"excerpt":{"rendered":"<div>\n<div class=\"grid-cols-1 grid gap-2.5 [&amp;_&gt;_*]:min-w-0\">\n<p class=\"whitespace-normal break-words\">Vozol Gear Shisha 25000 Blueberry Watermelon Einweg-Vape mit perfekter Blaubeer-Wassermelonen-Fusion. Dual-Mesh-Technologie, 18.000-25.000 Z\u00fcge, 1000mAh Akku, 24ml E-Liquid und 2,1-Zoll-Farbdisplay f\u00fcr DTL-Dampfgenuss.<\/p>\n<\/div>\n<\/div>\n<div class=\"flex flex-col gap-2 py-2\"><\/div>\n","protected":false},"featured_media":1248,"comment_status":"open","ping_status":"closed","template":"","meta":{"_acf_changed":false},"product_brand":[],"product_cat":[34],"product_tag":[],"class_list":{"0":"post-1246","1":"product","2":"type-product","3":"status-publish","4":"has-post-thumbnail","6":"product_cat-vozol-gear-shisha-25000","8":"first","9":"instock","10":"shipping-taxable","11":"purchasable","12":"product-type-variable"},"acf":[],"_links":{"self":[{"href":"https:\/\/vozolpuff.de\/es\/wp-json\/wp\/v2\/product\/1246","targetHints":{"allow":["GET"]}}],"collection":[{"href":"https:\/\/vozolpuff.de\/es\/wp-json\/wp\/v2\/product"}],"about":[{"href":"https:\/\/vozolpuff.de\/es\/wp-json\/wp\/v2\/types\/product"}],"replies":[{"embeddable":true,"href":"https:\/\/vozolpuff.de\/es\/wp-json\/wp\/v2\/comments?post=1246"}],"wp:featuredmedia":[{"embeddable":true,"href":"https:\/\/vozolpuff.de\/es\/wp-json\/wp\/v2\/media\/1248"}],"wp:attachment":[{"href":"https:\/\/vozolpuff.de\/es\/wp-json\/wp\/v2\/media?parent=1246"}],"wp:term":[{"taxonomy":"product_brand","embeddable":true,"href":"https:\/\/vozolpuff.de\/es\/wp-json\/wp\/v2\/product_brand?post=1246"},{"taxonomy":"product_cat","embeddable":true,"href":"https:\/\/vozolpuff.de\/es\/wp-json\/wp\/v2\/product_cat?post=1246"},{"taxonomy":"product_tag","embeddable":true,"href":"https:\/\/vozolpuff.de\/es\/wp-json\/wp\/v2\/product_tag?post=1246"}],"curies":[{"name":"wp","href":"https:\/\/api.w.org\/{rel}","templated":true}]}}