{"id":1252,"date":"2025-08-25T15:09:19","date_gmt":"2025-08-25T13:09:19","guid":{"rendered":"https:\/\/vozolpuff.de\/?post_type=product&#038;p=1252"},"modified":"2026-03-31T16:12:56","modified_gmt":"2026-03-31T14:12:56","slug":"vozol-gear-shisha-25000-cherry-cola","status":"publish","type":"product","link":"https:\/\/vozolpuff.de\/es\/producto\/vozol-gear-shisha-25000-cherry-cola\/","title":{"rendered":"Vozol Gear Shisha 25000 Cereza Cola"},"content":{"rendered":"<h2 class=\"text-xl font-bold text-text-100 mt-1 -mb-0.5\">Vozol Gear Shisha 25000 Cherry Cola e-cigarrillo desechable<\/h2>\n<p class=\"whitespace-normal break-words\">Sum\u00e9rjase en el mundo de <strong>Vozol Gear Shisha 25000 Cereza Cola<\/strong>donde las dulces notas de cereza se encuentran con el cl\u00e1sico sabor a cola. Este dispositivo desechable de primera clase impresiona con sus incre\u00edbles 25.000 caladas en el modo Eco de ahorro de recursos para momentos de disfrute sin fin. El potente modo Power intensifica las dimensiones del sabor gracias a la tecnolog\u00eda de vaporizaci\u00f3n de doble malla de \u00faltima generaci\u00f3n. El dise\u00f1o de la v\u00eda de aire, perfeccionado en t\u00e9rminos de din\u00e1mica de flujo, fue concebido especialmente para los aficionados al DTL y garantiza una extracci\u00f3n de vapor sedosa y sin esfuerzo. Equipado con una fiable bater\u00eda de 1000 mAh, un voluminoso dep\u00f3sito de e-l\u00edquido de 24 ml y una mega pantalla informativa de 2,1 pulgadas, este dispositivo combina longevidad, funcionalidad y comodidad en perfecta armon\u00eda.<\/p>\n<h3 class=\"text-lg font-bold text-text-100 mt-1 -mb-1.5\">Caracter\u00edsticas del producto Vozol Gear Shisha 25000 Cherry Cola:<\/h3>\n<p class=\"whitespace-normal break-words\"><strong>Rendimiento de la bater\u00eda:<\/strong> Bater\u00eda de alto rendimiento de 1000 mAh<br \/>\n<strong>Modo de eficiencia:<\/strong> Hasta 25.000 trenes burbujeantes<br \/>\n<strong>Modo intensivo:<\/strong> Hasta 18.000 potentes tirones<br \/>\n<strong>Contenido de nicotina:<\/strong> 5mg\/ml para sesiones de vapor satisfactorias<br \/>\n<strong>Tecnolog\u00eda de vapor:<\/strong> DTL (Direct To Lung) para la producci\u00f3n de nubes voluminosas<br \/>\n<strong>Sistema de bobina:<\/strong> Tecnolog\u00eda de doble malla para un m\u00e1ximo sabor y volumen de vapor<br \/>\n<strong>Funciones adicionales:<\/strong> Interacci\u00f3n sonora para una experiencia de usuario contempor\u00e1nea<br \/>\n<strong>Sistema de visualizaci\u00f3n:<\/strong> Monitor a todo color de 2,1 pulgadas para un manejo intuitivo<br \/>\n<strong>Control de la ventilaci\u00f3n:<\/strong> Ajuste variable del flujo de aire para personalizar las preferencias de vapor<\/p>\n<h3 class=\"text-lg font-bold text-text-100 mt-1 -mb-1.5\">Descubre m\u00e1s VOZOL VAPE en vozolpuff<\/h3>\n<p class=\"whitespace-normal break-words\">Descubra m\u00e1s productos de vapor premium en nuestra <strong><a class=\"underline\" href=\"https:\/\/vozolpuff.de\/es\/\">Surtido principal<\/a><\/strong>consulte nuestra gama completa de <strong><a class=\"underline\" href=\"https:\/\/vozolpuff.de\/es\/product-category\/vozol-vape\/\">Colecci\u00f3n VOZOL VAPE<\/a><\/strong> o explore todos los <strong><a class=\"underline\" href=\"https:\/\/vozolpuff.de\/es\/product-category\/vozol-vape\/vozol-gear-shisha-25000\/\">Vozol Gear Shisha 25000 sabores<\/a><\/strong>.<\/p>","protected":false},"excerpt":{"rendered":"<div>\n<div class=\"grid-cols-1 grid gap-2.5 [&amp;_&gt;_*]:min-w-0\">\n<p class=\"whitespace-normal break-words\">Vozol Gear Shisha 25000 Cherry Cola Einweg-Vape mit s\u00fc\u00dfen Kirschen und klassischem Cola-Geschmack. Dual-Mesh-Technologie, 18.000-25.000 Z\u00fcge, 1000mAh Akku, 24ml E-Liquid und 2,1-Zoll-Farbdisplay f\u00fcr DTL-Dampfgenuss.<\/p>\n<\/div>\n<\/div>\n<div class=\"flex flex-col gap-2 py-2\"><\/div>\n","protected":false},"featured_media":1254,"comment_status":"open","ping_status":"closed","template":"","meta":{"_acf_changed":false},"product_brand":[],"product_cat":[34],"product_tag":[],"class_list":{"0":"post-1252","1":"product","2":"type-product","3":"status-publish","4":"has-post-thumbnail","6":"product_cat-vozol-gear-shisha-25000","8":"first","9":"instock","10":"shipping-taxable","11":"purchasable","12":"product-type-variable"},"acf":[],"_links":{"self":[{"href":"https:\/\/vozolpuff.de\/es\/wp-json\/wp\/v2\/product\/1252","targetHints":{"allow":["GET"]}}],"collection":[{"href":"https:\/\/vozolpuff.de\/es\/wp-json\/wp\/v2\/product"}],"about":[{"href":"https:\/\/vozolpuff.de\/es\/wp-json\/wp\/v2\/types\/product"}],"replies":[{"embeddable":true,"href":"https:\/\/vozolpuff.de\/es\/wp-json\/wp\/v2\/comments?post=1252"}],"wp:featuredmedia":[{"embeddable":true,"href":"https:\/\/vozolpuff.de\/es\/wp-json\/wp\/v2\/media\/1254"}],"wp:attachment":[{"href":"https:\/\/vozolpuff.de\/es\/wp-json\/wp\/v2\/media?parent=1252"}],"wp:term":[{"taxonomy":"product_brand","embeddable":true,"href":"https:\/\/vozolpuff.de\/es\/wp-json\/wp\/v2\/product_brand?post=1252"},{"taxonomy":"product_cat","embeddable":true,"href":"https:\/\/vozolpuff.de\/es\/wp-json\/wp\/v2\/product_cat?post=1252"},{"taxonomy":"product_tag","embeddable":true,"href":"https:\/\/vozolpuff.de\/es\/wp-json\/wp\/v2\/product_tag?post=1252"}],"curies":[{"name":"wp","href":"https:\/\/api.w.org\/{rel}","templated":true}]}}