{"id":1258,"date":"2025-08-25T15:15:30","date_gmt":"2025-08-25T13:15:30","guid":{"rendered":"https:\/\/vozolpuff.de\/?post_type=product&#038;p=1258"},"modified":"2026-03-31T16:12:49","modified_gmt":"2026-03-31T14:12:49","slug":"vozol-gear-shisha-25000-blue-mojito","status":"publish","type":"product","link":"https:\/\/vozolpuff.de\/es\/producto\/vozol-gear-shisha-25000-blue-mojito\/","title":{"rendered":"Vozol Gear Shisha 25000 Mojito Azul"},"content":{"rendered":"<h2 class=\"text-xl font-bold text-text-100 mt-1 -mb-0.5\">e-cigarrillo desechable Vozol Gear Shisha 25000 Blue Mojito<\/h2>\n<p class=\"whitespace-normal break-words\">Disfruta con el <strong>Vozol Gear Shisha 25000 Mojito Azul<\/strong> la refrescante experiencia de un c\u00f3ctel con bayas azules y toques de menta. Este sofisticado dispositivo desechable impresiona con sus extraordinarias 25.000 caladas en el modo Eco de ahorro de energ\u00eda para largos periodos de disfrute. El modo de potencia de rendimiento optimizado crea experiencias de sabor m\u00e1s intensas gracias a la avanzada arquitectura de doble bobina de malla. El concepto de flujo de aire fluido y t\u00e9cnicamente sofisticado fue dise\u00f1ado espec\u00edficamente para los expertos en DTL y garantiza una extracci\u00f3n de vapor espont\u00e1nea y suave. Equipado con una potente bater\u00eda de 1000 mAh, un gran dep\u00f3sito de e-l\u00edquido de 24 ml y una megapantalla de 2,1 pulgadas, este dispositivo combina resistencia, rendimiento y facilidad de uso de forma ideal.<\/p>\n<h3 class=\"text-lg font-bold text-text-100 mt-1 -mb-1.5\">Detalles del equipamiento de la Vozol Gear Shisha 25000 Blue Mojito:<\/h3>\n<p class=\"whitespace-normal break-words\"><strong>Tecnolog\u00eda de bater\u00eda:<\/strong> 1000 mAh para un uso prolongado<br \/>\n<strong>Funci\u00f3n ecol\u00f3gica:<\/strong> Hasta 25.000 trenes c\u00f3ctel<br \/>\n<strong>Funci\u00f3n de rendimiento:<\/strong> Hasta 18.000 trenes reforzados<br \/>\n<strong>Nivel de nicotina:<\/strong> 5mg\/ml para experiencias de vapeo satisfactorias<br \/>\n<strong>T\u00e9cnica de respiraci\u00f3n:<\/strong> DTL (Direct To Lung) para un desarrollo de vapor impresionante<br \/>\n<strong>Innovaci\u00f3n en vaporizadores:<\/strong> Sistema de doble malla para obtener el m\u00e1ximo sabor y rendimiento del vapor<br \/>\n<strong>Elementos interactivos:<\/strong> Integraci\u00f3n de audio para una funcionalidad contempor\u00e1nea<br \/>\n<strong>Mostrar innovaci\u00f3n:<\/strong> Pantalla en color de 2,1 pulgadas para una c\u00f3moda visualizaci\u00f3n del estado<br \/>\n<strong>Dise\u00f1o del flujo de aire:<\/strong> Flujo de aire ajustable para experiencias personalizadas<\/p>\n<h3 class=\"text-lg font-bold text-text-100 mt-1 -mb-1.5\">Descubre m\u00e1s VOZOL VAPE en vozolpuff<\/h3>\n<p class=\"whitespace-normal break-words\">Descubra m\u00e1s productos de vapor premium en nuestra <strong><a class=\"underline\" href=\"https:\/\/vozolpuff.de\/es\/\">Surtido principal<\/a><\/strong>consulte nuestra gama completa de <strong><a class=\"underline\" href=\"https:\/\/vozolpuff.de\/es\/product-category\/vozol-vape\/\">Colecci\u00f3n VOZOL VAPE<\/a><\/strong> o explore todos los <strong><a class=\"underline\" href=\"https:\/\/vozolpuff.de\/es\/product-category\/vozol-vape\/vozol-gear-shisha-25000\/\">Vozol Gear Shisha 25000 sabores<\/a><\/strong>.<\/p>","protected":false},"excerpt":{"rendered":"<p class=\"whitespace-normal break-words\">El vapeador desechable Vozol Gear Shisha 25000 Blue Mojito ofrece un refrescante sabor a mojito con bayas azules. Hasta 25.000 caladas, bater\u00eda de 1000mAh, tecnolog\u00eda dual mesh y pantalla a color de 2,1\u2033. Optimizado DTL para experiencias de vapeo intensas.<\/p>","protected":false},"featured_media":1260,"comment_status":"open","ping_status":"closed","template":"","meta":{"_acf_changed":false},"product_brand":[],"product_cat":[34],"product_tag":[],"class_list":{"0":"post-1258","1":"product","2":"type-product","3":"status-publish","4":"has-post-thumbnail","6":"product_cat-vozol-gear-shisha-25000","8":"first","9":"instock","10":"shipping-taxable","11":"purchasable","12":"product-type-variable"},"acf":[],"_links":{"self":[{"href":"https:\/\/vozolpuff.de\/es\/wp-json\/wp\/v2\/product\/1258","targetHints":{"allow":["GET"]}}],"collection":[{"href":"https:\/\/vozolpuff.de\/es\/wp-json\/wp\/v2\/product"}],"about":[{"href":"https:\/\/vozolpuff.de\/es\/wp-json\/wp\/v2\/types\/product"}],"replies":[{"embeddable":true,"href":"https:\/\/vozolpuff.de\/es\/wp-json\/wp\/v2\/comments?post=1258"}],"wp:featuredmedia":[{"embeddable":true,"href":"https:\/\/vozolpuff.de\/es\/wp-json\/wp\/v2\/media\/1260"}],"wp:attachment":[{"href":"https:\/\/vozolpuff.de\/es\/wp-json\/wp\/v2\/media?parent=1258"}],"wp:term":[{"taxonomy":"product_brand","embeddable":true,"href":"https:\/\/vozolpuff.de\/es\/wp-json\/wp\/v2\/product_brand?post=1258"},{"taxonomy":"product_cat","embeddable":true,"href":"https:\/\/vozolpuff.de\/es\/wp-json\/wp\/v2\/product_cat?post=1258"},{"taxonomy":"product_tag","embeddable":true,"href":"https:\/\/vozolpuff.de\/es\/wp-json\/wp\/v2\/product_tag?post=1258"}],"curies":[{"name":"wp","href":"https:\/\/api.w.org\/{rel}","templated":true}]}}