{"id":1264,"date":"2025-08-25T15:32:47","date_gmt":"2025-08-25T13:32:47","guid":{"rendered":"https:\/\/vozolpuff.de\/?post_type=product&#038;p=1264"},"modified":"2026-03-31T16:12:42","modified_gmt":"2026-03-31T14:12:42","slug":"vozol-gear-shisha-25000-berry-mint","status":"publish","type":"product","link":"https:\/\/vozolpuff.de\/es\/producto\/vozol-gear-shisha-25000-berry-mint\/","title":{"rendered":"Vozol Gear Shisha 25000 Berry Menta"},"content":{"rendered":"<h2 class=\"text-xl font-bold text-text-100 mt-1 -mb-0.5\">Vapeador desechable Vozol Gear Shisha 25000 Berry Mint<\/h2>\n<p class=\"whitespace-normal break-words\">La Vozol Gear Shisha 25000 Berry Mint combina la dulce frescura de las bayas maduras con la vigorizante menta para una experiencia de vapor refrescante. Con hasta 25.000 caladas en modo Eco, puedes disfrutar de sesiones de vapor de larga duraci\u00f3n llenas de intensidad arom\u00e1tica. El modo Power con doble bobina de malla realza el sabor a bayas y proporciona frescas notas de menta en cada calada.<\/p>\n<p class=\"whitespace-normal break-words\">El innovador sistema de flujo de aire din\u00e1mico se ha desarrollado especialmente para los vapeadores DTL y ofrece caladas suaves y sin esfuerzo. La combinaci\u00f3n de una bater\u00eda de alto rendimiento de 1000 mAh, un generoso dep\u00f3sito de e-l\u00edquido de 24 ml y una moderna pantalla a color de 2,1 pulgadas hacen de este cigarrillo electr\u00f3nico el compa\u00f1ero perfecto.<\/p>\n<h3 class=\"text-lg font-bold text-text-100 mt-1 -mb-1.5\">Vozol Gear Shisha 25000 Berry Mint Especificaciones:<\/h3>\n<p class=\"whitespace-normal break-words\"><strong>Bater\u00eda:<\/strong> 1000 mAh de rendimiento a largo plazo<br \/>\n<strong>Modo Eco:<\/strong> Hasta 25.000 trenes<br \/>\n<strong>Modo de alimentaci\u00f3n:<\/strong> Hasta 18.000 trenes<br \/>\n<strong>Contenido de nicotina:<\/strong> 5mg\/ml para una satisfacci\u00f3n \u00f3ptima<br \/>\n<strong>Tipo de vapor:<\/strong> DTL (Directo al Pulm\u00f3n) para nubes voluminosas<br \/>\n<strong>Tecnolog\u00eda de bobinas:<\/strong> Doble malla para un sabor intenso<br \/>\n<strong>Funciones inteligentes:<\/strong> Interacci\u00f3n sonora para un manejo intuitivo<br \/>\n<strong>Pantalla:<\/strong> Pantalla en color de 2,1 pulgadas para controlar el estado<br \/>\n<strong>Flujo de aire:<\/strong> Suministro de aire ajustable para una configuraci\u00f3n personalizada<\/p>\n<h3 class=\"text-lg font-bold text-text-100 mt-1 -mb-1.5\">Descubre m\u00e1s VOZOL VAPE en vozolpuff<\/h3>\n<p class=\"whitespace-normal break-words\">Descubra m\u00e1s cigarrillos electr\u00f3nicos premium en nuestra <strong><a class=\"underline\" href=\"https:\/\/vozolpuff.de\/es\/\">P\u00e1gina de inicio<\/a><\/strong>Explore toda la <strong><a class=\"underline\" href=\"https:\/\/vozolpuff.de\/es\/product-category\/vozol-vape\/\">Colecci\u00f3n VOZOL VAPE<\/a><\/strong> o navegar por todos los <strong><a class=\"underline\" href=\"https:\/\/vozolpuff.de\/es\/product-category\/vozol-vape\/vozol-gear-shisha-25000\/\">Vozol Gear Shisha 25000 sabores<\/a><\/strong>.<\/p>","protected":false},"excerpt":{"rendered":"<p class=\"whitespace-normal break-words\">El vapeador desechable Vozol Gear Shisha 25000 Berry Mint combina dulces bayas con refrescante menta. Hasta 25.000 caladas, bater\u00eda de 1000mAh, doble bobina de malla y pantalla a color de 2,1\u2033. Optimizado DTL para nubes voluminosas de vapor y sabor intenso.<\/p>","protected":false},"featured_media":1266,"comment_status":"open","ping_status":"closed","template":"","meta":{"_acf_changed":false},"product_brand":[],"product_cat":[34],"product_tag":[],"class_list":{"0":"post-1264","1":"product","2":"type-product","3":"status-publish","4":"has-post-thumbnail","6":"product_cat-vozol-gear-shisha-25000","8":"first","9":"instock","10":"shipping-taxable","11":"purchasable","12":"product-type-variable"},"acf":[],"_links":{"self":[{"href":"https:\/\/vozolpuff.de\/es\/wp-json\/wp\/v2\/product\/1264","targetHints":{"allow":["GET"]}}],"collection":[{"href":"https:\/\/vozolpuff.de\/es\/wp-json\/wp\/v2\/product"}],"about":[{"href":"https:\/\/vozolpuff.de\/es\/wp-json\/wp\/v2\/types\/product"}],"replies":[{"embeddable":true,"href":"https:\/\/vozolpuff.de\/es\/wp-json\/wp\/v2\/comments?post=1264"}],"wp:featuredmedia":[{"embeddable":true,"href":"https:\/\/vozolpuff.de\/es\/wp-json\/wp\/v2\/media\/1266"}],"wp:attachment":[{"href":"https:\/\/vozolpuff.de\/es\/wp-json\/wp\/v2\/media?parent=1264"}],"wp:term":[{"taxonomy":"product_brand","embeddable":true,"href":"https:\/\/vozolpuff.de\/es\/wp-json\/wp\/v2\/product_brand?post=1264"},{"taxonomy":"product_cat","embeddable":true,"href":"https:\/\/vozolpuff.de\/es\/wp-json\/wp\/v2\/product_cat?post=1264"},{"taxonomy":"product_tag","embeddable":true,"href":"https:\/\/vozolpuff.de\/es\/wp-json\/wp\/v2\/product_tag?post=1264"}],"curies":[{"name":"wp","href":"https:\/\/api.w.org\/{rel}","templated":true}]}}