{"id":1268,"date":"2025-08-25T15:38:38","date_gmt":"2025-08-25T13:38:38","guid":{"rendered":"https:\/\/vozolpuff.de\/?post_type=product&#038;p=1268"},"modified":"2026-03-31T16:12:35","modified_gmt":"2026-03-31T14:12:35","slug":"vozol-gear-shisha-25000-frozen-strawberry-kiwi","status":"publish","type":"product","link":"https:\/\/vozolpuff.de\/es\/producto\/vozol-gear-shisha-25000-frozen-strawberry-kiwi\/","title":{"rendered":"Vozol Gear Shisha 25000 Fresa Kiwi Congelada"},"content":{"rendered":"<h2 class=\"text-xl font-bold text-text-100 mt-1 -mb-0.5\">Vapeador desechable Vozol Gear Shisha 25000 Frozen Strawberry Kiwi<\/h2>\n<p class=\"whitespace-normal break-words\">Experimenta una explosi\u00f3n de sabor helado de fresas dulces y kiwis ex\u00f3ticos con la Vozol Gear Shisha 25000 Frozen Strawberry Kiwi. Esta tentadora mezcla ofrece unas impresionantes 25.000 caladas de frescura helada en el modo ecol\u00f3gico de ahorro de recursos. La innovadora tecnolog\u00eda de doble bobina de malla en el modo de potencia libera intensos sabores frutales y proporciona una refrescante nota helada con cada inhalaci\u00f3n.<\/p>\n<p class=\"whitespace-normal break-words\">El sistema de canales de aire aerodin\u00e1micamente perfeccionado est\u00e1 optimizado para los vapeadores DTL y garantiza unas caladas sedosas y sin esfuerzo con una consistencia perfecta. Equipado con un robusto sistema de bater\u00eda de 1000 mAh, una generosa capacidad de sabor de 24 ml y una pantalla de alta resoluci\u00f3n de 2,1 pulgadas, este dispositivo ofrece la m\u00e1xima funcionalidad.<\/p>\n<h3 class=\"text-lg font-bold text-text-100 mt-1 -mb-1.5\">Vozol Gear Shisha 25000 Fresa Kiwi Congelada Especificaciones:<\/h3>\n<p class=\"whitespace-normal break-words\"><strong>Fuente de alimentaci\u00f3n:<\/strong> 1000 mAh para un mayor tiempo de funcionamiento<br \/>\n<strong>Modo Eco:<\/strong> Hasta 25.000 trenes<br \/>\n<strong>Funcionamiento el\u00e9ctrico:<\/strong> Hasta 18.000 trenes<br \/>\n<strong>Potencia de nicotina:<\/strong> 5mg\/ml para un efecto \u00f3ptimo<br \/>\n<strong>Estilo de vapeo:<\/strong> DTL (directo al pulm\u00f3n) para la producci\u00f3n de grandes nubes<br \/>\n<strong>Tecnolog\u00eda de vaporizador:<\/strong> Doble malla para la m\u00e1xima intensidad de sabor<br \/>\n<strong>Elementos inteligentes:<\/strong> Feedback sonoro para una interacci\u00f3n contempor\u00e1nea<br \/>\n<strong>Tecnolog\u00eda de visualizaci\u00f3n:<\/strong> Monitor en color de 2,1 pulgadas para un control total<br \/>\n<strong>Sistema de flujo de aire:<\/strong> Suministro de aire variable para ajustes personalizados<\/p>\n<h3 class=\"text-lg font-bold text-text-100 mt-1 -mb-1.5\">Descubre m\u00e1s VOZOL VAPE en vozolpuff<\/h3>\n<p class=\"whitespace-normal break-words\">Descubra m\u00e1s cigarrillos electr\u00f3nicos premium en nuestra <strong><a class=\"underline\" href=\"https:\/\/vozolpuff.de\/es\/\">P\u00e1gina de inicio<\/a><\/strong>Explore toda la <strong><a class=\"underline\" href=\"https:\/\/vozolpuff.de\/es\/product-category\/vozol-vape\/\">Colecci\u00f3n VOZOL VAPE<\/a><\/strong> o navegar por todos los <strong><a class=\"underline\" href=\"https:\/\/vozolpuff.de\/es\/product-category\/vozol-vape\/vozol-gear-shisha-25000\/\">Vozol Gear Shisha 25000 sabores<\/a><\/strong>.<\/p>","protected":false},"excerpt":{"rendered":"<p class=\"whitespace-normal break-words\">El vapeador desechable Vozol Gear Shisha 25000 Frozen Strawberry Kiwi ofrece una helada explosi\u00f3n de sabor a fresas dulces y ex\u00f3ticos kiwis. Hasta 25.000 caladas, bater\u00eda de 1000mAh, tecnolog\u00eda dual mesh y pantalla de 2,1\u2033. Optimizado DTL para una frescura helada.<\/p>\n<p class=\"whitespace-normal break-words\">","protected":false},"featured_media":1271,"comment_status":"open","ping_status":"closed","template":"","meta":{"_acf_changed":false},"product_brand":[],"product_cat":[34],"product_tag":[],"class_list":{"0":"post-1268","1":"product","2":"type-product","3":"status-publish","4":"has-post-thumbnail","6":"product_cat-vozol-gear-shisha-25000","8":"first","9":"instock","10":"shipping-taxable","11":"purchasable","12":"product-type-variable"},"acf":[],"_links":{"self":[{"href":"https:\/\/vozolpuff.de\/es\/wp-json\/wp\/v2\/product\/1268","targetHints":{"allow":["GET"]}}],"collection":[{"href":"https:\/\/vozolpuff.de\/es\/wp-json\/wp\/v2\/product"}],"about":[{"href":"https:\/\/vozolpuff.de\/es\/wp-json\/wp\/v2\/types\/product"}],"replies":[{"embeddable":true,"href":"https:\/\/vozolpuff.de\/es\/wp-json\/wp\/v2\/comments?post=1268"}],"wp:featuredmedia":[{"embeddable":true,"href":"https:\/\/vozolpuff.de\/es\/wp-json\/wp\/v2\/media\/1271"}],"wp:attachment":[{"href":"https:\/\/vozolpuff.de\/es\/wp-json\/wp\/v2\/media?parent=1268"}],"wp:term":[{"taxonomy":"product_brand","embeddable":true,"href":"https:\/\/vozolpuff.de\/es\/wp-json\/wp\/v2\/product_brand?post=1268"},{"taxonomy":"product_cat","embeddable":true,"href":"https:\/\/vozolpuff.de\/es\/wp-json\/wp\/v2\/product_cat?post=1268"},{"taxonomy":"product_tag","embeddable":true,"href":"https:\/\/vozolpuff.de\/es\/wp-json\/wp\/v2\/product_tag?post=1268"}],"curies":[{"name":"wp","href":"https:\/\/api.w.org\/{rel}","templated":true}]}}