{"id":1276,"date":"2025-08-25T15:41:06","date_gmt":"2025-08-25T13:41:06","guid":{"rendered":"https:\/\/vozolpuff.de\/?post_type=product&#038;p=1276"},"modified":"2026-03-31T16:12:28","modified_gmt":"2026-03-31T14:12:28","slug":"vozol-gear-shisha-25000-passion-fruit-lychee-orange","status":"publish","type":"product","link":"https:\/\/vozolpuff.de\/es\/producto\/vozol-gear-shisha-25000-passion-fruit-lychee-orange\/","title":{"rendered":"Vozol Gear Hookah 25000 Fruta de la Pasi\u00f3n Lichi Naranja"},"content":{"rendered":"<h2 class=\"text-xl font-bold text-text-100 mt-1 -mb-0.5\">Vozol Gear Hookah 25000 Passion Fruit Lychee Orange Vape desechable<\/h2>\n<p class=\"whitespace-normal break-words\">Emb\u00e1rcate en un viaje tropical con la Vozol Gear Shisha 25000 Passion Fruit Lychee Orange. Esta exquisita mezcla triple de frutas combina la intensidad de la fruta de la pasi\u00f3n, el exotismo del lichi y la frescura de la naranja para crear una experiencia de sabor incomparable. En modo eco de bajo consumo, puedes disfrutar de hasta 25.000 caladas de esta compleja combinaci\u00f3n de sabores.<\/p>\n<p class=\"whitespace-normal break-words\">El avanzado sistema de doble malla en modo de potencia realza cada sabor frutal y crea un equilibrio armonioso entre elementos dulces y frescos. La mec\u00e1nica de flujo cient\u00edficamente desarrollada del sistema de aire est\u00e1 especialmente dise\u00f1ada para los entusiastas del vapeo DTL y ofrece inhalaciones suaves y potentes.<\/p>\n<p class=\"whitespace-normal break-words\">Con su almacenamiento de energ\u00eda de 1000 mAh de larga duraci\u00f3n, el voluminoso dep\u00f3sito de e-l\u00edquido de 24 ml y la clara pantalla a color de 2,1 pulgadas, este dispositivo de primera calidad combina durabilidad y facilidad de uso.<\/p>\n<h3 class=\"text-lg font-bold text-text-100 mt-1 -mb-1.5\">Vozol Gear Shisha 25000 Fruta de la Pasi\u00f3n Lichi Naranja Caracter\u00edsticas:<\/h3>\n<p class=\"whitespace-normal break-words\"><strong>Capacidad de la bater\u00eda:<\/strong> 1000 mAh para un uso duradero<br \/>\n<strong>Modo Eco:<\/strong> Hasta 25.000 trenes<br \/>\n<strong>Modo de alimentaci\u00f3n:<\/strong> Hasta 18.000 trenes<br \/>\n<strong>Contenido de nicotina:<\/strong> 5mg\/ml para un efecto satisfactorio<br \/>\n<strong>Modo vapor:<\/strong> DTL (Direct To Lung) para nubes de vapor voluminosas<br \/>\n<strong>Serpentines de calefacci\u00f3n:<\/strong> Doble malla para una excelente reproducci\u00f3n del sabor<br \/>\n<strong>Caracter\u00edsticas modernas:<\/strong> Interfaz de audio para uso inteligente<br \/>\n<strong>Tecnolog\u00eda de visualizaci\u00f3n:<\/strong> Pantalla en color de 2,1 pulgadas para un manejo sencillo<br \/>\n<strong>Flujo de aire:<\/strong> Ventilaci\u00f3n ajustable con precisi\u00f3n para obtener corrientes de aire \u00f3ptimas<\/p>\n<h3 class=\"text-lg font-bold text-text-100 mt-1 -mb-1.5\">Descubre m\u00e1s VOZOL VAPE en vozolpuff<\/h3>\n<p class=\"whitespace-normal break-words\">Descubra m\u00e1s cigarrillos electr\u00f3nicos premium en nuestra <strong><a class=\"underline\" href=\"https:\/\/vozolpuff.de\/es\/\">P\u00e1gina de inicio<\/a><\/strong>Explore toda la <strong><a class=\"underline\" href=\"https:\/\/vozolpuff.de\/es\/product-category\/vozol-vape\/\">Colecci\u00f3n VOZOL VAPE<\/a><\/strong> o navegar por todos los <strong><a class=\"underline\" href=\"https:\/\/vozolpuff.de\/es\/product-category\/vozol-vape\/vozol-gear-shisha-25000\/\">Vozol Gear Shisha 25000 sabores<\/a><\/strong>.<\/p>","protected":false},"excerpt":{"rendered":"<p class=\"whitespace-normal break-words\">El vapeador desechable Vozol Gear Shisha 25000 Passion Fruit Lychee Orange combina fruta de la pasi\u00f3n tropical, lichi ex\u00f3tico y naranja fresca. Hasta 25.000 caladas, bater\u00eda de 1000mAh, sistema de malla dual y pantalla de 2,1\u2033. DTL optimizado para experiencias de sabor complejas.<\/p>\n<p class=\"whitespace-normal break-words\">","protected":false},"featured_media":1278,"comment_status":"open","ping_status":"closed","template":"","meta":{"_acf_changed":false},"product_brand":[],"product_cat":[34],"product_tag":[],"class_list":{"0":"post-1276","1":"product","2":"type-product","3":"status-publish","4":"has-post-thumbnail","6":"product_cat-vozol-gear-shisha-25000","8":"first","9":"instock","10":"shipping-taxable","11":"purchasable","12":"product-type-variable"},"acf":[],"_links":{"self":[{"href":"https:\/\/vozolpuff.de\/es\/wp-json\/wp\/v2\/product\/1276","targetHints":{"allow":["GET"]}}],"collection":[{"href":"https:\/\/vozolpuff.de\/es\/wp-json\/wp\/v2\/product"}],"about":[{"href":"https:\/\/vozolpuff.de\/es\/wp-json\/wp\/v2\/types\/product"}],"replies":[{"embeddable":true,"href":"https:\/\/vozolpuff.de\/es\/wp-json\/wp\/v2\/comments?post=1276"}],"wp:featuredmedia":[{"embeddable":true,"href":"https:\/\/vozolpuff.de\/es\/wp-json\/wp\/v2\/media\/1278"}],"wp:attachment":[{"href":"https:\/\/vozolpuff.de\/es\/wp-json\/wp\/v2\/media?parent=1276"}],"wp:term":[{"taxonomy":"product_brand","embeddable":true,"href":"https:\/\/vozolpuff.de\/es\/wp-json\/wp\/v2\/product_brand?post=1276"},{"taxonomy":"product_cat","embeddable":true,"href":"https:\/\/vozolpuff.de\/es\/wp-json\/wp\/v2\/product_cat?post=1276"},{"taxonomy":"product_tag","embeddable":true,"href":"https:\/\/vozolpuff.de\/es\/wp-json\/wp\/v2\/product_tag?post=1276"}],"curies":[{"name":"wp","href":"https:\/\/api.w.org\/{rel}","templated":true}]}}