{"id":1281,"date":"2025-08-25T15:44:00","date_gmt":"2025-08-25T13:44:00","guid":{"rendered":"https:\/\/vozolpuff.de\/?post_type=product&#038;p=1281"},"modified":"2026-03-31T16:12:21","modified_gmt":"2026-03-31T14:12:21","slug":"vozol-gear-shisha-25000-dragon-fruit-banana-cherry","status":"publish","type":"product","link":"https:\/\/vozolpuff.de\/es\/producto\/vozol-gear-shisha-25000-dragon-fruit-banana-cherry\/","title":{"rendered":"Vozol Gear Hookah 25000 Dragon Fruit Pl\u00e1tano Cereza"},"content":{"rendered":"<h2 class=\"text-xl font-bold text-text-100 mt-1 -mb-0.5\">Vozol Gear Hookah 25000 Dragon Fruit Banana Cherry Vape desechable<\/h2>\n<p class=\"whitespace-normal break-words\">La Vozol Gear Shisha 25000 Dragon Fruit Banana Cherry te lleva a un mundo de variedad de frutas ex\u00f3ticas con una extraordinaria triple combinaci\u00f3n. Esta mezcla \u00fanica de dulce fruta del drag\u00f3n, cremoso pl\u00e1tano y jugosa cereza ofrece unas impresionantes 25.000 caladas llenas de complejidad tropical en modo eco econ\u00f3mico.<\/p>\n<p class=\"whitespace-normal break-words\">La revolucionaria tecnolog\u00eda de doble malla en el modo de potencia despliega cada capa de sabor individualmente y crea un perfil de sabor multicapa de una profundidad incomparable. El sistema de flujo de aire calibrado con precisi\u00f3n se desarroll\u00f3 para los vapeadores DTL y garantiza caladas suaves e inmediatas con un equilibrio perfecto.<\/p>\n<p class=\"whitespace-normal break-words\">La combinaci\u00f3n de una potente bater\u00eda de 1000 mAh, un generoso dep\u00f3sito de l\u00edquido de 24 ml y una moderna pantalla t\u00e1ctil de 2,1 pulgadas hacen de este dispositivo el compa\u00f1ero definitivo para los vapeadores m\u00e1s exigentes.<\/p>\n<h3 class=\"text-lg font-bold text-text-100 mt-1 -mb-1.5\">Vozol Gear Shisha 25000 Dragon Fruit Banana Cherry Caracter\u00edsticas:<\/h3>\n<p class=\"whitespace-normal break-words\"><strong>Fuente de energ\u00eda:<\/strong> 1000 mAh para sesiones prolongadas<br \/>\n<strong>Variante ecol\u00f3gica:<\/strong> Hasta 25.000 trenes<br \/>\n<strong>Variante de potencia:<\/strong> Hasta 18.000 trenes<br \/>\n<strong>Nivel de nicotina:<\/strong> 5mg\/ml para \u00e9xitos satisfactorios<br \/>\n<strong>Estilo de inhalaci\u00f3n:<\/strong> DTL (Directo al Pulm\u00f3n) para una formaci\u00f3n de nubes impresionante<br \/>\n<strong>Configuraci\u00f3n de la bobina:<\/strong> Doble malla para mejorar el desarrollo del sabor<br \/>\n<strong>Tecnolog\u00eda inteligente:<\/strong> Respuesta sonora para un manejo intuitivo<br \/>\n<strong>Visualizaci\u00f3n:<\/strong> Pantalla en color de 2,1 pulgadas para una informaci\u00f3n completa<br \/>\n<strong>Control del flujo de aire:<\/strong> Ventilaci\u00f3n ajustable seg\u00fan las preferencias individuales<\/p>\n<h3 class=\"text-lg font-bold text-text-100 mt-1 -mb-1.5\">Descubre m\u00e1s VOZOL VAPE en vozolpuff<\/h3>\n<p class=\"whitespace-normal break-words\">Descubra m\u00e1s cigarrillos electr\u00f3nicos premium en nuestra <strong><a class=\"underline\" href=\"https:\/\/vozolpuff.de\/es\/\">P\u00e1gina de inicio<\/a><\/strong>Explore toda la <strong><a class=\"underline\" href=\"https:\/\/vozolpuff.de\/es\/product-category\/vozol-vape\/\">Colecci\u00f3n VOZOL VAPE<\/a><\/strong> o navegar por todos los <strong><a class=\"underline\" href=\"https:\/\/vozolpuff.de\/es\/product-category\/vozol-vape\/vozol-gear-shisha-25000\/\">Vozol Gear Shisha 25000 sabores<\/a><\/strong>.erer <strong><a class=\"underline\" href=\"https:\/\/vozolpuff.de\/es\/\">P\u00e1gina de inicio<\/a><\/strong>Explore toda la <strong><a class=\"underline\" href=\"https:\/\/vozolpuff.de\/es\/product-category\/vozol-vape\/\">Colecci\u00f3n VOZOL VAPE<\/a><\/strong> o navegar por todos los <strong><a class=\"underline\" href=\"https:\/\/vozolpuff.de\/es\/product-category\/vozol-vape\/vozol-gear-shisha-25000\/\">Vozol Gear Shisha 25000 sabores<\/a><\/strong>.<\/p>","protected":false},"excerpt":{"rendered":"<p class=\"whitespace-normal break-words\">El vapeador desechable Vozol Gear Shisha 25000 Dragon Fruit Banana Cherry combina la dulce fruta del drag\u00f3n, el cremoso pl\u00e1tano y la jugosa cereza. Hasta 25.000 caladas, bater\u00eda de 1000mAh, tecnolog\u00eda dual mesh y pantalla de 2,1\u2033. Optimizado DTL para una ex\u00f3tica variedad de sabores.<\/p>\n<p class=\"whitespace-normal break-words\">","protected":false},"featured_media":1283,"comment_status":"open","ping_status":"closed","template":"","meta":{"_acf_changed":false},"product_brand":[],"product_cat":[34],"product_tag":[],"class_list":{"0":"post-1281","1":"product","2":"type-product","3":"status-publish","4":"has-post-thumbnail","6":"product_cat-vozol-gear-shisha-25000","8":"first","9":"instock","10":"shipping-taxable","11":"purchasable","12":"product-type-variable"},"acf":[],"_links":{"self":[{"href":"https:\/\/vozolpuff.de\/es\/wp-json\/wp\/v2\/product\/1281","targetHints":{"allow":["GET"]}}],"collection":[{"href":"https:\/\/vozolpuff.de\/es\/wp-json\/wp\/v2\/product"}],"about":[{"href":"https:\/\/vozolpuff.de\/es\/wp-json\/wp\/v2\/types\/product"}],"replies":[{"embeddable":true,"href":"https:\/\/vozolpuff.de\/es\/wp-json\/wp\/v2\/comments?post=1281"}],"wp:featuredmedia":[{"embeddable":true,"href":"https:\/\/vozolpuff.de\/es\/wp-json\/wp\/v2\/media\/1283"}],"wp:attachment":[{"href":"https:\/\/vozolpuff.de\/es\/wp-json\/wp\/v2\/media?parent=1281"}],"wp:term":[{"taxonomy":"product_brand","embeddable":true,"href":"https:\/\/vozolpuff.de\/es\/wp-json\/wp\/v2\/product_brand?post=1281"},{"taxonomy":"product_cat","embeddable":true,"href":"https:\/\/vozolpuff.de\/es\/wp-json\/wp\/v2\/product_cat?post=1281"},{"taxonomy":"product_tag","embeddable":true,"href":"https:\/\/vozolpuff.de\/es\/wp-json\/wp\/v2\/product_tag?post=1281"}],"curies":[{"name":"wp","href":"https:\/\/api.w.org\/{rel}","templated":true}]}}