{"id":1287,"date":"2025-08-25T15:46:37","date_gmt":"2025-08-25T13:46:37","guid":{"rendered":"https:\/\/vozolpuff.de\/?post_type=product&#038;p=1287"},"modified":"2026-03-31T16:12:14","modified_gmt":"2026-03-31T14:12:14","slug":"vozol-gear-shisha-25000-grape-mint","status":"publish","type":"product","link":"https:\/\/vozolpuff.de\/es\/producto\/vozol-gear-shisha-25000-grape-mint\/","title":{"rendered":"Vozol Gear Shisha 25000 Uva Menta"},"content":{"rendered":"<h2 class=\"text-xl font-bold text-text-100 mt-1 -mb-0.5\">Vapeador desechable Vozol Gear Shisha 25000 Grape Mint<\/h2>\n<p class=\"whitespace-normal break-words\">Experimenta la perfecta armon\u00eda entre el dulce sabor de la uva y la refrescante menta con la Vozol Gear Shisha 25000 Grape Mint. Esta extraordinaria combinaci\u00f3n de sabores ofrece hasta 25.000 caladas en modo Eco y te mima con cada inhalaci\u00f3n. El ingenioso sistema de doble bobina de malla en el modo de potencia intensifica los sabores afrutados de la uva y realza la frescura refrescante de la menta.<\/p>\n<p class=\"whitespace-normal break-words\">La avanzada mec\u00e1nica de flujo del sistema de canales de aire satisface las m\u00e1s altas exigencias para el disfrute del vapor DTL y garantiza caladas suaves e inmediatas. Con la potente bater\u00eda de 1000 mAh, el gran dep\u00f3sito de l\u00edquido de 24 ml y la clara pantalla de 2,1 pulgadas, este dispositivo combina resistencia, funcionalidad y facilidad de uso.<\/p>\n<h3 class=\"text-lg font-bold text-text-100 mt-1 -mb-1.5\">Vozol Gear Shisha 25000 Grape Mint Caracter\u00edsticas:<\/h3>\n<p class=\"whitespace-normal break-words\"><strong>Bater\u00eda:<\/strong> 1000 mAh para un uso prolongado<br \/>\n<strong>Modo Eco:<\/strong> Hasta 25.000 trenes<br \/>\n<strong>Modo de alimentaci\u00f3n:<\/strong> Hasta 18.000 trenes<br \/>\n<strong>Potencia de nicotina:<\/strong> 5mg\/ml para \u00e9xitos satisfactorios<br \/>\n<strong>Estilo de vapeo:<\/strong> DTL (directo al pulm\u00f3n) para grandes nubes de vapor<br \/>\n<strong>Dise\u00f1o de la bobina:<\/strong> Doble malla para mejorar el sabor y el desarrollo del vapor<br \/>\n<strong>Elementos interactivos:<\/strong> Respuesta ac\u00fastica para un funcionamiento moderno<br \/>\n<strong>Pantalla:<\/strong> Pantalla en color de 2,1 pulgadas para un control sencillo<br \/>\n<strong>Control del caudal de aire:<\/strong> Flujo de aire personalizable para preferencias individuales<\/p>\n<h3 class=\"text-lg font-bold text-text-100 mt-1 -mb-1.5\">Descubre m\u00e1s VOZOL VAPE en vozolpuff<\/h3>\n<p class=\"whitespace-normal break-words\">Descubra m\u00e1s cigarrillos electr\u00f3nicos premium en nuestra <strong><a class=\"underline\" href=\"https:\/\/vozolpuff.de\/es\/\">P\u00e1gina de inicio<\/a><\/strong>Explore toda la <strong><a class=\"underline\" href=\"https:\/\/vozolpuff.de\/es\/product-category\/vozol-vape\/\">Colecci\u00f3n VOZOL VAPE<\/a><\/strong> o navegar por todos los <strong><a class=\"underline\" href=\"https:\/\/vozolpuff.de\/es\/product-category\/vozol-vape\/vozol-gear-shisha-25000\/\">Vozol Gear Shisha 25000 sabores<\/a><\/strong>.<\/p>","protected":false},"excerpt":{"rendered":"<p class=\"whitespace-normal break-words\">El vapeador desechable Vozol Gear Shisha 25000 Grape Mint combina sabores dulces de uva con refrescante menta. Hasta 25.000 caladas, bater\u00eda de 1000mAh, sistema de doble bobina de malla y pantalla de 2,1\u2033. DTL-optimizado para el disfrute afrutado con un efecto de enfriamiento.<\/p>","protected":false},"featured_media":1289,"comment_status":"open","ping_status":"closed","template":"","meta":{"_acf_changed":false},"product_brand":[],"product_cat":[34],"product_tag":[],"class_list":{"0":"post-1287","1":"product","2":"type-product","3":"status-publish","4":"has-post-thumbnail","6":"product_cat-vozol-gear-shisha-25000","8":"first","9":"instock","10":"shipping-taxable","11":"purchasable","12":"product-type-variable"},"acf":[],"_links":{"self":[{"href":"https:\/\/vozolpuff.de\/es\/wp-json\/wp\/v2\/product\/1287","targetHints":{"allow":["GET"]}}],"collection":[{"href":"https:\/\/vozolpuff.de\/es\/wp-json\/wp\/v2\/product"}],"about":[{"href":"https:\/\/vozolpuff.de\/es\/wp-json\/wp\/v2\/types\/product"}],"replies":[{"embeddable":true,"href":"https:\/\/vozolpuff.de\/es\/wp-json\/wp\/v2\/comments?post=1287"}],"wp:featuredmedia":[{"embeddable":true,"href":"https:\/\/vozolpuff.de\/es\/wp-json\/wp\/v2\/media\/1289"}],"wp:attachment":[{"href":"https:\/\/vozolpuff.de\/es\/wp-json\/wp\/v2\/media?parent=1287"}],"wp:term":[{"taxonomy":"product_brand","embeddable":true,"href":"https:\/\/vozolpuff.de\/es\/wp-json\/wp\/v2\/product_brand?post=1287"},{"taxonomy":"product_cat","embeddable":true,"href":"https:\/\/vozolpuff.de\/es\/wp-json\/wp\/v2\/product_cat?post=1287"},{"taxonomy":"product_tag","embeddable":true,"href":"https:\/\/vozolpuff.de\/es\/wp-json\/wp\/v2\/product_tag?post=1287"}],"curies":[{"name":"wp","href":"https:\/\/api.w.org\/{rel}","templated":true}]}}