{"id":1291,"date":"2025-08-25T15:49:04","date_gmt":"2025-08-25T13:49:04","guid":{"rendered":"https:\/\/vozolpuff.de\/?post_type=product&#038;p=1291"},"modified":"2026-03-31T16:12:08","modified_gmt":"2026-03-31T14:12:08","slug":"vozol-gear-shisha-25000-love-777","status":"publish","type":"product","link":"https:\/\/vozolpuff.de\/es\/producto\/vozol-gear-shisha-25000-love-777\/","title":{"rendered":"Vozol Gear Shisha 25000 Love 777"},"content":{"rendered":"<h2 class=\"text-xl font-bold text-text-100 mt-1 -mb-0.5\">Vozol Gear Shisha 25000 Love 777 Vape desechable<\/h2>\n<p class=\"whitespace-normal break-words\">La Vozol Gear Shisha 25000 Love 777 te transporta a un mundo de aromas ex\u00f3ticos y seductora dulzura. Esta mezcla \u00fanica ofrece, en el modo Eco, impresionantes 25 000 caladas de puro sabor intenso. La revolucionaria tecnolog\u00eda Dual Mesh en modo Power despliega complejas capas de aromas y garantiza un placer incomparable al vapear.<\/p>\n<p class=\"whitespace-normal break-words\">El sistema de flujo de aire, dise\u00f1ado con precisi\u00f3n y con propiedades fluidodin\u00e1micas, se adapta perfectamente a los vaporizadores DTL y permite inhalaciones suaves y sin esfuerzo. Equipado con una robusta bater\u00eda de 1000 mAh, un generoso dep\u00f3sito de aroma de 24 ml y una pantalla de alta resoluci\u00f3n de 2,1 pulgadas, este dispositivo premium ofrece el m\u00e1ximo rendimiento.<\/p>\n<h3 class=\"text-lg font-bold text-text-100 mt-1 -mb-1.5\">Vozol Gear Shisha 25000 Love 777 Caracter\u00edsticas:<\/h3>\n<p class=\"whitespace-normal break-words\"><strong>Suministro de energ\u00eda:<\/strong> 1000 mAh para un rendimiento duradero<br \/>\n<strong>Modo Eco:<\/strong> Hasta 25.000 trenes<br \/>\n<strong>Funcionamiento el\u00e9ctrico:<\/strong> Hasta 18.000 trenes<br \/>\n<strong>concentraci\u00f3n de nicotina:<\/strong> 5mg\/ml para una experiencia de vapor satisfactoria<br \/>\n<strong>Tipo inhalaci\u00f3n:<\/strong> DTL (Directo al Pulm\u00f3n) para una formaci\u00f3n de nubes impresionante<br \/>\n<strong>Elementos calefactores:<\/strong> Sistema de doble malla para un desarrollo \u00f3ptimo de los aromas<br \/>\n<strong>Caracter\u00edsticas t\u00e9cnicas:<\/strong> Integraci\u00f3n de audio para una interacci\u00f3n moderna<br \/>\n<strong>Pantalla:<\/strong> Monitor en color de 2,1 pulgadas para una visi\u00f3n general completa<br \/>\n<strong>Resistencia al tiro:<\/strong> Suministro de aire variable para ajustes personalizados<\/p>\n<h3 class=\"text-lg font-bold text-text-100 mt-1 -mb-1.5\">Descubre m\u00e1s VOZOL VAPE en vozolpuff<\/h3>\n<p class=\"whitespace-normal break-words\">Descubra m\u00e1s cigarrillos electr\u00f3nicos premium en nuestra <strong><a class=\"underline\" href=\"https:\/\/vozolpuff.de\/es\/\">P\u00e1gina de inicio<\/a><\/strong>Explore toda la <strong><a class=\"underline\" href=\"https:\/\/vozolpuff.de\/es\/product-category\/vozol-vape\/\">Colecci\u00f3n VOZOL VAPE<\/a><\/strong> o navegar por todos los <strong><a class=\"underline\" href=\"https:\/\/vozolpuff.de\/es\/product-category\/vozol-vape\/vozol-gear-shisha-25000\/\">Vozol Gear Shisha 25000 sabores<\/a><\/strong>.<\/p>","protected":false},"excerpt":{"rendered":"<p class=\"whitespace-normal break-words\">El vaporizador desechable Vozol Gear Shisha 25000 Love 777 ofrece sabores ex\u00f3ticos y una seductora dulzura en una mezcla \u00fanica. Hasta 25 000 caladas, bater\u00eda de 1000 mAh, tecnolog\u00eda de doble malla y pantalla de 2,1 pulgadas. Optimizado para DTL para una intensidad de sabor compleja.<\/p>\n<p class=\"whitespace-normal break-words\">","protected":false},"featured_media":1294,"comment_status":"open","ping_status":"closed","template":"","meta":{"_acf_changed":false},"product_brand":[],"product_cat":[34],"product_tag":[],"class_list":{"0":"post-1291","1":"product","2":"type-product","3":"status-publish","4":"has-post-thumbnail","6":"product_cat-vozol-gear-shisha-25000","8":"first","9":"instock","10":"shipping-taxable","11":"purchasable","12":"product-type-variable"},"acf":[],"_links":{"self":[{"href":"https:\/\/vozolpuff.de\/es\/wp-json\/wp\/v2\/product\/1291","targetHints":{"allow":["GET"]}}],"collection":[{"href":"https:\/\/vozolpuff.de\/es\/wp-json\/wp\/v2\/product"}],"about":[{"href":"https:\/\/vozolpuff.de\/es\/wp-json\/wp\/v2\/types\/product"}],"replies":[{"embeddable":true,"href":"https:\/\/vozolpuff.de\/es\/wp-json\/wp\/v2\/comments?post=1291"}],"wp:featuredmedia":[{"embeddable":true,"href":"https:\/\/vozolpuff.de\/es\/wp-json\/wp\/v2\/media\/1294"}],"wp:attachment":[{"href":"https:\/\/vozolpuff.de\/es\/wp-json\/wp\/v2\/media?parent=1291"}],"wp:term":[{"taxonomy":"product_brand","embeddable":true,"href":"https:\/\/vozolpuff.de\/es\/wp-json\/wp\/v2\/product_brand?post=1291"},{"taxonomy":"product_cat","embeddable":true,"href":"https:\/\/vozolpuff.de\/es\/wp-json\/wp\/v2\/product_cat?post=1291"},{"taxonomy":"product_tag","embeddable":true,"href":"https:\/\/vozolpuff.de\/es\/wp-json\/wp\/v2\/product_tag?post=1291"}],"curies":[{"name":"wp","href":"https:\/\/api.w.org\/{rel}","templated":true}]}}