{"id":1297,"date":"2025-08-25T15:51:35","date_gmt":"2025-08-25T13:51:35","guid":{"rendered":"https:\/\/vozolpuff.de\/?post_type=product&#038;p=1297"},"modified":"2026-03-31T16:12:01","modified_gmt":"2026-03-31T14:12:01","slug":"vozol-gear-shisha-25000-moscow-evenings","status":"publish","type":"product","link":"https:\/\/vozolpuff.de\/es\/producto\/vozol-gear-shisha-25000-moscow-evenings\/","title":{"rendered":"Vozol Gear Shisha 25000 Tardes de Mosc\u00fa"},"content":{"rendered":"<h2 class=\"text-xl font-bold text-text-100 mt-1 -mb-0.5\">Vapeador desechable Vozol Gear Shisha 25000 Moscow Evenings<\/h2>\n<p class=\"whitespace-normal break-words\">Sum\u00e9rgete en la atm\u00f3sfera m\u00edstica con la Vozol Gear Shisha 25000 Moscow Evenings. Esta sofisticada composici\u00f3n de sabores captura la elegancia de las noches fr\u00edas y ofrece hasta 25.000 caladas en el modo Eco de ahorro de energ\u00eda. El sofisticado sistema de calentamiento de doble malla en el modo de potencia realza los complejos matices de sabor y crea una experiencia gustativa excepcional.<\/p>\n<p class=\"whitespace-normal break-words\">El flujo de aire optimizado aerodin\u00e1micamente se ha dise\u00f1ado especialmente para los exigentes vapeadores DTL y garantiza unas caladas suaves y potentes. Con su fiable sistema de bater\u00eda de 1000mAh, el voluminoso dep\u00f3sito de l\u00edquido de 24ml y la informativa pantalla a color de 2,1 pulgadas, este dispositivo establece nuevos est\u00e1ndares en t\u00e9rminos de comodidad y rendimiento.<\/p>\n<h3 class=\"text-lg font-bold text-text-100 mt-1 -mb-1.5\">Equipo Vozol Gear Shisha 25000 Moscow Evenings:<\/h3>\n<p class=\"whitespace-normal break-words\"><strong>Capacidad de la bater\u00eda:<\/strong> 1000 mAh para un mayor tiempo de funcionamiento<br \/>\n<strong>Modo Eco:<\/strong> Hasta 25.000 trenes<br \/>\n<strong>Modo de alimentaci\u00f3n:<\/strong> Hasta 18.000 trenes<br \/>\n<strong>Contenido de nicotina:<\/strong> 5mg\/ml para un golpe de garganta \u00f3ptimo<br \/>\n<strong>Tecnolog\u00eda de vapor:<\/strong> DTL (Direct To Lung) para una m\u00e1xima producci\u00f3n de vapor<br \/>\n<strong>Tecnolog\u00eda de vaporizador:<\/strong> Doble malla para una reproducci\u00f3n superior del sabor<br \/>\n<strong>Caracter\u00edsticas modernas:<\/strong> Feedback sonoro para un uso intuitivo<br \/>\n<strong>Panel de visualizaci\u00f3n:<\/strong> Pantalla en color de 2,1 pulgadas para obtener informaci\u00f3n detallada<br \/>\n<strong>Regulaci\u00f3n del aire:<\/strong> Flujo de aire ajustable con precisi\u00f3n para preferencias personales<\/p>\n<h3 class=\"text-lg font-bold text-text-100 mt-1 -mb-1.5\">Descubre m\u00e1s VOZOL VAPE en vozolpuff<\/h3>\n<p class=\"whitespace-normal break-words\">Descubra m\u00e1s cigarrillos electr\u00f3nicos premium en nuestra <strong><a class=\"underline\" href=\"https:\/\/vozolpuff.de\/es\/\">P\u00e1gina de inicio<\/a><\/strong>Explore toda la <strong><a class=\"underline\" href=\"https:\/\/vozolpuff.de\/es\/product-category\/vozol-vape\/\">Colecci\u00f3n VOZOL VAPE<\/a><\/strong> o navegar por todos los <strong><a class=\"underline\" href=\"https:\/\/vozolpuff.de\/es\/product-category\/vozol-vape\/vozol-gear-shisha-25000\/\">Vozol Gear Shisha 25000 sabores<\/a><\/strong>.<\/p>","protected":false},"excerpt":{"rendered":"<p class=\"whitespace-normal break-words\">El vapeador desechable Vozol Gear Shisha 25000 Moscow Evenings captura la atm\u00f3sfera m\u00edstica de las noches fr\u00edas en una sofisticada composici\u00f3n de sabores. Hasta 25.000 caladas, bater\u00eda de 1000mAh, sistema de malla dual y pantalla de 2,1\u2033. Optimizado DTL para matices de sabor elegantes.<\/p>","protected":false},"featured_media":1299,"comment_status":"open","ping_status":"closed","template":"","meta":{"_acf_changed":false},"product_brand":[],"product_cat":[34],"product_tag":[],"class_list":{"0":"post-1297","1":"product","2":"type-product","3":"status-publish","4":"has-post-thumbnail","6":"product_cat-vozol-gear-shisha-25000","8":"first","9":"instock","10":"shipping-taxable","11":"purchasable","12":"product-type-variable"},"acf":[],"_links":{"self":[{"href":"https:\/\/vozolpuff.de\/es\/wp-json\/wp\/v2\/product\/1297","targetHints":{"allow":["GET"]}}],"collection":[{"href":"https:\/\/vozolpuff.de\/es\/wp-json\/wp\/v2\/product"}],"about":[{"href":"https:\/\/vozolpuff.de\/es\/wp-json\/wp\/v2\/types\/product"}],"replies":[{"embeddable":true,"href":"https:\/\/vozolpuff.de\/es\/wp-json\/wp\/v2\/comments?post=1297"}],"wp:featuredmedia":[{"embeddable":true,"href":"https:\/\/vozolpuff.de\/es\/wp-json\/wp\/v2\/media\/1299"}],"wp:attachment":[{"href":"https:\/\/vozolpuff.de\/es\/wp-json\/wp\/v2\/media?parent=1297"}],"wp:term":[{"taxonomy":"product_brand","embeddable":true,"href":"https:\/\/vozolpuff.de\/es\/wp-json\/wp\/v2\/product_brand?post=1297"},{"taxonomy":"product_cat","embeddable":true,"href":"https:\/\/vozolpuff.de\/es\/wp-json\/wp\/v2\/product_cat?post=1297"},{"taxonomy":"product_tag","embeddable":true,"href":"https:\/\/vozolpuff.de\/es\/wp-json\/wp\/v2\/product_tag?post=1297"}],"curies":[{"name":"wp","href":"https:\/\/api.w.org\/{rel}","templated":true}]}}