{"id":1302,"date":"2025-08-25T15:54:22","date_gmt":"2025-08-25T13:54:22","guid":{"rendered":"https:\/\/vozolpuff.de\/?post_type=product&#038;p=1302"},"modified":"2026-03-31T16:11:53","modified_gmt":"2026-03-31T14:11:53","slug":"vozol-gear-shisha-25000-maiden-killer","status":"publish","type":"product","link":"https:\/\/vozolpuff.de\/es\/producto\/vozol-gear-shisha-25000-maiden-killer\/","title":{"rendered":"Vozol Gear Shisha 25000 Maiden Killer"},"content":{"rendered":"<h2 class=\"text-xl font-bold text-text-100 mt-1 -mb-0.5\">Vapeador desechable Vozol Gear Shisha 25000 Maiden Killer<\/h2>\n<p class=\"whitespace-normal break-words\">La Vozol Gear Shisha 25000 Maiden Killer impresiona con su seductora combinaci\u00f3n de sabores y su irresistible dulzura. Con una impresionante autonom\u00eda de 25.000 caladas en el modo Eco, que ahorra recursos, experimentar\u00e1s un disfrute duradero sin concesiones. La innovadora tecnolog\u00eda de doble bobina de malla en el modo de potencia despliega intensas dimensiones de sabor y garantiza una densidad de vapor excepcional.<\/p>\n<p class=\"whitespace-normal break-words\">El sistema de canales de flujo optimizado fue desarrollado para los entusiastas del DTL y garantiza caladas suaves e inmediatas con una consistencia perfecta. La combinaci\u00f3n de una potente bater\u00eda de 1000 mAh, un generoso volumen de sabor de 24 ml y una moderna pantalla t\u00e1ctil de 2,1 pulgadas hacen de este dispositivo un compa\u00f1ero de vapeo indispensable.<\/p>\n<h3 class=\"text-lg font-bold text-text-100 mt-1 -mb-1.5\">Especificaciones de Vozol Gear Shisha 25000 Maiden Killer:<\/h3>\n<p class=\"whitespace-normal break-words\"><strong>Fuente de alimentaci\u00f3n:<\/strong> 1000 mAh para un rendimiento duradero<br \/>\n<strong>Variante ecol\u00f3gica:<\/strong> Hasta 25.000 trenes<br \/>\n<strong>Variante de potencia:<\/strong> Hasta 18.000 trenes<br \/>\n<strong>Nivel de nicotina:<\/strong> 5mg\/ml para un efecto satisfactorio<br \/>\n<strong>Modo vapor:<\/strong> DTL (Directo al Pulm\u00f3n) para nubes voluminosas<br \/>\n<strong>Serpentines de calefacci\u00f3n:<\/strong> Doble malla para una excelente transferencia del sabor<br \/>\n<strong>Funciones inteligentes:<\/strong> Notificaciones ac\u00fasticas para un funcionamiento inteligente<br \/>\n<strong>Visualizaci\u00f3n:<\/strong> Pantalla en color de 2,1 pulgadas para un control total<br \/>\n<strong>Caudal de aire:<\/strong> Ventilaci\u00f3n regulable para corrientes de aire personalizadas<\/p>\n<h3 class=\"text-lg font-bold text-text-100 mt-1 -mb-1.5\">Descubre m\u00e1s VOZOL VAPE en vozolpuff<\/h3>\n<p class=\"whitespace-normal break-words\">Descubra m\u00e1s cigarrillos electr\u00f3nicos premium en nuestra <strong><a class=\"underline\" href=\"https:\/\/vozolpuff.de\/es\/\">P\u00e1gina de inicio<\/a><\/strong>Explore toda la <strong><a class=\"underline\" href=\"https:\/\/vozolpuff.de\/es\/product-category\/vozol-vape\/\">Colecci\u00f3n VOZOL VAPE<\/a><\/strong> o navegar por todos los <strong><a class=\"underline\" href=\"https:\/\/vozolpuff.de\/es\/product-category\/vozol-vape\/vozol-gear-shisha-25000\/\">Vozol Gear Shisha 25000 sabores<\/a><\/strong>.<\/p>","protected":false},"excerpt":{"rendered":"<p class=\"whitespace-normal break-words\">El vapeador desechable Vozol Gear Shisha 25000 Maiden Killer impresiona por su seductora combinaci\u00f3n de sabores y su irresistible dulzor. Hasta 25.000 caladas, bater\u00eda de 1000mAh, tecnolog\u00eda de doble bobina de malla y pantalla de 2,1\u2033. Optimizado DTL para unas dimensiones de sabor intensas.<\/p>\n<p class=\"whitespace-normal break-words\">","protected":false},"featured_media":1304,"comment_status":"open","ping_status":"closed","template":"","meta":{"_acf_changed":false},"product_brand":[],"product_cat":[34],"product_tag":[],"class_list":{"0":"post-1302","1":"product","2":"type-product","3":"status-publish","4":"has-post-thumbnail","6":"product_cat-vozol-gear-shisha-25000","8":"first","9":"instock","10":"shipping-taxable","11":"purchasable","12":"product-type-variable"},"acf":[],"_links":{"self":[{"href":"https:\/\/vozolpuff.de\/es\/wp-json\/wp\/v2\/product\/1302","targetHints":{"allow":["GET"]}}],"collection":[{"href":"https:\/\/vozolpuff.de\/es\/wp-json\/wp\/v2\/product"}],"about":[{"href":"https:\/\/vozolpuff.de\/es\/wp-json\/wp\/v2\/types\/product"}],"replies":[{"embeddable":true,"href":"https:\/\/vozolpuff.de\/es\/wp-json\/wp\/v2\/comments?post=1302"}],"wp:featuredmedia":[{"embeddable":true,"href":"https:\/\/vozolpuff.de\/es\/wp-json\/wp\/v2\/media\/1304"}],"wp:attachment":[{"href":"https:\/\/vozolpuff.de\/es\/wp-json\/wp\/v2\/media?parent=1302"}],"wp:term":[{"taxonomy":"product_brand","embeddable":true,"href":"https:\/\/vozolpuff.de\/es\/wp-json\/wp\/v2\/product_brand?post=1302"},{"taxonomy":"product_cat","embeddable":true,"href":"https:\/\/vozolpuff.de\/es\/wp-json\/wp\/v2\/product_cat?post=1302"},{"taxonomy":"product_tag","embeddable":true,"href":"https:\/\/vozolpuff.de\/es\/wp-json\/wp\/v2\/product_tag?post=1302"}],"curies":[{"name":"wp","href":"https:\/\/api.w.org\/{rel}","templated":true}]}}