{"id":1307,"date":"2025-08-25T15:57:08","date_gmt":"2025-08-25T13:57:08","guid":{"rendered":"https:\/\/vozolpuff.de\/?post_type=product&#038;p=1307"},"modified":"2026-03-31T16:11:46","modified_gmt":"2026-03-31T14:11:46","slug":"vozol-gear-shisha-25000-cherry-ice","status":"publish","type":"product","link":"https:\/\/vozolpuff.de\/es\/producto\/vozol-gear-shisha-25000-cherry-ice\/","title":{"rendered":"Vozol Gear Shisha 25000 Cherry Ice"},"content":{"rendered":"<h2 class=\"text-xl font-bold text-text-100 mt-1 -mb-0.5\">Vapeador desechable Vozol Gear Shisha 25000 Cherry Ice<\/h2>\n<p class=\"whitespace-normal break-words\">Disfruta del equilibrio perfecto entre la dulce cereza y el refrescante frescor con la Vozol Gear Shisha 25000 Cherry Ice. Esta tentadora mezcla de sabores ofrece hasta 25.000 caladas de pura intensidad de sabor en el modo Eco de bajo consumo. El avanzado sistema de doble malla en el modo de potencia realza los sabores afrutados de la cereza y garantiza un agradable frescor en cada inhalaci\u00f3n.<\/p>\n<p class=\"whitespace-normal break-words\">La din\u00e1mica de flujo cient\u00edficamente desarrollada del sistema de aire est\u00e1 perfectamente dise\u00f1ada para los vapeadores DTL y ofrece caladas aterciopeladas y sin esfuerzo. Equipado con una unidad de almacenamiento de energ\u00eda de 1000 mAh de larga duraci\u00f3n, un gran dep\u00f3sito de e-l\u00edquido de 24 ml y una pantalla n\u00edtida de 2,1 pulgadas, este dispositivo premium combina durabilidad y funcionalidad.<\/p>\n<h3 class=\"text-lg font-bold text-text-100 mt-1 -mb-1.5\">Vozol Gear Shisha 25000 Cherry Ice Caracter\u00edsticas:<\/h3>\n<p class=\"whitespace-normal break-words\"><strong>sistema de bater\u00edas:<\/strong> 1000 mAh para un uso duradero<br \/>\n<strong>Funci\u00f3n ecol\u00f3gica:<\/strong> Hasta 25.000 trenes<br \/>\n<strong>Funci\u00f3n de potencia:<\/strong> Hasta 18.000 trenes<br \/>\n<strong>Contenido de nicotina:<\/strong> 5mg\/ml para \u00e9xitos satisfactorios<br \/>\n<strong>Tipo de vaporizaci\u00f3n:<\/strong> DTL (Direct To Lung) para un desarrollo de vapor impresionante<br \/>\n<strong>Configuraci\u00f3n de la bobina:<\/strong> Doble malla para aumentar el rendimiento del sabor<br \/>\n<strong>Elementos inteligentes:<\/strong> Interfaz de audio para una experiencia de usuario moderna<br \/>\n<strong>Tecnolog\u00eda de visualizaci\u00f3n:<\/strong> Pantalla en color de 2,1 pulgadas para un manejo sencillo<br \/>\n<strong>Sistema de flujo de aire:<\/strong> Volumen de aire ajustable para un disfrute personalizado<\/p>\n<h3 class=\"text-lg font-bold text-text-100 mt-1 -mb-1.5\">Descubre m\u00e1s VOZOL VAPE en vozolpuff<\/h3>\n<p class=\"whitespace-normal break-words\">Descubra m\u00e1s cigarrillos electr\u00f3nicos premium en nuestra <strong><a class=\"underline\" href=\"https:\/\/vozolpuff.de\/es\/\">P\u00e1gina de inicio<\/a><\/strong>Explore toda la <strong><a class=\"underline\" href=\"https:\/\/vozolpuff.de\/es\/product-category\/vozol-vape\/\">Colecci\u00f3n VOZOL VAPE<\/a><\/strong> o navegar por todos los <strong><a class=\"underline\" href=\"https:\/\/vozolpuff.de\/es\/product-category\/vozol-vape\/vozol-gear-shisha-25000\/\">Vozol Gear Shisha 25000 sabores<\/a><\/strong>.<\/p>","protected":false},"excerpt":{"rendered":"<p class=\"whitespace-normal break-words\">El vapeador desechable Vozol Gear Shisha 25000 Cherry Ice combina la dulce cereza con un refrescante frescor en perfecto equilibrio. Hasta 25.000 caladas, bater\u00eda de 1000mAh, sistema de malla dual y pantalla de 2,1\u2033. Optimizado DTL para una intensidad de sabor afrutado con un agradable frescor.<\/p>\n<p class=\"whitespace-normal break-words\">","protected":false},"featured_media":1309,"comment_status":"open","ping_status":"closed","template":"","meta":{"_acf_changed":false},"product_brand":[],"product_cat":[34],"product_tag":[],"class_list":{"0":"post-1307","1":"product","2":"type-product","3":"status-publish","4":"has-post-thumbnail","6":"product_cat-vozol-gear-shisha-25000","8":"first","9":"instock","10":"shipping-taxable","11":"purchasable","12":"product-type-variable"},"acf":[],"_links":{"self":[{"href":"https:\/\/vozolpuff.de\/es\/wp-json\/wp\/v2\/product\/1307","targetHints":{"allow":["GET"]}}],"collection":[{"href":"https:\/\/vozolpuff.de\/es\/wp-json\/wp\/v2\/product"}],"about":[{"href":"https:\/\/vozolpuff.de\/es\/wp-json\/wp\/v2\/types\/product"}],"replies":[{"embeddable":true,"href":"https:\/\/vozolpuff.de\/es\/wp-json\/wp\/v2\/comments?post=1307"}],"wp:featuredmedia":[{"embeddable":true,"href":"https:\/\/vozolpuff.de\/es\/wp-json\/wp\/v2\/media\/1309"}],"wp:attachment":[{"href":"https:\/\/vozolpuff.de\/es\/wp-json\/wp\/v2\/media?parent=1307"}],"wp:term":[{"taxonomy":"product_brand","embeddable":true,"href":"https:\/\/vozolpuff.de\/es\/wp-json\/wp\/v2\/product_brand?post=1307"},{"taxonomy":"product_cat","embeddable":true,"href":"https:\/\/vozolpuff.de\/es\/wp-json\/wp\/v2\/product_cat?post=1307"},{"taxonomy":"product_tag","embeddable":true,"href":"https:\/\/vozolpuff.de\/es\/wp-json\/wp\/v2\/product_tag?post=1307"}],"curies":[{"name":"wp","href":"https:\/\/api.w.org\/{rel}","templated":true}]}}