{"id":1312,"date":"2025-08-25T15:59:29","date_gmt":"2025-08-25T13:59:29","guid":{"rendered":"https:\/\/vozolpuff.de\/?post_type=product&#038;p=1312"},"modified":"2026-03-31T16:11:38","modified_gmt":"2026-03-31T14:11:38","slug":"vozol-gear-shisha-25000-berry-ice","status":"publish","type":"product","link":"https:\/\/vozolpuff.de\/es\/producto\/vozol-gear-shisha-25000-berry-ice\/","title":{"rendered":"Vozol Gear Shisha 25000 Berry Ice"},"content":{"rendered":"<h2 class=\"text-xl font-bold text-text-100 mt-1 -mb-0.5\">Vozol Gear Shisha 25000 Berry Ice Vape desechable<\/h2>\n<p class=\"whitespace-normal break-words\">La Vozol Gear Shisha 25000 Berry Ice combina el dulzor natural de las bayas mezcladas con un refrescante toque de frescor para disfrutar de una vaporizaci\u00f3n refrescante. Con hasta 25 000 caladas en el modo Eco, podr\u00e1s disfrutar de horas y horas de placer sin interrupciones. La revolucionaria tecnolog\u00eda Dual Mesh en modo Power intensifica las notas afrutadas de las bayas y le da a cada calada un agradable toque refrescante.<\/p>\n<p class=\"whitespace-normal break-words\">El sistema de flujo de aire calibrado con precisi\u00f3n ha sido dise\u00f1ado espec\u00edficamente para los entusiastas del vapeo DTL y garantiza inhalaciones suaves y potentes. La combinaci\u00f3n de una bater\u00eda robusta de 1000 mAh, un generoso dep\u00f3sito de l\u00edquido de 24 ml y una pantalla de alta resoluci\u00f3n de 2,1 pulgadas hace que este dispositivo sea la primera opci\u00f3n para los vapeadores exigentes.<\/p>\n<h3 class=\"text-lg font-bold text-text-100 mt-1 -mb-1.5\">Vozol Gear Shisha 25000 Berry Ice Caracter\u00edsticas:<\/h3>\n<p class=\"whitespace-normal break-words\"><strong>Fuente de energ\u00eda:<\/strong> 1000 mAh para sesiones prolongadas<br \/>\n<strong>Ajuste ecol\u00f3gico:<\/strong> Hasta 25.000 trenes<br \/>\n<strong>Ajuste de potencia:<\/strong> Hasta 18.000 trenes<br \/>\n<strong>Potencia de nicotina:<\/strong> 5mg\/ml para un efecto \u00f3ptimo<br \/>\n<strong>Estilo de inhalaci\u00f3n:<\/strong> DTL (directo al pulm\u00f3n) para la producci\u00f3n de grandes nubes<br \/>\n<strong>Dise\u00f1o del evaporador:<\/strong> Doble malla para la m\u00e1xima intensidad de sabor<br \/>\n<strong>Funciones interactivas:<\/strong> Retroalimentaci\u00f3n de audio para un manejo intuitivo<br \/>\n<strong>Unidad de visualizaci\u00f3n:<\/strong> Monitor en color de 2,1 pulgadas para una informaci\u00f3n completa<br \/>\n<strong>Regulaci\u00f3n de la ventilaci\u00f3n:<\/strong> Suministro de aire ajustable para adaptarse a las preferencias personales.<\/p>\n<h3 class=\"text-lg font-bold text-text-100 mt-1 -mb-1.5\">Descubre m\u00e1s VOZOL VAPE en vozolpuff<\/h3>\n<p class=\"whitespace-normal break-words\">Descubra m\u00e1s cigarrillos electr\u00f3nicos premium en nuestra <strong><a class=\"underline\" href=\"https:\/\/vozolpuff.de\/es\/\">P\u00e1gina de inicio<\/a><\/strong>Explore toda la <strong><a class=\"underline\" href=\"https:\/\/vozolpuff.de\/es\/product-category\/vozol-vape\/\">Colecci\u00f3n VOZOL VAPE<\/a><\/strong> o navegar por todos los <strong><a class=\"underline\" href=\"https:\/\/vozolpuff.de\/es\/product-category\/vozol-vape\/vozol-gear-shisha-25000\/\">Vozol Gear Shisha 25000 sabores<\/a><\/strong>.<\/p>","protected":false},"excerpt":{"rendered":"<p class=\"whitespace-normal break-words\">El vaporizador desechable Vozol Gear Shisha 25000 Berry Ice combina el dulzor natural de las bayas mezcladas con un refrescante toque fr\u00edo. Hasta 25 000 caladas, bater\u00eda de 1000 mAh, tecnolog\u00eda de doble malla y pantalla de 2,1 pulgadas. Optimizado para DTL para disfrutar de un vapor refrescante con intensidad afrutada.<\/p>","protected":false},"featured_media":1314,"comment_status":"open","ping_status":"closed","template":"","meta":{"_acf_changed":false},"product_brand":[],"product_cat":[34],"product_tag":[],"class_list":{"0":"post-1312","1":"product","2":"type-product","3":"status-publish","4":"has-post-thumbnail","6":"product_cat-vozol-gear-shisha-25000","8":"first","9":"instock","10":"shipping-taxable","11":"purchasable","12":"product-type-variable"},"acf":[],"_links":{"self":[{"href":"https:\/\/vozolpuff.de\/es\/wp-json\/wp\/v2\/product\/1312","targetHints":{"allow":["GET"]}}],"collection":[{"href":"https:\/\/vozolpuff.de\/es\/wp-json\/wp\/v2\/product"}],"about":[{"href":"https:\/\/vozolpuff.de\/es\/wp-json\/wp\/v2\/types\/product"}],"replies":[{"embeddable":true,"href":"https:\/\/vozolpuff.de\/es\/wp-json\/wp\/v2\/comments?post=1312"}],"wp:featuredmedia":[{"embeddable":true,"href":"https:\/\/vozolpuff.de\/es\/wp-json\/wp\/v2\/media\/1314"}],"wp:attachment":[{"href":"https:\/\/vozolpuff.de\/es\/wp-json\/wp\/v2\/media?parent=1312"}],"wp:term":[{"taxonomy":"product_brand","embeddable":true,"href":"https:\/\/vozolpuff.de\/es\/wp-json\/wp\/v2\/product_brand?post=1312"},{"taxonomy":"product_cat","embeddable":true,"href":"https:\/\/vozolpuff.de\/es\/wp-json\/wp\/v2\/product_cat?post=1312"},{"taxonomy":"product_tag","embeddable":true,"href":"https:\/\/vozolpuff.de\/es\/wp-json\/wp\/v2\/product_tag?post=1312"}],"curies":[{"name":"wp","href":"https:\/\/api.w.org\/{rel}","templated":true}]}}