{"id":1316,"date":"2025-08-25T16:01:50","date_gmt":"2025-08-25T14:01:50","guid":{"rendered":"https:\/\/vozolpuff.de\/?post_type=product&#038;p=1316"},"modified":"2026-03-31T16:11:31","modified_gmt":"2026-03-31T14:11:31","slug":"vozol-gear-shisha-25000-peach-ice","status":"publish","type":"product","link":"https:\/\/vozolpuff.de\/es\/producto\/vozol-gear-shisha-25000-peach-ice\/","title":{"rendered":"Vozol Gear Shisha 25000 Melocot\u00f3n Hielo"},"content":{"rendered":"<h2 class=\"text-xl font-bold text-text-100 mt-1 -mb-0.5\">Vapeador desechable Vozol Gear Shisha 25000 Peach Ice<\/h2>\n<p class=\"whitespace-normal break-words\">Experimenta la dulzura aterciopelada de los melocotones maduros junto con el frescor refrescante de la Vozol Gear Shisha 25000 Peach Ice. Esta tentadora combinaci\u00f3n de sabores ofrece unas impresionantes 25.000 caladas llenas de profundidad de sabor en el modo ecol\u00f3gico. El avanzado sistema de calentamiento de doble malla en modo Power realza los jugosos sabores a melocot\u00f3n y proporciona un agradable efecto refrescante.<\/p>\n<p class=\"whitespace-normal break-words\">La tecnolog\u00eda de flujo de aire aerodin\u00e1micamente optimizada fue dise\u00f1ada para los vapeadores DTL y permite caladas suaves e instant\u00e1neas con una consistencia perfecta. Con su potente sistema de bater\u00eda de 1000mAh, su voluminoso dep\u00f3sito de 24ml y su informativa pantalla a color de 2,1 pulgadas, este dispositivo premium establece nuevos est\u00e1ndares.<\/p>\n<h3 class=\"text-lg font-bold text-text-100 mt-1 -mb-1.5\">Vozol Gear Shisha 25000 Peach Ice Caracter\u00edsticas:<\/h3>\n<p class=\"whitespace-normal break-words\"><strong>Rendimiento de la bater\u00eda:<\/strong> 1000 mAh para un rendimiento duradero<br \/>\n<strong>Modo Eco:<\/strong> Hasta 25.000 trenes<br \/>\n<strong>Funcionamiento el\u00e9ctrico:<\/strong> Hasta 18.000 trenes<br \/>\n<strong>concentraci\u00f3n de nicotina:<\/strong> 5mg\/ml para una experiencia de vapeo satisfactoria<br \/>\n<strong>Modo vapor:<\/strong> DTL (Direct To Lung) para nubes de vapor voluminosas<br \/>\n<strong>Sistema de bobina:<\/strong> Doble malla para una mayor transferencia del sabor<br \/>\n<strong>Innovaci\u00f3n t\u00e9cnica:<\/strong> Integraci\u00f3n de audio para un funcionamiento moderno<br \/>\n<strong>Tecnolog\u00eda de pantalla:<\/strong> Pantalla en color de 2,1 pulgadas para una visualizaci\u00f3n detallada<br \/>\n<strong>Flujo de aire:<\/strong> Ventilaci\u00f3n ajustable con precisi\u00f3n para obtener corrientes de aire \u00f3ptimas<\/p>\n<h3 class=\"text-lg font-bold text-text-100 mt-1 -mb-1.5\">Descubre m\u00e1s VOZOL VAPE en vozolpuff<\/h3>\n<p class=\"whitespace-normal break-words\">Descubra m\u00e1s cigarrillos electr\u00f3nicos premium en nuestra <strong><a class=\"underline\" href=\"https:\/\/vozolpuff.de\/es\/\">P\u00e1gina de inicio<\/a><\/strong>Explore toda la <strong><a class=\"underline\" href=\"https:\/\/vozolpuff.de\/es\/product-category\/vozol-vape\/\">Colecci\u00f3n VOZOL VAPE<\/a><\/strong> o navegar por todos los <strong><a class=\"underline\" href=\"https:\/\/vozolpuff.de\/es\/product-category\/vozol-vape\/vozol-gear-shisha-25000\/\">Vozol Gear Shisha 25000 sabores<\/a><\/strong>.<\/p>","protected":false},"excerpt":{"rendered":"<p class=\"whitespace-normal break-words\">El vapeador desechable Vozol Gear Shisha 25000 Peach Ice combina el aterciopelado dulzor del melocot\u00f3n maduro con un refrescante frescor. Hasta 25.000 caladas, bater\u00eda de 1000mAh, sistema de calentamiento de doble malla y pantalla de 2,1\u2033. DTL optimizado para jugosas notas de melocot\u00f3n con efecto refrescante.<\/p>\n<p class=\"whitespace-normal break-words\">","protected":false},"featured_media":1319,"comment_status":"open","ping_status":"closed","template":"","meta":{"_acf_changed":false},"product_brand":[],"product_cat":[34],"product_tag":[],"class_list":{"0":"post-1316","1":"product","2":"type-product","3":"status-publish","4":"has-post-thumbnail","6":"product_cat-vozol-gear-shisha-25000","8":"first","9":"instock","10":"shipping-taxable","11":"purchasable","12":"product-type-variable"},"acf":[],"_links":{"self":[{"href":"https:\/\/vozolpuff.de\/es\/wp-json\/wp\/v2\/product\/1316","targetHints":{"allow":["GET"]}}],"collection":[{"href":"https:\/\/vozolpuff.de\/es\/wp-json\/wp\/v2\/product"}],"about":[{"href":"https:\/\/vozolpuff.de\/es\/wp-json\/wp\/v2\/types\/product"}],"replies":[{"embeddable":true,"href":"https:\/\/vozolpuff.de\/es\/wp-json\/wp\/v2\/comments?post=1316"}],"wp:featuredmedia":[{"embeddable":true,"href":"https:\/\/vozolpuff.de\/es\/wp-json\/wp\/v2\/media\/1319"}],"wp:attachment":[{"href":"https:\/\/vozolpuff.de\/es\/wp-json\/wp\/v2\/media?parent=1316"}],"wp:term":[{"taxonomy":"product_brand","embeddable":true,"href":"https:\/\/vozolpuff.de\/es\/wp-json\/wp\/v2\/product_brand?post=1316"},{"taxonomy":"product_cat","embeddable":true,"href":"https:\/\/vozolpuff.de\/es\/wp-json\/wp\/v2\/product_cat?post=1316"},{"taxonomy":"product_tag","embeddable":true,"href":"https:\/\/vozolpuff.de\/es\/wp-json\/wp\/v2\/product_tag?post=1316"}],"curies":[{"name":"wp","href":"https:\/\/api.w.org\/{rel}","templated":true}]}}