{"id":1322,"date":"2025-08-25T16:04:16","date_gmt":"2025-08-25T14:04:16","guid":{"rendered":"https:\/\/vozolpuff.de\/?post_type=product&#038;p=1322"},"modified":"2026-03-31T16:11:22","modified_gmt":"2026-03-31T14:11:22","slug":"vozol-gear-shisha-25000-strawberry-margarita","status":"publish","type":"product","link":"https:\/\/vozolpuff.de\/es\/producto\/vozol-gear-shisha-25000-strawberry-margarita\/","title":{"rendered":"Vozol Gear Shisha 25000 Fresa Margarita"},"content":{"rendered":"<h2 class=\"text-xl font-bold text-text-100 mt-1 -mb-0.5\">Vapeador desechable Vozol Gear Shisha 25000 Strawberry Margarita<\/h2>\n<p class=\"whitespace-normal break-words\">La Vozol Gear Shisha 25000 Strawberry Margarita te lleva a un mundo de sabores veraniegos de c\u00f3ctel con fresas dulces y refrescantes notas de margarita. En el modo ecol\u00f3gico de ahorro de recursos, puedes disfrutar de hasta 25.000 caladas de esta exquisita mezcla de sabores. La innovadora tecnolog\u00eda de doble bobina de malla en el modo de potencia despliega complejas capas de sabores y crea una aut\u00e9ntica experiencia de c\u00f3ctel.<\/p>\n<p class=\"whitespace-normal break-words\">El sistema de canales de aire aerodin\u00e1micamente perfeccionado est\u00e1 optimizado para los vapeadores DTL y garantiza unas inhalaciones sedosas y sin esfuerzo. Equipado con una fiable bater\u00eda de 1000 mAh, un generoso dep\u00f3sito de l\u00edquido de 24 ml y una pantalla de alta resoluci\u00f3n de 2,1 pulgadas, este dispositivo ofrece lo \u00faltimo en funcionalidad y estilo.<\/p>\n<h3 class=\"text-lg font-bold text-text-100 mt-1 -mb-1.5\">Vozol Gear Shisha 25000 Fresa Margarita Especificaciones:<\/h3>\n<p class=\"whitespace-normal break-words\"><strong>Fuente de alimentaci\u00f3n:<\/strong> 1000 mAh para un mayor tiempo de funcionamiento<br \/>\n<strong>Modo Eco:<\/strong> Hasta 25.000 trenes<br \/>\n<strong>Modo de alimentaci\u00f3n:<\/strong> Hasta 18.000 trenes<br \/>\n<strong>Contenido de nicotina:<\/strong> 5mg\/ml para un efecto satisfactorio<br \/>\n<strong>Tecnolog\u00eda de vapeo:<\/strong> DTL (Directo al Pulm\u00f3n) para una formaci\u00f3n de nubes impresionante<br \/>\n<strong>Tecnolog\u00eda de vaporizador:<\/strong> Doble malla para una excelente reproducci\u00f3n del sabor<br \/>\n<strong>Funciones inteligentes:<\/strong> Feedback sonoro para una interacci\u00f3n contempor\u00e1nea<br \/>\n<strong>Sistema de visualizaci\u00f3n:<\/strong> Monitor en color de 2,1 pulgadas para un control total<br \/>\n<strong>Control del flujo de aire:<\/strong> Suministro de aire variable para ajustes personalizados<\/p>\n<h3 class=\"text-lg font-bold text-text-100 mt-1 -mb-1.5\">Descubre m\u00e1s VOZOL VAPE en vozolpuff<\/h3>\n<p class=\"whitespace-normal break-words\">Descubra m\u00e1s cigarrillos electr\u00f3nicos premium en nuestra <strong><a class=\"underline\" href=\"https:\/\/vozolpuff.de\/es\/\">P\u00e1gina de inicio<\/a><\/strong>Explore toda la <strong><a class=\"underline\" href=\"https:\/\/vozolpuff.de\/es\/product-category\/vozol-vape\/\">Colecci\u00f3n VOZOL VAPE<\/a><\/strong> o navegar por todos los <strong><a class=\"underline\" href=\"https:\/\/vozolpuff.de\/es\/product-category\/vozol-vape\/vozol-gear-shisha-25000\/\">Vozol Gear Shisha 25000 sabores<\/a><\/strong>.<\/p>","protected":false},"excerpt":{"rendered":"<p class=\"whitespace-normal break-words\">El vapeador desechable Vozol Gear Shisha 25000 Strawberry Margarita te transporta a un ambiente de c\u00f3ctel veraniego con sabores dulces de fresa y margarita. Hasta 25.000 caladas, bater\u00eda de 1000mAh, tecnolog\u00eda dual mesh y pantalla de 2,1\u2033. Optimizado DTL para una aut\u00e9ntica experiencia de c\u00f3ctel.<\/p>\n<p class=\"whitespace-normal break-words\">","protected":false},"featured_media":1324,"comment_status":"open","ping_status":"closed","template":"","meta":{"_acf_changed":false},"product_brand":[],"product_cat":[34],"product_tag":[],"class_list":{"0":"post-1322","1":"product","2":"type-product","3":"status-publish","4":"has-post-thumbnail","6":"product_cat-vozol-gear-shisha-25000","8":"first","9":"instock","10":"shipping-taxable","11":"purchasable","12":"product-type-variable"},"acf":[],"_links":{"self":[{"href":"https:\/\/vozolpuff.de\/es\/wp-json\/wp\/v2\/product\/1322","targetHints":{"allow":["GET"]}}],"collection":[{"href":"https:\/\/vozolpuff.de\/es\/wp-json\/wp\/v2\/product"}],"about":[{"href":"https:\/\/vozolpuff.de\/es\/wp-json\/wp\/v2\/types\/product"}],"replies":[{"embeddable":true,"href":"https:\/\/vozolpuff.de\/es\/wp-json\/wp\/v2\/comments?post=1322"}],"wp:featuredmedia":[{"embeddable":true,"href":"https:\/\/vozolpuff.de\/es\/wp-json\/wp\/v2\/media\/1324"}],"wp:attachment":[{"href":"https:\/\/vozolpuff.de\/es\/wp-json\/wp\/v2\/media?parent=1322"}],"wp:term":[{"taxonomy":"product_brand","embeddable":true,"href":"https:\/\/vozolpuff.de\/es\/wp-json\/wp\/v2\/product_brand?post=1322"},{"taxonomy":"product_cat","embeddable":true,"href":"https:\/\/vozolpuff.de\/es\/wp-json\/wp\/v2\/product_cat?post=1322"},{"taxonomy":"product_tag","embeddable":true,"href":"https:\/\/vozolpuff.de\/es\/wp-json\/wp\/v2\/product_tag?post=1322"}],"curies":[{"name":"wp","href":"https:\/\/api.w.org\/{rel}","templated":true}]}}