{"id":1326,"date":"2025-08-25T16:06:34","date_gmt":"2025-08-25T14:06:34","guid":{"rendered":"https:\/\/vozolpuff.de\/?post_type=product&#038;p=1326"},"modified":"2026-03-31T16:11:15","modified_gmt":"2026-03-31T14:11:15","slug":"vozol-gear-shisha-25000-watermelon-mint","status":"publish","type":"product","link":"https:\/\/vozolpuff.de\/es\/producto\/vozol-gear-shisha-25000-watermelon-mint\/","title":{"rendered":"Vozol Gear Shisha 25000 Sand\u00eda Menta"},"content":{"rendered":"<h2 class=\"text-xl font-bold text-text-100 mt-1 -mb-0.5\">Vapeador desechable Vozol Gear Shisha 25000 Watermelon Mint<\/h2>\n<p class=\"whitespace-normal break-words\">Disfruta de la simbiosis perfecta de jugosa sand\u00eda y vigorizante menta con la Vozol Gear Shisha 25000 Watermelon Mint. Esta refrescante combinaci\u00f3n de sabores ofrece hasta 25.000 caladas de pura frescura veraniega en el modo Eco de bajo consumo. El avanzado sistema de doble malla en el modo de potencia realza los sabores afrutados de la sand\u00eda y proporciona notas refrescantes de menta en cada inhalaci\u00f3n.<\/p>\n<p class=\"whitespace-normal break-words\">La mec\u00e1nica de flujo cient\u00edficamente desarrollada del sistema de aire est\u00e1 especialmente dise\u00f1ada para los entusiastas del vapeo DTL y ofrece caladas suaves y potentes. Con su sistema de bater\u00eda de 1000 mAh de larga duraci\u00f3n, su voluminoso dep\u00f3sito de e-l\u00edquido de 24 ml y su n\u00edtida pantalla a color de 2,1 pulgadas, este dispositivo premium combina rendimiento y facilidad de uso.<\/p>\n<h3 class=\"text-lg font-bold text-text-100 mt-1 -mb-1.5\">Vozol Gear Shisha 25000 Sand\u00eda Menta Caracter\u00edsticas:<\/h3>\n<p class=\"whitespace-normal break-words\"><strong>Capacidad de la bater\u00eda:<\/strong> 1000 mAh para un uso duradero<br \/>\n<strong>Variante ecol\u00f3gica:<\/strong> Hasta 25.000 trenes<br \/>\n<strong>Variante de potencia:<\/strong> Hasta 18.000 trenes<br \/>\n<strong>Nivel de nicotina:<\/strong> 5mg\/ml para un golpe de garganta \u00f3ptimo<br \/>\n<strong>Modo vapor:<\/strong> DTL (Direct To Lung) para una m\u00e1xima producci\u00f3n de vapor<br \/>\n<strong>Bobina de calefacci\u00f3n:<\/strong> Doble malla para mejorar el desarrollo del sabor<br \/>\n<strong>Tecnolog\u00eda moderna:<\/strong> Interfaz de audio para uso inteligente<br \/>\n<strong>Tecnolog\u00eda de visualizaci\u00f3n:<\/strong> Pantalla en color de 2,1 pulgadas para un manejo sencillo<br \/>\n<strong>Regulaci\u00f3n del aire:<\/strong> Ventilaci\u00f3n ajustable seg\u00fan las preferencias individuales<\/p>\n<h3 class=\"text-lg font-bold text-text-100 mt-1 -mb-1.5\">Descubre m\u00e1s VOZOL VAPE en vozolpuff<\/h3>\n<p class=\"whitespace-normal break-words\">Descubra m\u00e1s cigarrillos electr\u00f3nicos premium en nuestra <strong><a class=\"underline\" href=\"https:\/\/vozolpuff.de\/es\/\">P\u00e1gina de inicio<\/a><\/strong>Explore toda la <strong><a class=\"underline\" href=\"https:\/\/vozolpuff.de\/es\/product-category\/vozol-vape\/\">Colecci\u00f3n VOZOL VAPE<\/a><\/strong> o navegar por todos los <strong><a class=\"underline\" href=\"https:\/\/vozolpuff.de\/es\/product-category\/vozol-vape\/vozol-gear-shisha-25000\/\">Vozol Gear Shisha 25000 sabores<\/a><\/strong>.<\/p>","protected":false},"excerpt":{"rendered":"<p class=\"whitespace-normal break-words\">El vapeador desechable Vozol Gear Shisha 25000 Watermelon Mint combina la jugosa sand\u00eda con la vigorizante menta en perfecta simbiosis. Hasta 25.000 caladas, bater\u00eda de 1000mAh, sistema de malla dual y pantalla de 2,1\u2033. Optimizado DTL para una refrescante frescura veraniega con refrescantes notas de menta.<\/p>","protected":false},"featured_media":1328,"comment_status":"open","ping_status":"closed","template":"","meta":{"_acf_changed":false},"product_brand":[],"product_cat":[34],"product_tag":[],"class_list":{"0":"post-1326","1":"product","2":"type-product","3":"status-publish","4":"has-post-thumbnail","6":"product_cat-vozol-gear-shisha-25000","8":"first","9":"instock","10":"shipping-taxable","11":"purchasable","12":"product-type-variable"},"acf":[],"_links":{"self":[{"href":"https:\/\/vozolpuff.de\/es\/wp-json\/wp\/v2\/product\/1326","targetHints":{"allow":["GET"]}}],"collection":[{"href":"https:\/\/vozolpuff.de\/es\/wp-json\/wp\/v2\/product"}],"about":[{"href":"https:\/\/vozolpuff.de\/es\/wp-json\/wp\/v2\/types\/product"}],"replies":[{"embeddable":true,"href":"https:\/\/vozolpuff.de\/es\/wp-json\/wp\/v2\/comments?post=1326"}],"wp:featuredmedia":[{"embeddable":true,"href":"https:\/\/vozolpuff.de\/es\/wp-json\/wp\/v2\/media\/1328"}],"wp:attachment":[{"href":"https:\/\/vozolpuff.de\/es\/wp-json\/wp\/v2\/media?parent=1326"}],"wp:term":[{"taxonomy":"product_brand","embeddable":true,"href":"https:\/\/vozolpuff.de\/es\/wp-json\/wp\/v2\/product_brand?post=1326"},{"taxonomy":"product_cat","embeddable":true,"href":"https:\/\/vozolpuff.de\/es\/wp-json\/wp\/v2\/product_cat?post=1326"},{"taxonomy":"product_tag","embeddable":true,"href":"https:\/\/vozolpuff.de\/es\/wp-json\/wp\/v2\/product_tag?post=1326"}],"curies":[{"name":"wp","href":"https:\/\/api.w.org\/{rel}","templated":true}]}}