{"id":1330,"date":"2025-08-25T16:08:58","date_gmt":"2025-08-25T14:08:58","guid":{"rendered":"https:\/\/vozolpuff.de\/?post_type=product&#038;p=1330"},"modified":"2026-03-31T16:11:08","modified_gmt":"2026-03-31T14:11:08","slug":"vozol-gear-shisha-25000-blackberry-ice","status":"publish","type":"product","link":"https:\/\/vozolpuff.de\/es\/producto\/vozol-gear-shisha-25000-blackberry-ice\/","title":{"rendered":"Vozol Gear Shisha 25000 Blackberry Ice"},"content":{"rendered":"<h2 class=\"text-xl font-bold text-text-100 mt-1 -mb-0.5\">Vaporizador desechable Vozol Gear Shisha 25000 Blackberry Ice<\/h2>\n<p class=\"whitespace-normal break-words\">La Vozol Gear Shisha 25000 Blackberry Ice combina la intensa dulzura de las moras oscuras con un refrescante frescor para una experiencia de vapor excepcional. Con una impresionante autonom\u00eda de 25.000 caladas en el econ\u00f3mico modo eco, experimentar\u00e1s un disfrute duradero sin compromisos. La revolucionaria tecnolog\u00eda de doble bobina de malla en el modo de potencia despliega los profundos sabores a mora y proporciona a cada calada un agradable efecto refrescante.<\/p>\n<p class=\"whitespace-normal break-words\">El sistema de flujo de aire desarrollado con precisi\u00f3n, con propiedades fluidodin\u00e1micas, est\u00e1 optimizado para los vapeadores DTL y permite inhalaciones suaves e inmediatas. La combinaci\u00f3n de una potente bater\u00eda de 1000 mAh, un generoso volumen de sabor de 24 ml y una moderna pantalla t\u00e1ctil de 2,1 pulgadas hacen de este dispositivo un compa\u00f1ero indispensable.<\/p>\n<h3 class=\"text-lg font-bold text-text-100 mt-1 -mb-1.5\">Vozol Gear Shisha 25000 Blackberry Ice Caracter\u00edsticas:<\/h3>\n<p class=\"whitespace-normal break-words\"><strong>Suministro de energ\u00eda:<\/strong> 1000 mAh para sesiones de larga duraci\u00f3n<br \/>\n<strong>Ajuste ecol\u00f3gico:<\/strong> Hasta 25.000 trenes<br \/>\n<strong>Ajuste de potencia:<\/strong> Hasta 18.000 trenes<br \/>\n<strong>Contenido de nicotina:<\/strong> 5mg\/ml para \u00e9xitos satisfactorios<br \/>\n<strong>Tipo inhalaci\u00f3n:<\/strong> DTL (Directo al Pulm\u00f3n) para nubes voluminosas<br \/>\n<strong>Configuraci\u00f3n de la bobina:<\/strong> Doble malla para una excelente transferencia del sabor<br \/>\n<strong>Caracter\u00edsticas inteligentes:<\/strong> Notificaciones ac\u00fasticas para un manejo intuitivo<br \/>\n<strong>Visualizaci\u00f3n:<\/strong> Pantalla en color de 2,1 pulgadas para una visi\u00f3n global<br \/>\n<strong>Caudal de aire:<\/strong> Suministro de aire ajustable para corrientes de aire personalizadas<\/p>\n<h3 class=\"text-lg font-bold text-text-100 mt-1 -mb-1.5\">Descubre m\u00e1s VOZOL VAPE en vozolpuff<\/h3>\n<p class=\"whitespace-normal break-words\">Descubra m\u00e1s cigarrillos electr\u00f3nicos premium en nuestra <strong><a class=\"underline\" href=\"https:\/\/vozolpuff.de\/es\/\">P\u00e1gina de inicio<\/a><\/strong>Explore toda la <strong><a class=\"underline\" href=\"https:\/\/vozolpuff.de\/es\/product-category\/vozol-vape\/\">Colecci\u00f3n VOZOL VAPE<\/a><\/strong> o navegar por todos los <strong><a class=\"underline\" href=\"https:\/\/vozolpuff.de\/es\/product-category\/vozol-vape\/vozol-gear-shisha-25000\/\">Vozol Gear Shisha 25000 sabores<\/a><\/strong>.<\/p>","protected":false},"excerpt":{"rendered":"<p class=\"whitespace-normal break-words\">El vapeador desechable Vozol Gear Shisha 25000 Blackberry Ice combina el intenso dulzor de las moras oscuras con un refrescante frescor. Hasta 25.000 caladas, bater\u00eda de 1000mAh, tecnolog\u00eda de doble bobina de malla y pantalla de 2,1\u2033. Optimizado DTL para una experiencia de vapeo excepcional con un efecto refrescante.<\/p>\n<p class=\"whitespace-normal break-words\">","protected":false},"featured_media":1332,"comment_status":"open","ping_status":"closed","template":"","meta":{"_acf_changed":false},"product_brand":[],"product_cat":[34],"product_tag":[],"class_list":{"0":"post-1330","1":"product","2":"type-product","3":"status-publish","4":"has-post-thumbnail","6":"product_cat-vozol-gear-shisha-25000","8":"first","9":"instock","10":"shipping-taxable","11":"purchasable","12":"product-type-variable"},"acf":[],"_links":{"self":[{"href":"https:\/\/vozolpuff.de\/es\/wp-json\/wp\/v2\/product\/1330","targetHints":{"allow":["GET"]}}],"collection":[{"href":"https:\/\/vozolpuff.de\/es\/wp-json\/wp\/v2\/product"}],"about":[{"href":"https:\/\/vozolpuff.de\/es\/wp-json\/wp\/v2\/types\/product"}],"replies":[{"embeddable":true,"href":"https:\/\/vozolpuff.de\/es\/wp-json\/wp\/v2\/comments?post=1330"}],"wp:featuredmedia":[{"embeddable":true,"href":"https:\/\/vozolpuff.de\/es\/wp-json\/wp\/v2\/media\/1332"}],"wp:attachment":[{"href":"https:\/\/vozolpuff.de\/es\/wp-json\/wp\/v2\/media?parent=1330"}],"wp:term":[{"taxonomy":"product_brand","embeddable":true,"href":"https:\/\/vozolpuff.de\/es\/wp-json\/wp\/v2\/product_brand?post=1330"},{"taxonomy":"product_cat","embeddable":true,"href":"https:\/\/vozolpuff.de\/es\/wp-json\/wp\/v2\/product_cat?post=1330"},{"taxonomy":"product_tag","embeddable":true,"href":"https:\/\/vozolpuff.de\/es\/wp-json\/wp\/v2\/product_tag?post=1330"}],"curies":[{"name":"wp","href":"https:\/\/api.w.org\/{rel}","templated":true}]}}