{"id":1334,"date":"2025-08-25T16:15:37","date_gmt":"2025-08-25T14:15:37","guid":{"rendered":"https:\/\/vozolpuff.de\/?post_type=product&#038;p=1334"},"modified":"2026-03-31T16:11:01","modified_gmt":"2026-03-31T14:11:01","slug":"vozol-gear-shisha-25000-sweet-passion-fruit","status":"publish","type":"product","link":"https:\/\/vozolpuff.de\/es\/producto\/vozol-gear-shisha-25000-sweet-passion-fruit\/","title":{"rendered":"Vozol Gear Hookah 25000 Fruta de la Pasi\u00f3n Dulce"},"content":{"rendered":"<h2 class=\"text-xl font-bold text-text-100 mt-1 -mb-0.5\">Vaporizador desechable Vozol Gear Shisha 25000 Sweet Passion Fruit<\/h2>\n<p class=\"whitespace-normal break-words\">Sum\u00e9rgete en sabores tropicales con la Vozol Gear Shisha 25000 Sweet Passion Fruit. Esta ex\u00f3tica combinaci\u00f3n de sabores captura la intensa dulzura de la fruta de la pasi\u00f3n madura y ofrece hasta 25.000 caladas de pura intensidad tropical en el ecol\u00f3gico modo Eco. El sofisticado sistema de calefacci\u00f3n de doble malla en el modo de potencia realza los complejos sabores frutales y proporciona una aut\u00e9ntica experiencia paradis\u00edaca tropical.<\/p>\n<p class=\"whitespace-normal break-words\">El flujo de aire optimizado aerodin\u00e1micamente se ha dise\u00f1ado especialmente para los exigentes vapeadores DTL y garantiza unas caladas suaves y potentes. Con su fiable almacenamiento de energ\u00eda de 1000 mAh, el voluminoso dep\u00f3sito de l\u00edquido de 24 ml y la informativa pantalla a color de 2,1 pulgadas, este dispositivo premium establece nuevos est\u00e1ndares en t\u00e9rminos de comodidad y rendimiento.<\/p>\n<h3 class=\"text-lg font-bold text-text-100 mt-1 -mb-1.5\">Vozol Gear Shisha 25000 Sweet Passion Fruit Caracter\u00edsticas:<\/h3>\n<p class=\"whitespace-normal break-words\"><strong>Sistema de bater\u00edas:<\/strong> 1000 mAh para un rendimiento duradero<br \/>\n<strong>Funci\u00f3n ecol\u00f3gica:<\/strong> Hasta 25.000 trenes<br \/>\n<strong>Funci\u00f3n de potencia:<\/strong> Hasta 18.000 trenes<br \/>\n<strong>concentraci\u00f3n de nicotina:<\/strong> 5mg\/ml para una experiencia de vapor satisfactoria<br \/>\n<strong>Tecnolog\u00eda de vapor:<\/strong> DTL (Direct To Lung) para un desarrollo de vapor impresionante<br \/>\n<strong>Dise\u00f1o de la bobina:<\/strong> Doble malla para un mayor rendimiento del sabor<br \/>\n<strong>Sofisticaci\u00f3n t\u00e9cnica:<\/strong> Integraci\u00f3n de audio para una experiencia de usuario moderna<br \/>\n<strong>Tecnolog\u00eda de pantalla:<\/strong> Pantalla en color de 2,1 pulgadas para obtener informaci\u00f3n detallada<br \/>\n<strong>Sistema de ventilaci\u00f3n:<\/strong> Volumen de aire ajustable para un disfrute personalizado<\/p>","protected":false},"excerpt":{"rendered":"<p class=\"whitespace-normal break-words\">El vapeador desechable Vozol Gear Shisha 25000 Sweet Passion Fruit captura la intensa dulzura de la fruta de la pasi\u00f3n madura en sabores tropicales. Hasta 25.000 caladas, bater\u00eda de 1000mAh, sistema de calentamiento de doble malla y pantalla de 2,1\u2033. Optimizado DTL para una aut\u00e9ntica experiencia en el para\u00edso tropical.<\/p>","protected":false},"featured_media":1337,"comment_status":"open","ping_status":"closed","template":"","meta":{"_acf_changed":false},"product_brand":[],"product_cat":[34],"product_tag":[],"class_list":{"0":"post-1334","1":"product","2":"type-product","3":"status-publish","4":"has-post-thumbnail","6":"product_cat-vozol-gear-shisha-25000","8":"first","9":"instock","10":"shipping-taxable","11":"purchasable","12":"product-type-variable"},"acf":[],"_links":{"self":[{"href":"https:\/\/vozolpuff.de\/es\/wp-json\/wp\/v2\/product\/1334","targetHints":{"allow":["GET"]}}],"collection":[{"href":"https:\/\/vozolpuff.de\/es\/wp-json\/wp\/v2\/product"}],"about":[{"href":"https:\/\/vozolpuff.de\/es\/wp-json\/wp\/v2\/types\/product"}],"replies":[{"embeddable":true,"href":"https:\/\/vozolpuff.de\/es\/wp-json\/wp\/v2\/comments?post=1334"}],"wp:featuredmedia":[{"embeddable":true,"href":"https:\/\/vozolpuff.de\/es\/wp-json\/wp\/v2\/media\/1337"}],"wp:attachment":[{"href":"https:\/\/vozolpuff.de\/es\/wp-json\/wp\/v2\/media?parent=1334"}],"wp:term":[{"taxonomy":"product_brand","embeddable":true,"href":"https:\/\/vozolpuff.de\/es\/wp-json\/wp\/v2\/product_brand?post=1334"},{"taxonomy":"product_cat","embeddable":true,"href":"https:\/\/vozolpuff.de\/es\/wp-json\/wp\/v2\/product_cat?post=1334"},{"taxonomy":"product_tag","embeddable":true,"href":"https:\/\/vozolpuff.de\/es\/wp-json\/wp\/v2\/product_tag?post=1334"}],"curies":[{"name":"wp","href":"https:\/\/api.w.org\/{rel}","templated":true}]}}