{"id":2127,"date":"2025-08-28T16:28:02","date_gmt":"2025-08-28T14:28:02","guid":{"rendered":"https:\/\/vozolpuff.de\/?post_type=product&#038;p=2127"},"modified":"2025-08-28T16:28:02","modified_gmt":"2025-08-28T14:28:02","slug":"randm-tornado-15000-red-energy-ice","status":"publish","type":"product","link":"https:\/\/vozolpuff.de\/es\/producto\/randm-tornado-15000-red-energy-ice\/","title":{"rendered":"RandM Tornado 15000 Red Energy Ice"},"content":{"rendered":"<h2 class=\"text-xl font-bold text-text-100 mt-1 -mb-0.5\">RandM Tornado 15000 Red Energy Ice Einweg-E-Zigarette<\/h2>\n<p class=\"whitespace-normal break-words\">Erleben Sie pure Energie in gek\u00fchlter Form mit der RandM Tornado 15000 Red Energy Ice. Diese dynamische E-Zigarette f\u00e4ngt den charakteristischen Geschmack beliebter Energy-Drinks ein und kombiniert ihn mit einer erfrischenden Menthol-Note.<\/p>\n<h3 class=\"text-lg font-bold text-text-100 mt-1 -mb-1.5\">Premium Ger\u00e4teeigenschaften<\/h3>\n<ul class=\"[&amp;:not(:last-child)_ul]:pb-1 [&amp;:not(:last-child)_ol]:pb-1 list-disc space-y-1.5 pl-7\">\n<li class=\"whitespace-normal break-words\"><strong>Nikotinspektrum:<\/strong> Vollst\u00e4ndige Range: 0%, 2%, 3%, 5% Nikotinsalz<\/li>\n<li class=\"whitespace-normal break-words\"><strong>Liquidinhalt:<\/strong> Substanzielle 25ml Energy-Ice Mischung<\/li>\n<li class=\"whitespace-normal break-words\"><strong>Coil-Technologie:<\/strong> Fortschrittliche Mesh-Coil f\u00fcr intensive Aromen<\/li>\n<li class=\"whitespace-normal break-words\"><strong>Energiespeicher:<\/strong> Verl\u00e4sslicher 850mAh Akku mit Ladef\u00e4higkeit<\/li>\n<li class=\"whitespace-normal break-words\"><strong>Anzeigentechnik:<\/strong> Innovatives LED-Display f\u00fcr alle Parameter<\/li>\n<li class=\"whitespace-normal break-words\"><strong>Nutzungsumfang:<\/strong> Spektakul\u00e4re 15.000 Z\u00fcge Energy-Power<\/li>\n<\/ul>\n<h3 class=\"text-lg font-bold text-text-100 mt-1 -mb-1.5\">Mehr FUMOT VAPE bei vozolpuff entdecken<\/h3>\n<p class=\"whitespace-normal break-words\">Entdecken Sie unser komplettes Angebot auf <strong><a class=\"underline\" href=\"https:\/\/vozolpuff.de\">vozolpuff.de<\/a><\/strong>, erforschen Sie hochwertige Alternativen in der <strong><a class=\"underline\" href=\"https:\/\/vozolpuff.de\/product-category\/fumot-vape\/\">FUMOT VAPE Sparte<\/a><\/strong> oder finden Sie weitere belebende Geschm\u00e4cker in der <strong><a class=\"underline\" href=\"https:\/\/vozolpuff.de\/product-category\/fumot-vape\/randm-tornado-15000\/\">RandM Tornado 15000 Serie<\/a><\/strong>.<\/p>\n","protected":false},"excerpt":{"rendered":"<p>El vapeador desechable RandM Tornado 15000 Red Energy Ice combina un caracter\u00edstico sabor a bebida energ\u00e9tica con una refrescante nota mentolada. 15.000 caladas, tanque de 25ml, bobina de malla y bater\u00eda de 850mAh con pantalla LED. Pura energ\u00eda.<\/p>","protected":false},"featured_media":2130,"comment_status":"open","ping_status":"closed","template":"","meta":{"_acf_changed":false},"product_brand":[],"product_cat":[44],"product_tag":[],"class_list":{"0":"post-2127","1":"product","2":"type-product","3":"status-publish","4":"has-post-thumbnail","6":"product_cat-randm-tornado-15000","8":"first","9":"instock","10":"shipping-taxable","11":"purchasable","12":"product-type-variable"},"acf":[],"_links":{"self":[{"href":"https:\/\/vozolpuff.de\/es\/wp-json\/wp\/v2\/product\/2127","targetHints":{"allow":["GET"]}}],"collection":[{"href":"https:\/\/vozolpuff.de\/es\/wp-json\/wp\/v2\/product"}],"about":[{"href":"https:\/\/vozolpuff.de\/es\/wp-json\/wp\/v2\/types\/product"}],"replies":[{"embeddable":true,"href":"https:\/\/vozolpuff.de\/es\/wp-json\/wp\/v2\/comments?post=2127"}],"wp:featuredmedia":[{"embeddable":true,"href":"https:\/\/vozolpuff.de\/es\/wp-json\/wp\/v2\/media\/2130"}],"wp:attachment":[{"href":"https:\/\/vozolpuff.de\/es\/wp-json\/wp\/v2\/media?parent=2127"}],"wp:term":[{"taxonomy":"product_brand","embeddable":true,"href":"https:\/\/vozolpuff.de\/es\/wp-json\/wp\/v2\/product_brand?post=2127"},{"taxonomy":"product_cat","embeddable":true,"href":"https:\/\/vozolpuff.de\/es\/wp-json\/wp\/v2\/product_cat?post=2127"},{"taxonomy":"product_tag","embeddable":true,"href":"https:\/\/vozolpuff.de\/es\/wp-json\/wp\/v2\/product_tag?post=2127"}],"curies":[{"name":"wp","href":"https:\/\/api.w.org\/{rel}","templated":true}]}}