{"id":2167,"date":"2025-08-28T16:55:01","date_gmt":"2025-08-28T14:55:01","guid":{"rendered":"https:\/\/vozolpuff.de\/?post_type=product&#038;p=2167"},"modified":"2025-08-28T16:56:15","modified_gmt":"2025-08-28T14:56:15","slug":"randm-tornado-15000-peach-mango","status":"publish","type":"product","link":"https:\/\/vozolpuff.de\/es\/producto\/randm-tornado-15000-peach-mango\/","title":{"rendered":"RandM Tornado 15000 Melocot\u00f3n Mango"},"content":{"rendered":"<h2 class=\"text-xl font-bold text-text-100 mt-1 -mb-0.5\">RandM Tornado 15000 Vape Desechable Melocot\u00f3n Mango<\/h2>\n<p class=\"whitespace-normal break-words\">Experimenta la perfecta armon\u00eda de melocotones dulces y mangos ex\u00f3ticos con el RandM Tornado 15000 Peach Mango. Este cigarrillo electr\u00f3nico desechable de alta calidad ofrece hasta 15.000 caladas agradables con un generoso dep\u00f3sito de e-l\u00edquido de 25 ml. Disponible en diferentes niveles de nicotina (0%, 2%, 3%, 5%) para un placer individual.<\/p>\n<h3 class=\"text-lg font-bold text-text-100 mt-1 -mb-1.5\">Aspectos t\u00e9cnicos destacados de la variante Peach Mango:<\/h3>\n<p class=\"whitespace-normal break-words\"><strong>Bater\u00eda de larga duraci\u00f3n de 850 mAh:<\/strong> La bater\u00eda de alta capacidad garantiza un rendimiento fiable durante toda la vida \u00fatil y asegura una producci\u00f3n de vapor constante hasta la \u00faltima calada.<\/p>\n<p class=\"whitespace-normal break-words\"><strong>Dep\u00f3sito de gran volumen de 25 ML:<\/strong> El dep\u00f3sito de e-l\u00edquido ampliado ofrece capacidad suficiente para disfrutar del vapor durante mucho tiempo sin interrupciones frecuentes.<\/p>\n<p class=\"whitespace-normal break-words\"><strong>Bobina de malla de precisi\u00f3n 0,90\u03a9:<\/strong> La innovadora tecnolog\u00eda de malla garantiza un desarrollo \u00f3ptimo del sabor y una distribuci\u00f3n uniforme del calor para obtener sabores intensos a melocot\u00f3n y mango.<\/p>\n<p class=\"whitespace-normal break-words\"><strong>Carga r\u00e1pida Tipo-C:<\/strong> La tecnolog\u00eda de carga m\u00e1s avanzada permite un suministro eficiente de energ\u00eda y minimiza los tiempos de espera.<\/p>\n<p class=\"whitespace-normal break-words\"><strong>Unos impresionantes 15.000 trenes:<\/strong> M\u00e1ximo rendimiento para una satisfacci\u00f3n a largo plazo sin comprometer la calidad ni la intensidad del sabor.<\/p>\n<p class=\"whitespace-normal break-words\"><strong>Iluminaci\u00f3n RGB din\u00e1mica:<\/strong> Los elegantes efectos luminosos realzan el dise\u00f1o de alta calidad y act\u00faan como un pr\u00e1ctico indicador de estado.<\/p>\n<h3 class=\"text-lg font-bold text-text-100 mt-1 -mb-1.5\">Descubre m\u00e1s FUMOT VAPE en vozolpuff<\/h3>\n<p class=\"whitespace-normal break-words\">Descubra m\u00e1s productos de vapor de primera clase en nuestro <strong><a class=\"underline\" href=\"https:\/\/vozolpuff.de\/es\/\">Surtido principal<\/a><\/strong>Explore toda la <strong><a class=\"underline\" href=\"https:\/\/vozolpuff.de\/es\/product-category\/fumot-vape\/\">Colecci\u00f3n FUMOT VAPE<\/a><\/strong> o navegar por todos los <strong><a class=\"underline\" href=\"https:\/\/vozolpuff.de\/es\/product-category\/fumot-vape\/randm-tornado-15000\/\">RandM Tornado 15000 sabores<\/a><\/strong> para una experiencia de vapor perfecta.<\/p>","protected":false},"excerpt":{"rendered":"<p>El vapeador desechable RandM Tornado 15000 Peach Mango ofrece la armon\u00eda perfecta entre melocotones dulces y mangos ex\u00f3ticos. 15.000 caladas, tanque de 25ml, bobina de malla de 0,90\u03a9 y bater\u00eda de 850mAh con carga Type-C. Incluye iluminaci\u00f3n RGB.<\/p>","protected":false},"featured_media":2170,"comment_status":"open","ping_status":"closed","template":"","meta":{"_acf_changed":false},"product_brand":[],"product_cat":[44],"product_tag":[],"class_list":{"0":"post-2167","1":"product","2":"type-product","3":"status-publish","4":"has-post-thumbnail","6":"product_cat-randm-tornado-15000","8":"first","9":"instock","10":"shipping-taxable","11":"purchasable","12":"product-type-variable"},"acf":[],"_links":{"self":[{"href":"https:\/\/vozolpuff.de\/es\/wp-json\/wp\/v2\/product\/2167","targetHints":{"allow":["GET"]}}],"collection":[{"href":"https:\/\/vozolpuff.de\/es\/wp-json\/wp\/v2\/product"}],"about":[{"href":"https:\/\/vozolpuff.de\/es\/wp-json\/wp\/v2\/types\/product"}],"replies":[{"embeddable":true,"href":"https:\/\/vozolpuff.de\/es\/wp-json\/wp\/v2\/comments?post=2167"}],"wp:featuredmedia":[{"embeddable":true,"href":"https:\/\/vozolpuff.de\/es\/wp-json\/wp\/v2\/media\/2170"}],"wp:attachment":[{"href":"https:\/\/vozolpuff.de\/es\/wp-json\/wp\/v2\/media?parent=2167"}],"wp:term":[{"taxonomy":"product_brand","embeddable":true,"href":"https:\/\/vozolpuff.de\/es\/wp-json\/wp\/v2\/product_brand?post=2167"},{"taxonomy":"product_cat","embeddable":true,"href":"https:\/\/vozolpuff.de\/es\/wp-json\/wp\/v2\/product_cat?post=2167"},{"taxonomy":"product_tag","embeddable":true,"href":"https:\/\/vozolpuff.de\/es\/wp-json\/wp\/v2\/product_tag?post=2167"}],"curies":[{"name":"wp","href":"https:\/\/api.w.org\/{rel}","templated":true}]}}